{"id":3640,"date":"2018-09-17T13:01:51","date_gmt":"2018-09-17T11:01:51","guid":{"rendered":"https:\/\/minesup.gov.cm\/?page_id=3640"},"modified":"2018-10-24T12:06:37","modified_gmt":"2018-10-24T10:06:37","slug":"institut-superieur-des-sciences-et-technologies-la-sapience","status":"publish","type":"page","link":"https:\/\/www.minesup.gov.cm\/index.php\/centre\/institut-superieur-des-sciences-et-technologies-la-sapience\/","title":{"rendered":"Institut Sup\u00e9rieur des Sciences et Technologies la Sapience"},"content":{"rendered":"<p style=\"text-align: center;\"><strong>INFORMATIONS D\u2019IDENTIFICATION<\/strong><\/p>\n<p><strong>Nom de l\u2019institution\u00a0<\/strong>: Institut Sup\u00e9rieur des Sciences et Technologies la Sapience<br \/>\n<strong>Nom du promoteur<\/strong>\u00a0: NDOYE FOE \u00e9pouse BELINGA EBOUTOU Florentine Marie Chantal<br \/>\n<strong>R\u00e9gion\u00a0<\/strong>: Centre<br \/>\n<strong>D\u00e9partement\u00a0<\/strong>:<br \/>\n<strong>Arrondissement\u00a0<\/strong>:<br \/>\n<strong>Site de localisation\u00a0<\/strong>:<br \/>\n<strong>Adresse postale<\/strong>\u00a0: BP. 1999 Yaound\u00e9<br \/>\n<strong>T\u00e9l\u00e9phone\u00a0<\/strong>:\u00a0+237 695022 461\/677 701 980<br \/>\n<strong>Email<\/strong>\u00a0:<br \/>\n<strong>Site web<\/strong>\u00a0:<br \/>\n<strong>Adresse dans les r\u00e9seaux sociaux\u00a0<\/strong>:<\/p>\n<p style=\"text-align: center;\"><strong>INFORMATIONS SUR LE STATUT D\u2019<\/strong><b>ACCR\u00c9DITATION<\/b><\/p>\n<p style=\"text-align: justify;\"><strong>Arr\u00eat\u00e9(s) portant autorisation provisoire pour la cr\u00e9ation et l&rsquo;ouverture d&rsquo;une IPES :<\/strong> <a href=\"\/IPES\/Sapience.pdf\">n\u00b0 18-06481\/L\/MINESUP\/SG\/DDES\/ESUP\/SDA\/OPC du 03 ao\u00fbt 2018<\/a>.<br \/>\n<strong>Arr\u00eat\u00e9(s) portant changement de statut de fonctionnement (agr\u00e9ment\/homologation) <\/strong>:<\/p>\n","protected":false},"excerpt":{"rendered":"<p>&#46;&#46;&#46;<\/p>\n","protected":false},"author":2,"featured_media":0,"parent":1728,"menu_order":0,"comment_status":"closed","ping_status":"closed","template":"","meta":[],"_links":{"self":[{"href":"https:\/\/www.minesup.gov.cm\/index.php\/wp-json\/wp\/v2\/pages\/3640"}],"collection":[{"href":"https:\/\/www.minesup.gov.cm\/index.php\/wp-json\/wp\/v2\/pages"}],"about":[{"href":"https:\/\/www.minesup.gov.cm\/index.php\/wp-json\/wp\/v2\/types\/page"}],"author":[{"embeddable":true,"href":"https:\/\/www.minesup.gov.cm\/index.php\/wp-json\/wp\/v2\/users\/2"}],"replies":[{"embeddable":true,"href":"https:\/\/www.minesup.gov.cm\/index.php\/wp-json\/wp\/v2\/comments?post=3640"}],"version-history":[{"count":0,"href":"https:\/\/www.minesup.gov.cm\/index.php\/wp-json\/wp\/v2\/pages\/3640\/revisions"}],"up":[{"embeddable":true,"href":"https:\/\/www.minesup.gov.cm\/index.php\/wp-json\/wp\/v2\/pages\/1728"}],"wp:attachment":[{"href":"https:\/\/www.minesup.gov.cm\/index.php\/wp-json\/wp\/v2\/media?parent=3640"}],"curies":[{"name":"wp","href":"https:\/\/api.w.org\/{rel}","templated":true}]}}