{"id":3644,"date":"2018-09-17T13:24:31","date_gmt":"2018-09-17T11:24:31","guid":{"rendered":"https:\/\/minesup.gov.cm\/?page_id=3644"},"modified":"2018-10-24T12:07:53","modified_gmt":"2018-10-24T10:07:53","slug":"institut-superieur-africain-des-technologies-de-linformation-et-de-la-connaissance-isatic","status":"publish","type":"page","link":"https:\/\/www.minesup.gov.cm\/index.php\/region-du-littoral\/institut-superieur-africain-des-technologies-de-linformation-et-de-la-connaissance-isatic\/","title":{"rendered":"Institut Sup\u00e9rieur Africain des Technologies de l&rsquo;Information et de la Connaissance (ISATIC)"},"content":{"rendered":"<p style=\"text-align: center;\"><strong>INFORMATIONS D\u2019IDENTIFICATION<\/strong><\/p>\n<p style=\"text-align: justify;\"><strong>Nom de l\u2019institution\u00a0<\/strong>: Institut Sup\u00e9rieur Africain des Technologies de l&rsquo;Information et de la Connaissance (ISATIC)<br \/>\n<strong>Nom du promoteur<\/strong>\u00a0: YOYO MOUTOME Jean-Gervais; AYANGMA AMANG Protais<br \/>\n<strong>R\u00e9gion\u00a0<\/strong>: Littoral<br \/>\n<strong>D\u00e9partement\u00a0<\/strong>:<br \/>\n<strong>Arrondissement\u00a0<\/strong>:<br \/>\n<strong>Site de localisation\u00a0<\/strong>: Douala<br \/>\n<strong>Adresse postale<\/strong>\u00a0: BP : 18480 \/685<br \/>\n<strong>T\u00e9l\u00e9phone\u00a0<\/strong>:\u00a0+237 691 530591 \/699965866<br \/>\n<strong>Email<\/strong>\u00a0:<br \/>\n<strong>Site web<\/strong>\u00a0:<br \/>\n<strong>Adresse dans les r\u00e9seaux sociaux\u00a0<\/strong>:<\/p>\n<p style=\"text-align: center;\"><strong>INFORMATIONS SUR LE STATUT D\u2019<\/strong><b>ACCR\u00c9DITATION<\/b><\/p>\n<p style=\"text-align: justify;\"><strong>Arr\u00eat\u00e9(s) portant autorisation provisoire pour la cr\u00e9ation et l&rsquo;ouverture :<\/strong><a href=\"\/IPES\/ISATIC.pdf\"> n\u00b0 18-06483\/L\/MINESUP\/SG\/DDES\/SDA\/OAGS du 03 ao\u00fbt 2018.<\/a><br \/>\n<strong>Arr\u00eat\u00e9(s) portant changement de statut de fonctionnement (agr\u00e9ment\/homologation) <\/strong>:<\/p>\n","protected":false},"excerpt":{"rendered":"<p>&#46;&#46;&#46;<\/p>\n","protected":false},"author":2,"featured_media":0,"parent":1743,"menu_order":0,"comment_status":"closed","ping_status":"closed","template":"","meta":[],"_links":{"self":[{"href":"https:\/\/www.minesup.gov.cm\/index.php\/wp-json\/wp\/v2\/pages\/3644"}],"collection":[{"href":"https:\/\/www.minesup.gov.cm\/index.php\/wp-json\/wp\/v2\/pages"}],"about":[{"href":"https:\/\/www.minesup.gov.cm\/index.php\/wp-json\/wp\/v2\/types\/page"}],"author":[{"embeddable":true,"href":"https:\/\/www.minesup.gov.cm\/index.php\/wp-json\/wp\/v2\/users\/2"}],"replies":[{"embeddable":true,"href":"https:\/\/www.minesup.gov.cm\/index.php\/wp-json\/wp\/v2\/comments?post=3644"}],"version-history":[{"count":0,"href":"https:\/\/www.minesup.gov.cm\/index.php\/wp-json\/wp\/v2\/pages\/3644\/revisions"}],"up":[{"embeddable":true,"href":"https:\/\/www.minesup.gov.cm\/index.php\/wp-json\/wp\/v2\/pages\/1743"}],"wp:attachment":[{"href":"https:\/\/www.minesup.gov.cm\/index.php\/wp-json\/wp\/v2\/media?parent=3644"}],"curies":[{"name":"wp","href":"https:\/\/api.w.org\/{rel}","templated":true}]}}