{"id":410,"date":"2017-03-09T12:47:07","date_gmt":"2017-03-09T11:47:07","guid":{"rendered":"https:\/\/minesup.gov.cm\/?page_id=410"},"modified":"2018-03-23T13:49:15","modified_gmt":"2018-03-23T12:49:15","slug":"accueil","status":"publish","type":"page","link":"https:\/\/www.minesup.gov.cm\/index.php\/accueil\/","title":{"rendered":"Accueil"},"content":{"rendered":"<ol>\n<li style=\"text-align: justify;\">Centre International des Etudes Polytechniques d\u2019Obala<\/li>\n<li style=\"text-align: justify;\">Citec Higher Institute of Technology and Management (ICTU)<\/li>\n<li style=\"text-align: justify;\">Ecole Sup Pr\u00e9pa<\/li>\n<li style=\"text-align: justify;\">Ecole Sup\u00e9rieure de Commerce et de Gestion des Entreprises (SUP de CO)<\/li>\n<li style=\"text-align: justify;\">Ecole Sup\u00e9rieure de Commerce et de Gestion de Yaound\u00e9 (ESCGY)<\/li>\n<li style=\"text-align: justify;\">Ecole Sup\u00e9rieure des Sciences de la Finance, de l\u2019Assurance et des Risques de Yaound\u00e9 (ESSFAR)<\/li>\n<li style=\"text-align: justify;\"><a href=\"https:\/\/minesup.gov.cm\/index.php\/2015\/03\/21\/ecole-superieure-speciale-darchitecture-du-cameroun-essaca\/\" target=\"_blank\">Ecole Sup\u00e9rieure Sp\u00e9ciale d\u2019Architecture du Cameroun (ESSACA)<\/a><\/li>\n<li style=\"text-align: justify;\">Higher Institute of Management and Entrepreneurship (HIME)<\/li>\n<li style=\"text-align: justify;\">Information and Communication Technology University Institute<\/li>\n<li style=\"text-align: justify;\">Institut AGENLA Academy<\/li>\n<li style=\"text-align: justify;\">Institut Catholique de Yaound\u00e9<\/li>\n<li style=\"text-align: justify;\">Institut de Management et de Marketing Sup\u00e9rieur de Commerce (I2M Sup de Co Cameroun)<\/li>\n<li style=\"text-align: justify;\">Institut des Beaux-Arts CHEIKH ANTA DIOP<\/li>\n<li style=\"text-align: justify;\">Institut des Sciences Economiques et Informatiques de Gestion (ISEIG)<\/li>\n<li style=\"text-align: justify;\">Institut MBASSI Sup\u00e9rieur<\/li>\n<li style=\"text-align: justify;\">Institut Saint Jean<\/li>\n<li style=\"text-align: justify;\">Institut Sup\u00e9rieur Azimut de Commerce, de Technologie et de Sant\u00e9<\/li>\n<li style=\"text-align: justify;\">Institut Sup\u00e9rieur d\u2019Agriculture et de Gestion<\/li>\n<li style=\"text-align: justify;\">Institut Sup\u00e9rieur d\u2019Enseignement Manag\u00e9rial et Technologique<\/li>\n<li style=\"text-align: justify;\">Institut Sup\u00e9rieur d\u2019Etudes Scientifiques, Technologiques et Manag\u00e9riales (ISESTMA)<\/li>\n<li style=\"text-align: justify;\">Institut Sup\u00e9rieur de Chimie et de Gestion<\/li>\n<li style=\"text-align: justify;\">Institut Sup\u00e9rieur de Formation aux M\u00e9tiers de T\u00e9l\u00e9communications, de l\u2019Innovation Technologique, de Commerce et de Gestion (IFTIC-SUP)<\/li>\n<li style=\"text-align: justify;\">Institut Sup\u00e9rieur de Gestion et d\u2019H\u00f4tellerie (ISGHO)<\/li>\n<li style=\"text-align: justify;\">Institut Sup\u00e9rieur de l\u2019Emergence (ISE)<\/li>\n<li style=\"text-align: justify;\">Institut Sup\u00e9rieur de Management et des Sciences Appliqu\u00e9es (ISMASA)<\/li>\n<li style=\"text-align: justify;\">Institut Sup\u00e9rieur de Management et des Technologies Industrielles (ISMTI)<\/li>\n<li style=\"text-align: justify;\">Institut Sup\u00e9rieur de Management International (ISMI)<\/li>\n<li style=\"text-align: justify;\">Institut Sup\u00e9rieur de P\u00e9trochimie et d\u2019Ing\u00e9nierie Math\u00e9matique (ISPIM)<\/li>\n<li style=\"text-align: justify;\">Institut Sup\u00e9rieur de Technologie Appliqu\u00e9e et de Gestion (ISTAG).<\/li>\n<li style=\"text-align: justify;\">Institut Sup\u00e9rieur de Technologie le Bon Berger<\/li>\n<li style=\"text-align: justify;\">Institut Sup\u00e9rieur de Technologie M\u00e9dicale de Nkolodom<\/li>\n<li style=\"text-align: justify;\">Institut Sup\u00e9rieur de Traduction, d\u2019Interpr\u00e9tariat et de Communication (ISTIC)<\/li>\n<li style=\"text-align: justify;\">Institut Sup\u00e9rieur des Affaires (ISA)<\/li>\n<li style=\"text-align: justify;\">Institut Sup\u00e9rieur des m\u00e9tiers Notre Dame<\/li>\n<li style=\"text-align: justify;\">Institut Sup\u00e9rieur des Professions de Sant\u00e9 (ISPS)<\/li>\n<li style=\"text-align: justify;\">Institut Sup\u00e9rieur des Sciences Agronomiques, de l\u2019Environnement et de l\u2019Entrepreneuriat Rural (ISSAEER)<\/li>\n<li style=\"text-align: justify;\">Institut Sup\u00e9rieur des Sciences Biologiques et Appliqu\u00e9es (ISSBA)<\/li>\n<li style=\"text-align: justify;\">Institut Sup\u00e9rieur des Sciences de l\u2019Education (ISSED)<\/li>\n<li style=\"text-align: justify;\">Institut Sup\u00e9rieur des Sciences de l\u2019Entreprise (ISSE)<\/li>\n<li style=\"text-align: justify;\">Institut Sup\u00e9rieur des Sciences et de Management (I2SM)<\/li>\n<li style=\"text-align: justify;\">Institut Sup\u00e9rieur des Sciences et des Technologies Sainte Maria<\/li>\n<li style=\"text-align: justify;\">Institut Sup\u00e9rieur des Sciences et Techniques de Yaound\u00e9 (ISSTY)<\/li>\n<li style=\"text-align: justify;\">Institut Sup\u00e9rieur des Sciences et Technologies de la Sant\u00e9 (ISSTS)<\/li>\n<li style=\"text-align: justify;\">Institut Sup\u00e9rieur des Sciences Sociales et Appliqu\u00e9es (I3SA)<\/li>\n<li style=\"text-align: justify;\">Institut Sup\u00e9rieur des Sciences, Arts et M\u00e9tiers (ISSAM)<\/li>\n<li style=\"text-align: justify;\">Institut Sup\u00e9rieur des Techniques Agricoles d\u2019Ombessa<\/li>\n<li style=\"text-align: justify;\">Institut Sup\u00e9rieur des Technologies et de l\u2019Innovation<\/li>\n<li style=\"text-align: justify;\">Institut Sup\u00e9rieur du Personnel M\u00e9dico- Sanitaire (ISPM)<\/li>\n<li style=\"text-align: justify;\">Institut Sup\u00e9rieur Hintel<\/li>\n<li style=\"text-align: justify;\">Institut Sup\u00e9rieur Jimit (ISJ)<\/li>\n<li style=\"text-align: justify;\">Institut Sup\u00e9rieur la Rosi\u00e8re<\/li>\n<li style=\"text-align: justify;\">Institut Sup\u00e9rieur Lead (ISL)<\/li>\n<li style=\"text-align: justify;\">Institut Sup\u00e9rieur Maritime et de Gestion (ISUMAG)<\/li>\n<li style=\"text-align: justify;\">Institut Sup\u00e9rieur Matamfen (ISMAT)<\/li>\n<li style=\"text-align: justify;\">Institut Sup\u00e9rieur Nyong et Sanaga (ISNS)<\/li>\n<li style=\"text-align: justify;\">Institut Sup\u00e9rieur Polytechnique<\/li>\n<li style=\"text-align: justify;\">Institut Sup\u00e9rieur Polytechnique les Armandins (ISPA)<\/li>\n<li style=\"text-align: justify;\">Institut Sup\u00e9rieur Professionnel (ISP)<\/li>\n<li style=\"text-align: justify;\">Institut Sup\u00e9rieur Royal Deumaga (ISRD)<\/li>\n<li style=\"text-align: justify;\">Institut Sup\u00e9rieur Saint Jean-Paul II (ISJP)<\/li>\n<li style=\"text-align: justify;\">Institut Sup\u00e9rieur Simon de Cyr\u00e8ne (ISSC)<\/li>\n<li style=\"text-align: justify;\">Institut Sup\u00e9rieur Technologique<\/li>\n<li style=\"text-align: justify;\">Institut Universitaire Agricole de Management des M\u00e9tiers de la Production<\/li>\n<li style=\"text-align: justify;\">Institut universitaire Bengono Tour\u00e9<\/li>\n<li style=\"text-align: justify;\">Institut Universitaire Catholique Sainte Th\u00e9r\u00e8se de Yaound\u00e9 (INUCASTY)<\/li>\n<li style=\"text-align: justify;\">Institut Universitaire d\u2019Eseka (IUE)<\/li>\n<li style=\"text-align: justify;\">Institut Universitaire des Sciences et de Management (IUSM)<\/li>\n<li style=\"text-align: justify;\">Institut Universitaire des Sciences P\u00e9troli\u00e8res et de Magement (IUSPM)<\/li>\n<li style=\"text-align: justify;\">Institut Universitaire des Sciences, des Technologies et de l\u2019Ethique (IUSTE).<\/li>\n<li style=\"text-align: justify;\">Institut Universitaire International<\/li>\n<li style=\"text-align: justify;\">Institut Universitaire J. NDI SAMBA<\/li>\n<li style=\"text-align: justify;\">Institut Universitaire LA VISION<\/li>\n<li style=\"text-align: justify;\">Institut Universitaire Protestant de Yaound\u00e9<\/li>\n<li style=\"text-align: justify;\">Institut Universitaire SIANTOU<\/li>\n<li style=\"text-align: justify;\">International Bilingual Academy Yaound\u00e9 (IBAY-SUP)<\/li>\n<li style=\"text-align: justify;\">PK FOKAM Higher Institute<\/li>\n<li style=\"text-align: justify;\">Pr\u00e9pa Vogt<\/li>\n<li style=\"text-align: justify;\">Universit\u00e9 Adventiste Cosendai<\/li>\n<li style=\"text-align: justify;\">Yaounde School of Economics and Management (YSEM)<\/li>\n<\/ol>\n","protected":false},"excerpt":{"rendered":"<p>&#46;&#46;&#46;<\/p>\n","protected":false},"author":2,"featured_media":0,"parent":0,"menu_order":20,"comment_status":"closed","ping_status":"closed","template":"template-slider.php","meta":[],"_links":{"self":[{"href":"https:\/\/www.minesup.gov.cm\/index.php\/wp-json\/wp\/v2\/pages\/410"}],"collection":[{"href":"https:\/\/www.minesup.gov.cm\/index.php\/wp-json\/wp\/v2\/pages"}],"about":[{"href":"https:\/\/www.minesup.gov.cm\/index.php\/wp-json\/wp\/v2\/types\/page"}],"author":[{"embeddable":true,"href":"https:\/\/www.minesup.gov.cm\/index.php\/wp-json\/wp\/v2\/users\/2"}],"replies":[{"embeddable":true,"href":"https:\/\/www.minesup.gov.cm\/index.php\/wp-json\/wp\/v2\/comments?post=410"}],"version-history":[{"count":0,"href":"https:\/\/www.minesup.gov.cm\/index.php\/wp-json\/wp\/v2\/pages\/410\/revisions"}],"wp:attachment":[{"href":"https:\/\/www.minesup.gov.cm\/index.php\/wp-json\/wp\/v2\/media?parent=410"}],"curies":[{"name":"wp","href":"https:\/\/api.w.org\/{rel}","templated":true}]}}