{"id":4142,"date":"2018-10-30T12:08:50","date_gmt":"2018-10-30T11:08:50","guid":{"rendered":"https:\/\/minesup.gov.cm\/?page_id=4142"},"modified":"2018-10-30T12:08:50","modified_gmt":"2018-10-30T11:08:50","slug":"ecole-sup-prepa","status":"publish","type":"page","link":"https:\/\/www.minesup.gov.cm\/index.php\/ecole-sup-prepa\/","title":{"rendered":"\u00c9cole Sup Pr\u00e9pa"},"content":{"rendered":"<p style=\"text-align: center;\"><strong>INFORMATIONS D\u2019IDENTIFICATION<\/strong><\/p>\n<p><strong>Nom de l\u2019institution\u00a0<\/strong>: \u00c9cole Sup Pr\u00e9pa<br \/>\n<strong>Nom du promoteur<\/strong>\u00a0: BODO Bertrand<br \/>\n<strong>R\u00e9gion\u00a0<\/strong>: Centre<br \/>\n<strong>D\u00e9partement\u00a0<\/strong>:<br \/>\n<strong>Arrondissement\u00a0<\/strong>:<br \/>\n<strong>Site de localisation\u00a0<\/strong>: Yaound\u00e9 (Nkolfoulou)<br \/>\n<strong>Adresse postale<\/strong>\u00a0:<br \/>\n<strong>B.P\u00a0: <\/strong>\u00a0812<br \/>\n<strong>T\u00e9l\u00e9phone\u00a0<\/strong>:\u00a0+237 699 59 80 70<br \/>\n<strong>Email<\/strong>\u00a0:<br \/>\n<strong>Site web<\/strong>\u00a0:<br \/>\n<strong>Adresse dans les r\u00e9seaux sociaux\u00a0<\/strong>:<\/p>\n<p style=\"text-align: center;\"><strong>INFORMATIONS SUR LE STATUT D\u2019ACCR\u00c9DITATION<\/strong><\/p>\n<p><strong>Arr\u00eat\u00e9s portant cr\u00e9ation <\/strong>: N\u00b012\/0647\/MINESUP\/SG\/DDES\/ du 23 novembre 2012<br \/>\n<strong>Autorisation d\u2019ouverture<\/strong>\u00a0: N\u00b014\/07012\/N\/MINESUP\/ DDES\/ESUP\/SDA\/OPC du 07 octobre 2014<\/p>\n<p style=\"text-align: center;\"><strong>FILI\u00c8RES, SP\u00c9CIALIT\u00c9S ET DIPLOMES AUTORIS\u00c9ES<\/strong><\/p>\n<p><strong>Passage en 3\u00e8me ann\u00e9e d\u2019\u00e9tudes sup\u00e9rieures (1\u00e8re ann\u00e9e d\u2019Ing\u00e9nieur) \u00e0 : l\u2019ESIMI, DIEM (Universit\u00e9 de Bourgogne) et \u00e0 ENSGSI (Universit\u00e9 de Lorraine).<\/strong><br \/>\nCycle Pr\u00e9paratoire Int\u00e9gr\u00e9 de deux (02) ans en Math\u00e9matiques, Physiques et Sciences de l\u2019Ing\u00e9nieur (MPSI)<\/p>\n","protected":false},"excerpt":{"rendered":"<p>&#46;&#46;&#46;<\/p>\n","protected":false},"author":2,"featured_media":0,"parent":0,"menu_order":0,"comment_status":"closed","ping_status":"closed","template":"","meta":[],"_links":{"self":[{"href":"https:\/\/www.minesup.gov.cm\/index.php\/wp-json\/wp\/v2\/pages\/4142"}],"collection":[{"href":"https:\/\/www.minesup.gov.cm\/index.php\/wp-json\/wp\/v2\/pages"}],"about":[{"href":"https:\/\/www.minesup.gov.cm\/index.php\/wp-json\/wp\/v2\/types\/page"}],"author":[{"embeddable":true,"href":"https:\/\/www.minesup.gov.cm\/index.php\/wp-json\/wp\/v2\/users\/2"}],"replies":[{"embeddable":true,"href":"https:\/\/www.minesup.gov.cm\/index.php\/wp-json\/wp\/v2\/comments?post=4142"}],"version-history":[{"count":0,"href":"https:\/\/www.minesup.gov.cm\/index.php\/wp-json\/wp\/v2\/pages\/4142\/revisions"}],"wp:attachment":[{"href":"https:\/\/www.minesup.gov.cm\/index.php\/wp-json\/wp\/v2\/media?parent=4142"}],"curies":[{"name":"wp","href":"https:\/\/api.w.org\/{rel}","templated":true}]}}