{"id":4149,"date":"2018-10-30T13:10:55","date_gmt":"2018-10-30T12:10:55","guid":{"rendered":"https:\/\/minesup.gov.cm\/?page_id=4149"},"modified":"2018-10-30T13:10:55","modified_gmt":"2018-10-30T12:10:55","slug":"ecole-superieure-de-commerce-et-de-gestion-de-yaounde-esgy","status":"publish","type":"page","link":"https:\/\/www.minesup.gov.cm\/index.php\/centre\/ecole-superieure-de-commerce-et-de-gestion-de-yaounde-esgy\/","title":{"rendered":"Ecole Sup\u00e9rieure  de Commerce et de Gestion de Yaound\u00e9 (ESGY)"},"content":{"rendered":"<p style=\"text-align: center;\"><strong>INFORMATIONS D\u2019IDENTIFICATION<\/strong><\/p>\n<p style=\"text-align: justify;\"><strong>Nom de l\u2019institution\u00a0<\/strong>: Ecole Sup\u00e9rieure\u00a0 de Commerce et de Gestion de Yaound\u00e9 (ESGY)<br \/>\n<strong>Nom du promoteur<\/strong>\u00a0: TOMMO MONTHE<br \/>\n<strong>R\u00e9gion\u00a0<\/strong>: Centre<br \/>\n<strong>D\u00e9partement\u00a0<\/strong>:<br \/>\n<strong>Arrondissement\u00a0<\/strong>:<br \/>\n<strong>Site de localisation\u00a0<\/strong>: Yaound\u00e9 (Nkoleton)<br \/>\n<strong>Adresse postale<\/strong>\u00a0:<br \/>\n<strong>B.P\u00a0: <\/strong>\u00a011151<br \/>\n<strong>T\u00e9l\u00e9phone\u00a0<\/strong>:\u00a0+237 \u00a0222\u00a0219\u00a0292 \/ 651\u00a0443 055<br \/>\n<strong>Email<\/strong>\u00a0:<br \/>\n<strong>Site web<\/strong>\u00a0:<br \/>\n<strong>Adresse dans les r\u00e9seaux sociaux\u00a0<\/strong>:<\/p>\n<p style=\"text-align: center;\"><strong>INFORMATIONS SUR LE STATUT D\u2019ACCR\u00c9DITATION<\/strong><\/p>\n<p style=\"text-align: justify;\"><strong>Arr\u00eat\u00e9s portant cr\u00e9ation <\/strong>: N\u00b016\/03298\/L\/MINESUP\/DDES\/ESUP\/SDA\/OPC du 08 avril 2016<br \/>\n<strong>Autorisation d\u2019ouverture<\/strong>\u00a0: N\u00b016\/03298\/L\/MINESUP\/DDES\/ESUP\/SDA\/OPC du 08 avril 2016<\/p>\n<p style=\"text-align: center;\"><strong>FILI\u00c8RES, SP\u00c9CIALIT\u00c9S ET DIPLOMES AUTORIS\u00c9ES<\/strong><\/p>\n<p style=\"text-align: justify;\"><strong>BTS <\/strong><br \/>\nFili\u00e8re : Commerciale et de Gestion<br \/>\nSp\u00e9cialit\u00e9s : Comptabilit\u00e9 et Gestion des Entreprises &#8211; Banque &#8211; Commerce International &#8211; Action Commerciale.<\/p>\n<p style=\"text-align: justify;\"><strong>DSEP<\/strong><br \/>\nFili\u00e8re 1 : Marketing, Commerce et Vente<br \/>\nFili\u00e8re 2 : Finance et Comptabilit\u00e9<br \/>\nFili\u00e8re 3 : Gestion des Entreprises et Organisations<br \/>\nSp\u00e9cialit\u00e9 : Gestion des Ressources Humaines.<\/p>\n<p style=\"text-align: justify;\"><strong>Bachelor de l\u2019Institut Sup\u00e9rieur des Sciences Techniques et Economie Commerciales (ISTEC) en France<\/strong><br \/>\nFili\u00e8re 1 : Business<br \/>\nFili\u00e8re 2 : Digital and Communication<br \/>\nFili\u00e8re 3 : International Logistic and Transport<br \/>\nFili\u00e8re 4 : Marketing, Commerce et Vente<br \/>\nFili\u00e8re 5 : Banque, Contr\u00f4le et Audit<br \/>\nFili\u00e8re 6 : Gestion des Ressources Humaines<br \/>\nFili\u00e8re 7 : Management des Op\u00e9rations du Commerce International<\/p>\n<p style=\"text-align: justify;\"><strong>MBA de l\u2019Institut Sup\u00e9rieur des Sciences Techniques et Economie Commerciales (ISTEC) en France<\/strong><br \/>\nFili\u00e8re 1 : Management des Projets Associatifs<br \/>\nFili\u00e8re 2 : Marketing<br \/>\nSp\u00e9cialit\u00e9s : Marketing International du Luxe &#8211; Marketing Ev\u00e9nementiel et Communication &#8211; Marketing Op\u00e9rationnel du Digital &#8211; Marketing Business to Business &#8211; Marketing et Management des Achats &#8211; Marketing International Business Negociation &#8211; Marketing Finance et D\u00e9veloppement de l\u2019Entreprise &#8211; Marketing Logistique &#8211; Marketing R\u00e9f\u00e9rencement Web et R\u00e9seaux Sociaux &#8211; Marketing Tourisme, Culture et Art de vivre &#8211; Marketing du Sport &#8211; Marketing Design et Cr\u00e9ation de Valeur &#8211; Marketing des Services &#8211; Marketing Finance d\u2019Entreprise.<br \/>\nFili\u00e8re 3 : Finance, Contr\u00f4le et Audit<br \/>\nSp\u00e9cialit\u00e9s : Contr\u00f4le de Gestion et Audit &#8211; Finance International.<br \/>\nFili\u00e8re 4 : Banque et Finance<br \/>\nFili\u00e8re 5 : Banque et Fiscalit\u00e9<br \/>\nFili\u00e8re 6 : Management Logistique et Strat\u00e9gie<br \/>\nFili\u00e8re 7 : Gestion des Ressources Humaines<br \/>\nSp\u00e9cialit\u00e9s : Gestion des Ressources Humaines et Op\u00e9rations \u2013 Gestion des Comp\u00e9tences.<\/p>\n","protected":false},"excerpt":{"rendered":"<p>&#46;&#46;&#46;<\/p>\n","protected":false},"author":2,"featured_media":0,"parent":1728,"menu_order":0,"comment_status":"closed","ping_status":"closed","template":"","meta":[],"_links":{"self":[{"href":"https:\/\/www.minesup.gov.cm\/index.php\/wp-json\/wp\/v2\/pages\/4149"}],"collection":[{"href":"https:\/\/www.minesup.gov.cm\/index.php\/wp-json\/wp\/v2\/pages"}],"about":[{"href":"https:\/\/www.minesup.gov.cm\/index.php\/wp-json\/wp\/v2\/types\/page"}],"author":[{"embeddable":true,"href":"https:\/\/www.minesup.gov.cm\/index.php\/wp-json\/wp\/v2\/users\/2"}],"replies":[{"embeddable":true,"href":"https:\/\/www.minesup.gov.cm\/index.php\/wp-json\/wp\/v2\/comments?post=4149"}],"version-history":[{"count":0,"href":"https:\/\/www.minesup.gov.cm\/index.php\/wp-json\/wp\/v2\/pages\/4149\/revisions"}],"up":[{"embeddable":true,"href":"https:\/\/www.minesup.gov.cm\/index.php\/wp-json\/wp\/v2\/pages\/1728"}],"wp:attachment":[{"href":"https:\/\/www.minesup.gov.cm\/index.php\/wp-json\/wp\/v2\/media?parent=4149"}],"curies":[{"name":"wp","href":"https:\/\/api.w.org\/{rel}","templated":true}]}}