{"id":4618,"date":"2018-12-19T17:29:31","date_gmt":"2018-12-19T16:29:31","guid":{"rendered":"https:\/\/minesup.gov.cm\/?page_id=4618"},"modified":"2018-12-19T17:30:35","modified_gmt":"2018-12-19T16:30:35","slug":"ecole-superieure-des-sciences-de-la-finance-de-lassurance-et-des-risques-de-yaounde-essfar","status":"publish","type":"page","link":"https:\/\/www.minesup.gov.cm\/index.php\/centre\/ecole-superieure-des-sciences-de-la-finance-de-lassurance-et-des-risques-de-yaounde-essfar\/","title":{"rendered":"Ecole Sup\u00e9rieure des Sciences de la Finance, de l\u2019Assurance et des Risques de Yaound\u00e9 (ESSFAR)"},"content":{"rendered":"<p style=\"text-align: center;\"><strong>INFORMATIONS D\u2019IDENTIFICATION<\/strong><\/p>\n<p style=\"text-align: justify;\"><strong>Nom de l\u2019institution\u00a0<\/strong>: Ecole Sup\u00e9rieure des Sciences de la Finance, de l\u2019Assurance et des Risques de Yaound\u00e9 (ESSFAR)<br \/>\n<strong>Nom du promoteur<\/strong>\u00a0: SEUMEN TONOU Patrick<br \/>\n<strong>R\u00e9gion\u00a0<\/strong>: Centre<br \/>\n<strong>D\u00e9partement\u00a0<\/strong>:<br \/>\n<strong>Arrondissement\u00a0<\/strong>:<br \/>\n<strong>Site de localisation\u00a0<\/strong>: Yaound\u00e9 (Febe-Village)<br \/>\n<strong>Adresse postale<\/strong>\u00a0:<br \/>\n<strong>B.P\u00a0:\u00a0 <\/strong>4323<br \/>\n<strong>T\u00e9l\u00e9phone\u00a0:<\/strong>\u00a0+237 693\u00a0447 019<br \/>\n<strong>Email<\/strong>\u00a0:<br \/>\n<strong>Site web<\/strong>\u00a0:<br \/>\n<strong>Adresse dans les r\u00e9seaux sociaux\u00a0<\/strong>:<\/p>\n<p style=\"text-align: center;\"><strong>INFORMATIONS SUR LE STATUT D\u2019ACCR\u00c9DITATION<\/strong><\/p>\n<p style=\"text-align: justify;\"><strong>Arr\u00eat\u00e9s portant cr\u00e9ation <\/strong>: N\u00b017-08298\/L\/MINESUP\/SG\/DDES\/ESUP\/SDA\/AEO du 09 ao\u00fbt 2017<br \/>\n<strong>Autorisation d\u2019ouverture<\/strong>\u00a0: N\u00b017-08298\/L\/MINESUP\/SG\/DDES\/ESUP\/SDA\/AEO du 09 ao\u00fbt 2017<\/p>\n<p style=\"text-align: center;\"><strong>FILI\u00c8RES, SP\u00c9CIALIT\u00c9S ET DIPLOMES AUTORIS\u00c9ES<\/strong><\/p>\n<ul>\n<li style=\"text-align: justify;\"><strong>Licence professionnelle <\/strong><\/li>\n<\/ul>\n<p style=\"text-align: justify;\"><u>Fili\u00e8re<\/u>\u00a0: Math\u00e9matiques et Informatique Appliqu\u00e9es \u00e0 l\u2019Economie, \u00e0 la Finance et \u00e0 l\u2019Assurance<br \/>\n<u>Sp\u00e9cialit\u00e9s<\/u>\u00a0: Math\u00e9matiques et Economie &#8211; Informatique des Organisations<\/p>\n<ul>\n<li><strong>Master professionnel <\/strong><\/li>\n<\/ul>\n<p><u>Fili\u00e8re<\/u>\u00a0: Math\u00e9matiques et Informatique Appliqu\u00e9es \u00e0 l\u2019Economie, \u00e0 la Finance et \u00e0 l\u2019Assurance<br \/>\n<u>Sp\u00e9cialit\u00e9s<\/u>\u00a0: Actuariat &#8211; Ing\u00e9nierie Financi\u00e8re et Statistiques &#8211; Big Data &#8211; Syst\u00e8mes d\u2019Information, Math\u00e9matiques et Economie &#8211; Informatique des Organisations<\/p>\n","protected":false},"excerpt":{"rendered":"<p>&#46;&#46;&#46;<\/p>\n","protected":false},"author":2,"featured_media":0,"parent":1728,"menu_order":0,"comment_status":"closed","ping_status":"closed","template":"","meta":[],"_links":{"self":[{"href":"https:\/\/www.minesup.gov.cm\/index.php\/wp-json\/wp\/v2\/pages\/4618"}],"collection":[{"href":"https:\/\/www.minesup.gov.cm\/index.php\/wp-json\/wp\/v2\/pages"}],"about":[{"href":"https:\/\/www.minesup.gov.cm\/index.php\/wp-json\/wp\/v2\/types\/page"}],"author":[{"embeddable":true,"href":"https:\/\/www.minesup.gov.cm\/index.php\/wp-json\/wp\/v2\/users\/2"}],"replies":[{"embeddable":true,"href":"https:\/\/www.minesup.gov.cm\/index.php\/wp-json\/wp\/v2\/comments?post=4618"}],"version-history":[{"count":0,"href":"https:\/\/www.minesup.gov.cm\/index.php\/wp-json\/wp\/v2\/pages\/4618\/revisions"}],"up":[{"embeddable":true,"href":"https:\/\/www.minesup.gov.cm\/index.php\/wp-json\/wp\/v2\/pages\/1728"}],"wp:attachment":[{"href":"https:\/\/www.minesup.gov.cm\/index.php\/wp-json\/wp\/v2\/media?parent=4618"}],"curies":[{"name":"wp","href":"https:\/\/api.w.org\/{rel}","templated":true}]}}