{"id":4621,"date":"2018-12-19T17:38:19","date_gmt":"2018-12-19T16:38:19","guid":{"rendered":"https:\/\/minesup.gov.cm\/?page_id=4621"},"modified":"2018-12-19T17:38:19","modified_gmt":"2018-12-19T16:38:19","slug":"higher-institute-of-management-and-entrepreneurship-hime","status":"publish","type":"page","link":"https:\/\/www.minesup.gov.cm\/index.php\/centre\/higher-institute-of-management-and-entrepreneurship-hime\/","title":{"rendered":"Higher Institute of Management and Entrepreneurship (HIME)"},"content":{"rendered":"<p style=\"text-align: center;\"><strong>INFORMATIONS D\u2019IDENTIFICATION<\/strong><\/p>\n<p><strong>Nom de l\u2019institution\u00a0<\/strong>: Higher Institute of Management and Entrepreneurship (HIME)<br \/>\n<strong>Nom du promoteur<\/strong>\u00a0: NKENGSA Jean<br \/>\n<strong>R\u00e9gion\u00a0<\/strong>: Centre<br \/>\n<strong>D\u00e9partement\u00a0<\/strong>:<br \/>\n<strong>Arrondissement\u00a0<\/strong>:<br \/>\n<strong>Site de localisation\u00a0<\/strong>: Yaound\u00e9 (Bastos)<br \/>\n<strong>Adresse postale<\/strong>\u00a0:<br \/>\n<strong>B.P\u00a0: <\/strong>\u00a02078<br \/>\n<strong>T\u00e9l\u00e9phone\u00a0<\/strong>:\u00a0+237 \u00a0675\u00a0261 190<br \/>\n<strong>Email<\/strong>\u00a0:<br \/>\n<strong>Site web<\/strong>\u00a0:<br \/>\n<strong>Adresse dans les r\u00e9seaux sociaux\u00a0<\/strong>:<\/p>\n<p style=\"text-align: center;\"><strong>INFORMATIONS SUR LE STATUT D\u2019ACCR\u00c9DITATION<\/strong><\/p>\n<p style=\"text-align: justify;\"><strong>Arr\u00eat\u00e9s portant cr\u00e9ation <\/strong>: n\u00b013\/0399\/MINESUP\/SG\/DDES du 10 septembre 2013<br \/>\n<strong>Autorisation d\u2019ouverture<\/strong>\u00a0: N\u00b016-13343\/L\/MINESUP\/SG\/DDES\/SSIPES\/AOSB du 08 d\u00e9cembre 2016<\/p>\n<p style=\"text-align: center;\"><strong>FILI\u00c8RES, SP\u00c9CIALIT\u00c9S ET DIPLOMES AUTORIS\u00c9ES<\/strong><\/p>\n<p style=\"text-align: justify;\"><strong>BTS <\/strong><br \/>\n<u>Fili\u00e8re\u00a01<\/u> : Gestion<br \/>\n<u>Sp\u00e9cialit\u00e9s<\/u>\u00a0: Comptabilit\u00e9 et Gestion des Entreprises\u00a0&#8211; Ressources Humaines &#8211; Management Ev\u00e9nementiel.<br \/>\n<u>Fili\u00e8re\u00a02<\/u> : Commerce-Vente<br \/>\n<u>Sp\u00e9cialit\u00e9s<\/u>\u00a0: Commerce International &#8211; Marketing, Commerce et Vente<\/p>\n<p style=\"text-align: justify;\"><strong>HND<\/strong><br \/>\n<u>Fili\u00e8re\u00a0<\/u> : Business, Finance and Management<br \/>\n<u>Sp\u00e9cialit\u00e9s<\/u>\u00a0: Accountancy &#8211; Banking and Finance &#8211; Management &#8211; Marketing &#8211; Human Resource Management.<\/p>\n","protected":false},"excerpt":{"rendered":"<p>&#46;&#46;&#46;<\/p>\n","protected":false},"author":2,"featured_media":0,"parent":1728,"menu_order":0,"comment_status":"closed","ping_status":"closed","template":"","meta":[],"_links":{"self":[{"href":"https:\/\/www.minesup.gov.cm\/index.php\/wp-json\/wp\/v2\/pages\/4621"}],"collection":[{"href":"https:\/\/www.minesup.gov.cm\/index.php\/wp-json\/wp\/v2\/pages"}],"about":[{"href":"https:\/\/www.minesup.gov.cm\/index.php\/wp-json\/wp\/v2\/types\/page"}],"author":[{"embeddable":true,"href":"https:\/\/www.minesup.gov.cm\/index.php\/wp-json\/wp\/v2\/users\/2"}],"replies":[{"embeddable":true,"href":"https:\/\/www.minesup.gov.cm\/index.php\/wp-json\/wp\/v2\/comments?post=4621"}],"version-history":[{"count":0,"href":"https:\/\/www.minesup.gov.cm\/index.php\/wp-json\/wp\/v2\/pages\/4621\/revisions"}],"up":[{"embeddable":true,"href":"https:\/\/www.minesup.gov.cm\/index.php\/wp-json\/wp\/v2\/pages\/1728"}],"wp:attachment":[{"href":"https:\/\/www.minesup.gov.cm\/index.php\/wp-json\/wp\/v2\/media?parent=4621"}],"curies":[{"name":"wp","href":"https:\/\/api.w.org\/{rel}","templated":true}]}}