{"id":4625,"date":"2018-12-19T17:40:45","date_gmt":"2018-12-19T16:40:45","guid":{"rendered":"https:\/\/minesup.gov.cm\/?page_id=4625"},"modified":"2025-04-10T14:10:44","modified_gmt":"2025-04-10T13:10:44","slug":"information-and-communication-technology-university-institute-ictu","status":"publish","type":"page","link":"https:\/\/www.minesup.gov.cm\/index.php\/centre\/information-and-communication-technology-university-institute-ictu\/","title":{"rendered":"Information and Communication Technology University Institute (ICTU)"},"content":{"rendered":"<p style=\"text-align: center;\"><strong>INFORMATIONS D\u2019IDENTIFICATION<\/strong><\/p>\n<p><strong>Nom de l\u2019institution\u00a0<\/strong>: Information and Communication Technology University Institute (ICTU)<br \/>\n<strong>Nom du promoteur<\/strong>\u00a0: <em>CHUMBOW BEBAN Samy<\/em><br \/>\n<strong>R\u00e9gion\u00a0<\/strong>: Centre<br \/>\n<strong>D\u00e9partement\u00a0<\/strong>:<br \/>\n<strong>Arrondissement\u00a0<\/strong>:<br \/>\n<strong>Site de localisation\u00a0<\/strong>: Yaound\u00e9 (Etoug-Ebe)<br \/>\n<strong>Adresse postale<\/strong>\u00a0:<br \/>\n<strong>B.P\u00a0:\u00a0 <\/strong>526 Yaound\u00e9<br \/>\n<strong>T\u00e9l\u00e9phone\u00a0<\/strong>:\u00a0+237 \u00a0677 75 32 22<br \/>\n<strong>Email<\/strong>\u00a0:<br \/>\n<strong>Site web<\/strong>\u00a0: <a href=\"mailto:vc@ictuniversity.org\">vc@ictuniversity.org<\/a><br \/>\n<strong>Adresse dans les r\u00e9seaux sociaux\u00a0<\/strong>:<\/p>\n<p style=\"text-align: center;\"><strong>INFORMATIONS SUR LE STATUT D\u2019ACCR\u00c9DITATION<\/strong><\/p>\n<p><strong>Arr\u00eat\u00e9s portant cr\u00e9ation <\/strong>: N\u00b013\/0176\/MINESUP du 23 mars 2013<br \/>\n<strong>Autorisation d\u2019ouverture<\/strong>\u00a0:N\u00b014\/0406\/MINESUP\/SG\/DDES\/ du 04 juillet 2014<\/p>\n<p style=\"text-align: center;\"><strong>FILI\u00c8RES, SP\u00c9CIALIT\u00c9S ET DIPLOMES AUTORIS\u00c9ES<\/strong><\/p>\n<p><strong>Bachelor, Master sous la tutelle acad\u00e9mique de l&rsquo;Universit\u00e9 de Buea<\/strong><br \/>\nFili\u00e8re 1 : Information and Communication Technology<br \/>\nFili\u00e8re 2 : Information Systems and Networking<br \/>\nFili\u00e8re 3 : DATA Communication and Networking<br \/>\nFili\u00e8re 4 : Telecommunication<br \/>\nFili\u00e8re 5 : Software Engineering<\/p>\n<p><strong>Bachelor de ICT USA<\/strong><br \/>\nFili\u00e8re 1 : Business, Management for Sustainable Development<br \/>\nFili\u00e8re 2 : Telecommunication<br \/>\nFili\u00e8re 3 : Accounting<\/p>\n<p><strong>Master de ICT USA<\/strong><br \/>\nFili\u00e8re 1 : International Master in Business Administration<br \/>\nFili\u00e8re 2 : Applied Statistics and Demography<br \/>\nFili\u00e8re 3 : Development Planning<\/p>\n<p><strong>Doctorat (Ph.D.) de ICT USA<\/strong><br \/>\nFili\u00e8re : Business Administration<\/p>\n","protected":false},"excerpt":{"rendered":"<p>&#46;&#46;&#46;<\/p>\n","protected":false},"author":2,"featured_media":0,"parent":1728,"menu_order":0,"comment_status":"closed","ping_status":"closed","template":"","meta":[],"_links":{"self":[{"href":"https:\/\/www.minesup.gov.cm\/index.php\/wp-json\/wp\/v2\/pages\/4625"}],"collection":[{"href":"https:\/\/www.minesup.gov.cm\/index.php\/wp-json\/wp\/v2\/pages"}],"about":[{"href":"https:\/\/www.minesup.gov.cm\/index.php\/wp-json\/wp\/v2\/types\/page"}],"author":[{"embeddable":true,"href":"https:\/\/www.minesup.gov.cm\/index.php\/wp-json\/wp\/v2\/users\/2"}],"replies":[{"embeddable":true,"href":"https:\/\/www.minesup.gov.cm\/index.php\/wp-json\/wp\/v2\/comments?post=4625"}],"version-history":[{"count":1,"href":"https:\/\/www.minesup.gov.cm\/index.php\/wp-json\/wp\/v2\/pages\/4625\/revisions"}],"predecessor-version":[{"id":19530,"href":"https:\/\/www.minesup.gov.cm\/index.php\/wp-json\/wp\/v2\/pages\/4625\/revisions\/19530"}],"up":[{"embeddable":true,"href":"https:\/\/www.minesup.gov.cm\/index.php\/wp-json\/wp\/v2\/pages\/1728"}],"wp:attachment":[{"href":"https:\/\/www.minesup.gov.cm\/index.php\/wp-json\/wp\/v2\/media?parent=4625"}],"curies":[{"name":"wp","href":"https:\/\/api.w.org\/{rel}","templated":true}]}}