{"id":4631,"date":"2018-12-19T18:04:25","date_gmt":"2018-12-19T17:04:25","guid":{"rendered":"https:\/\/minesup.gov.cm\/?page_id=4631"},"modified":"2018-12-19T22:20:41","modified_gmt":"2018-12-19T21:20:41","slug":"institut-agenla-academy","status":"publish","type":"page","link":"https:\/\/www.minesup.gov.cm\/index.php\/centre\/institut-agenla-academy\/","title":{"rendered":"Institut AGENLA Academy"},"content":{"rendered":"<p style=\"text-align: center;\"><strong>INFORMATIONS D\u2019IDENTIFICATION<\/strong><\/p>\n<p><strong>Nom de l\u2019institution\u00a0<\/strong>: Institut AGENLA Academy<br \/>\n<strong>Nom du promoteur<\/strong>\u00a0: LAMANGO Magdaline \u00e9pse ENOW<br \/>\n<strong>R\u00e9gion\u00a0<\/strong>: Centre<br \/>\n<strong>D\u00e9partement\u00a0<\/strong>:<br \/>\n<strong>Arrondissement\u00a0<\/strong>:<br \/>\n<strong>Site de localisation\u00a0<\/strong>: Yaound\u00e9 (Nkoabang)<br \/>\n<strong>Adresse postale<\/strong>\u00a0:<br \/>\n<strong>B.P\u00a0:\u00a0 <\/strong>13893<br \/>\n<strong>T\u00e9l\u00e9phone\u00a0<\/strong>:\u00a0+237 \u00a0699 93 10 86 \/ 22 23 19 54<br \/>\n<strong>Email<\/strong>\u00a0:<br \/>\n<strong>Site web<\/strong>\u00a0: <a href=\"mailto:vc@ictuniversity.org\">vc@ictuniversity.org<\/a><br \/>\n<strong>Adresse dans les r\u00e9seaux sociaux\u00a0<\/strong>:<\/p>\n<p style=\"text-align: center;\"><strong>INFORMATIONS SUR LE STATUT D\u2019ACCR\u00c9DITATION<\/strong><\/p>\n<p style=\"text-align: justify;\"><strong>Arr\u00eat\u00e9s portant cr\u00e9ation <\/strong>: N\u00b013\/0410\/MINESUP\/SG\/DDES du 10 septembre 2013<br \/>\n<strong>Autorisation d\u2019ouverture provisoire<\/strong> : N\u00b012\/05599\/N\/MINESUP\/DDES\/ESUP\/SAC\/TNA\/ebm du 26 NOVEMBRE 2012<\/p>\n<p style=\"text-align: center;\"><strong>FILI\u00c8RES, SP\u00c9CIALIT\u00c9S ET DIPLOMES AUTORIS\u00c9ES<\/strong><\/p>\n<p><strong>BTS <\/strong><\/p>\n<p style=\"text-align: justify;\">Fili\u00e8re 1\u00a0: Agriculture<br \/>\nFili\u00e8re 2\u00a0: Industrielle et Technologique<br \/>\nFili\u00e8re 3\u00a0: Sciences M\u00e9dico-sanitaires<br \/>\nFili\u00e8re 4\u00a0: Commerciale et de Gestion<br \/>\nFili\u00e8re 5\u00a0: Communication<\/p>\n<p style=\"text-align: justify;\"><strong>HND<\/strong><\/p>\n<p>Fili\u00e8re 1 : Business, Finance and Management<br \/>\nFili\u00e8re 2 : Engineering and Technology<\/p>\n<p><strong>DSEP<\/strong><br \/>\nFili\u00e8re 1 :Droit<br \/>\nFili\u00e8re 2\u00a0: Finance et Comptabilit\u00e9<br \/>\nFili\u00e8re 3\u00a0: Gestion des Entreprises et Organisations<br \/>\nFili\u00e8re 4\u00a0: Informatique<br \/>\nFili\u00e8re 5\u00a0: G\u00e9nie Electrique et T\u00e9l\u00e9communications<br \/>\nFili\u00e8re\u00a06 : G\u00e9nie Civil<br \/>\nFili\u00e8re\u00a07 : G\u00e9nie des Mines<br \/>\nFili\u00e8re\u00a08 : Maintenance Industrielle<br \/>\nFili\u00e8re\u00a09 : Sant\u00e9 et S\u00e9curit\u00e9 au Travail<\/p>\n<p><strong>Bachelor\u2019s of Science Degree de l\u2019Universit\u00e9 de Yaound\u00e9 II<\/strong><br \/>\nFili\u00e8re 1\u00a0: Accountancy, Auditing and control<br \/>\nFili\u00e8re 2\u00a0: Marketing management operations<br \/>\nFili\u00e8re 3\u00a0: Logistics and transport<br \/>\nFili\u00e8re 4\u00a0: Human resource management<br \/>\nFili\u00e8re 5 : Banking and financial Institutions<br \/>\nFili\u00e8re 6\u00a0: Computer management<\/p>\n<p><strong>Licence Professionnelle de l\u2019Universit\u00e9 de Yaound\u00e9 I<\/strong><br \/>\nFili\u00e8re 1 : G\u00e9nie Electrique<br \/>\nFili\u00e8re 2 : G\u00e9nie Civil<br \/>\nFili\u00e8re 3 : G\u00e9nie Industriel et Maintenance<br \/>\nFili\u00e8re 4 : G\u00e9nie des T\u00e9l\u00e9communications et R\u00e9seaux<br \/>\nFili\u00e8re 5 : G\u00e9nie M\u00e9canique<\/p>\n<p><strong>Licence Professionnelle de l\u2019Universit\u00e9 de Yaound\u00e9 II<\/strong><br \/>\nFili\u00e8re 1 : Comptabilit\u00e9, Control, Audit.<br \/>\nFili\u00e8re 2 : Marketing, Management, Operations.<br \/>\nFili\u00e8re 3 : Logistique et Transport.<br \/>\nFili\u00e8re 4 : Gestion des Ressources Humaines.<br \/>\nFili\u00e8re 5 : Banque et Institutions Financi\u00e8res.<br \/>\nFili\u00e8re 6 : Gestion des Communes.<br \/>\nFili\u00e8re 7 : Informatique de Gestion<\/p>\n","protected":false},"excerpt":{"rendered":"<p>&#46;&#46;&#46;<\/p>\n","protected":false},"author":2,"featured_media":0,"parent":1728,"menu_order":0,"comment_status":"closed","ping_status":"closed","template":"","meta":[],"_links":{"self":[{"href":"https:\/\/www.minesup.gov.cm\/index.php\/wp-json\/wp\/v2\/pages\/4631"}],"collection":[{"href":"https:\/\/www.minesup.gov.cm\/index.php\/wp-json\/wp\/v2\/pages"}],"about":[{"href":"https:\/\/www.minesup.gov.cm\/index.php\/wp-json\/wp\/v2\/types\/page"}],"author":[{"embeddable":true,"href":"https:\/\/www.minesup.gov.cm\/index.php\/wp-json\/wp\/v2\/users\/2"}],"replies":[{"embeddable":true,"href":"https:\/\/www.minesup.gov.cm\/index.php\/wp-json\/wp\/v2\/comments?post=4631"}],"version-history":[{"count":0,"href":"https:\/\/www.minesup.gov.cm\/index.php\/wp-json\/wp\/v2\/pages\/4631\/revisions"}],"up":[{"embeddable":true,"href":"https:\/\/www.minesup.gov.cm\/index.php\/wp-json\/wp\/v2\/pages\/1728"}],"wp:attachment":[{"href":"https:\/\/www.minesup.gov.cm\/index.php\/wp-json\/wp\/v2\/media?parent=4631"}],"curies":[{"name":"wp","href":"https:\/\/api.w.org\/{rel}","templated":true}]}}