{"id":4638,"date":"2018-12-19T23:09:48","date_gmt":"2018-12-19T22:09:48","guid":{"rendered":"https:\/\/minesup.gov.cm\/?page_id=4638"},"modified":"2018-12-20T10:33:45","modified_gmt":"2018-12-20T09:33:45","slug":"institut-catholique-de-yaounde","status":"publish","type":"page","link":"https:\/\/www.minesup.gov.cm\/index.php\/centre\/institut-catholique-de-yaounde\/","title":{"rendered":"Institut Catholique de Yaound\u00e9"},"content":{"rendered":"<p style=\"text-align: center;\"><strong>INFORMATIONS D\u2019IDENTIFICATION<\/strong><\/p>\n<p><strong>Nom de l\u2019institution\u00a0<\/strong>: Institut Catholique de Yaound\u00e9<br \/>\n<strong>Nom du promoteur<\/strong>\u00a0: Abb\u00e9 MOFOR<br \/>\n<strong>R\u00e9gion\u00a0<\/strong>: Centre<br \/>\n<strong>D\u00e9partement\u00a0<\/strong>:<br \/>\n<strong>Arrondissement\u00a0<\/strong>:<br \/>\n<strong>Site de localisation\u00a0<\/strong>: Yaound\u00e9 (Campus de Nkolbisson et Ekounou)<br \/>\n<strong>Adresse postale<\/strong>\u00a0:<br \/>\n<strong>B.P\u00a0:\u00a0 <\/strong>11628<br \/>\n<strong>T\u00e9l\u00e9phone\u00a0<\/strong>:\u00a0+237\u00a0 222 23 74 00 \/ 222 23 74 01<br \/>\n<strong>Email<\/strong>\u00a0:<br \/>\n<strong>Site web<\/strong>\u00a0:<br \/>\n<strong>Adresse dans les r\u00e9seaux sociaux\u00a0<\/strong>:<\/p>\n<p style=\"text-align: center;\"><strong>INFORMATIONS SUR LE STATUT D\u2019ACCR\u00c9DITATION<\/strong><\/p>\n<p style=\"text-align: justify;\"><strong>Arr\u00eat\u00e9s portant cr\u00e9ation <\/strong>: N\u00b00002\/MINESUP\/DFO du 15 janvier 1999 portant reconnaissance des dipl\u00f4mes de l\u2019Institut Catholique<br \/>\n<strong>Autorisation d\u2019ouverture<\/strong>\u00a0:<\/p>\n<p style=\"text-align: center;\"><strong>FILI\u00c8RES, SP\u00c9CIALIT\u00c9S ET DIPLOMES AUTORIS\u00c9ES<\/strong><\/p>\n<p style=\"text-align: justify;\"><strong>Baccalaur\u00e9at\u00a0Canonique, Licence Canonique (Dipl\u00f4mes d\u00e9livr\u00e9s en partenariat avec la Facult\u00e9 de Droit Canonique de Paris) <\/strong><br \/>\nFili\u00e8re 1\u00a0: Droit Canonique<br \/>\n<strong>DEUG; Licence; Master recherche I et II; Master Professionnel, Option : Philosophie de l\u2019Education<\/strong><br \/>\nFili\u00e8re 1 : Science de l&rsquo;\u00e9ducation<\/p>\n<p><strong>DEUG, Licence, Master Recherche I et II, DESS<\/strong>, <strong>DEUSS,<\/strong><br \/>\nFili\u00e8re 1 :Science Sociale<\/p>\n<p><strong>Licence Professionnelle et Master Professionnel<\/strong><br \/>\nFili\u00e8re 1\u00a0: Science Sociale<\/p>\n<p><strong>Licence et Master<\/strong><br \/>\nFili\u00e8re 1 : Commerce et Distribution<br \/>\nFili\u00e8re 2 : Comptabilit\u00e9-Finance<br \/>\nFili\u00e8re 3 : Economie de Gestion<br \/>\nFili\u00e8re 4 : Administration des Entreprises<\/p>\n<p><strong>Licence, Ma\u00eetrise (Master I), DEA (Master II) et Doctorat<\/strong><br \/>\nFili\u00e8re 1 : Th\u00e9ologie<\/p>\n<p><strong>Licence et Master,<\/strong> <strong>Dipl\u00f4me de cadre Sup\u00e9rieur de la Sant\u00e9<\/strong><br \/>\nFili\u00e8re 1 : Science infirmi\u00e8res<\/p>\n","protected":false},"excerpt":{"rendered":"<p>&#46;&#46;&#46;<\/p>\n","protected":false},"author":2,"featured_media":0,"parent":1728,"menu_order":0,"comment_status":"closed","ping_status":"closed","template":"","meta":[],"_links":{"self":[{"href":"https:\/\/www.minesup.gov.cm\/index.php\/wp-json\/wp\/v2\/pages\/4638"}],"collection":[{"href":"https:\/\/www.minesup.gov.cm\/index.php\/wp-json\/wp\/v2\/pages"}],"about":[{"href":"https:\/\/www.minesup.gov.cm\/index.php\/wp-json\/wp\/v2\/types\/page"}],"author":[{"embeddable":true,"href":"https:\/\/www.minesup.gov.cm\/index.php\/wp-json\/wp\/v2\/users\/2"}],"replies":[{"embeddable":true,"href":"https:\/\/www.minesup.gov.cm\/index.php\/wp-json\/wp\/v2\/comments?post=4638"}],"version-history":[{"count":0,"href":"https:\/\/www.minesup.gov.cm\/index.php\/wp-json\/wp\/v2\/pages\/4638\/revisions"}],"up":[{"embeddable":true,"href":"https:\/\/www.minesup.gov.cm\/index.php\/wp-json\/wp\/v2\/pages\/1728"}],"wp:attachment":[{"href":"https:\/\/www.minesup.gov.cm\/index.php\/wp-json\/wp\/v2\/media?parent=4638"}],"curies":[{"name":"wp","href":"https:\/\/api.w.org\/{rel}","templated":true}]}}