{"id":4643,"date":"2018-12-20T13:39:20","date_gmt":"2018-12-20T12:39:20","guid":{"rendered":"https:\/\/minesup.gov.cm\/?page_id=4643"},"modified":"2018-12-20T13:41:24","modified_gmt":"2018-12-20T12:41:24","slug":"institut-de-management-et-de-marketing-superieur-de-commerce-i2m-sup-de-co-cameroun","status":"publish","type":"page","link":"https:\/\/www.minesup.gov.cm\/index.php\/institut-de-management-et-de-marketing-superieur-de-commerce-i2m-sup-de-co-cameroun\/","title":{"rendered":"Institut de Management et de Marketing Sup\u00e9rieur de Commerce (I2M Sup de Co Cameroun)"},"content":{"rendered":"<p style=\"text-align: center;\"><strong>INFORMATIONS D\u2019IDENTIFICATION<\/strong><\/p>\n<p><strong>Nom de l\u2019institution\u00a0<\/strong>: Institut de Management et de Marketing Sup\u00e9rieur de Commerce (I2M Sup de Co Cameroun)<br \/>\n<strong>Nom du promoteur<\/strong>\u00a0: ESSONO Alice J.<br \/>\n<strong>R\u00e9gion\u00a0<\/strong>: Centre<br \/>\n<strong>D\u00e9partement\u00a0<\/strong>:<br \/>\n<strong>Arrondissement\u00a0<\/strong>:<br \/>\n<strong>Site de localisation\u00a0<\/strong>: Yaound\u00e9 (Nkolbisson)<br \/>\n<strong>Adresse postale<\/strong>\u00a0:<br \/>\n<strong>B.P\u00a0:\u00a0 <\/strong>2149<br \/>\n<strong>T\u00e9l\u00e9phone\u00a0<\/strong>:\u00a0+237\u00a0675 31 32 75 \/ 670 44 73 40<br \/>\n<strong>Email<\/strong>\u00a0:<br \/>\n<strong>Site web<\/strong>\u00a0:<br \/>\n<strong>Adresse dans les r\u00e9seaux sociaux\u00a0<\/strong>:<\/p>\n<p style=\"text-align: center;\"><strong>INFORMATIONS SUR LE STATUT D\u2019ACCR\u00c9DITATION<\/strong><\/p>\n<p><strong>Arr\u00eat\u00e9s portant cr\u00e9ation <\/strong>: N\u00b014\/00531\/MINESUP\/CAB\/nna du 21 novembre 2014<br \/>\n<strong>Autorisation d\u2019ouverture<\/strong>\u00a0: N\u00b014\/00531\/MINESUP\/CAB\/nna du 21 novembre 2014<\/p>\n<p style=\"text-align: center;\"><strong>FILI\u00c8RES, SP\u00c9CIALIT\u00c9S ET DIPLOMES AUTORIS\u00c9ES<\/strong><\/p>\n<p><strong>BTS <\/strong><br \/>\nFili\u00e8re 1\u00a0: M\u00e9tiers de Design et de Cr\u00e9ation<br \/>\nFili\u00e8re 2\u00a0: M\u00e9tiers Techniques et de Mode<br \/>\nFili\u00e8re 3\u00a0: Arts et M\u00e9tiers de la Culture<br \/>\nFili\u00e8re 4\u00a0: Commerce-Vente<br \/>\nFili\u00e8re 5\u00a0: Gestion<br \/>\nFili\u00e8re 6\u00a0: Communication<\/p>\n<p><strong>Master professionnel sous la tutelle acad\u00e9mique de l\u2019Universit\u00e9 de Yaound\u00e9 II<\/strong><br \/>\nFili\u00e8re 1 : Communication<\/p>\n","protected":false},"excerpt":{"rendered":"<p>&#46;&#46;&#46;<\/p>\n","protected":false},"author":2,"featured_media":0,"parent":0,"menu_order":0,"comment_status":"closed","ping_status":"closed","template":"","meta":[],"_links":{"self":[{"href":"https:\/\/www.minesup.gov.cm\/index.php\/wp-json\/wp\/v2\/pages\/4643"}],"collection":[{"href":"https:\/\/www.minesup.gov.cm\/index.php\/wp-json\/wp\/v2\/pages"}],"about":[{"href":"https:\/\/www.minesup.gov.cm\/index.php\/wp-json\/wp\/v2\/types\/page"}],"author":[{"embeddable":true,"href":"https:\/\/www.minesup.gov.cm\/index.php\/wp-json\/wp\/v2\/users\/2"}],"replies":[{"embeddable":true,"href":"https:\/\/www.minesup.gov.cm\/index.php\/wp-json\/wp\/v2\/comments?post=4643"}],"version-history":[{"count":0,"href":"https:\/\/www.minesup.gov.cm\/index.php\/wp-json\/wp\/v2\/pages\/4643\/revisions"}],"wp:attachment":[{"href":"https:\/\/www.minesup.gov.cm\/index.php\/wp-json\/wp\/v2\/media?parent=4643"}],"curies":[{"name":"wp","href":"https:\/\/api.w.org\/{rel}","templated":true}]}}