{"id":4648,"date":"2019-06-23T17:23:46","date_gmt":"2019-06-23T15:23:46","guid":{"rendered":"https:\/\/minesup.gov.cm\/?page_id=4648"},"modified":"2019-06-23T17:23:46","modified_gmt":"2019-06-23T15:23:46","slug":"institut-des-sciences-economiques-et-informatique-de-gestion-iseig-2","status":"publish","type":"page","link":"https:\/\/www.minesup.gov.cm\/index.php\/centre\/institut-des-sciences-economiques-et-informatique-de-gestion-iseig-2\/","title":{"rendered":"Institut des Sciences Economiques et Informatique de Gestion (ISEIG)"},"content":{"rendered":"<p style=\"text-align: center;\"><strong>INFORMATIONS D\u2019IDENTIFICATION<\/strong><\/p>\n<p style=\"text-align: justify;\"><strong>Nom de l\u2019institution\u00a0<\/strong>: Institut des Sciences Economiques et Informatique de Gestion (ISEIG)<br \/>\n<strong>Nom du promoteur<\/strong>\u00a0: LIBOM Elie Ren\u00e9<br \/>\n<strong>R\u00e9gion\u00a0<\/strong>: Centre<br \/>\n<strong>D\u00e9partement\u00a0<\/strong>:<br \/>\n<strong>Arrondissement\u00a0<\/strong>:<br \/>\n<strong>Site de localisation\u00a0<\/strong>: Yaound\u00e9 (face Acropole)<br \/>\n<strong>Adresse postale<\/strong>\u00a0:<br \/>\n<strong>B.P\u00a0:\u00a0 <\/strong>6585<br \/>\n<strong>T\u00e9l\u00e9phone\u00a0<\/strong>:\u00a0+237 222 22 36 36 \/ 222 22 58 43 \/ 222 22\u00a0 16 40 \/ 677 47 49 33<br \/>\n<strong>Email<\/strong>\u00a0:<br \/>\n<strong>Site web<\/strong>\u00a0:<br \/>\n<strong>Adresse dans les r\u00e9seaux sociaux\u00a0<\/strong>:<\/p>\n<p style=\"text-align: center;\"><strong>INFORMATIONS SUR LE STATUT D\u2019ACCR\u00c9DITATION<\/strong><\/p>\n<p><strong>Arr\u00eat\u00e9s portant cr\u00e9ation <\/strong>: N\u00b005\/0002\/MINESUP du 03\u00a0janvier 2005<br \/>\n<strong>Autorisation d\u2019ouverture<\/strong>\u00a0: N\u00b006\/0055\/MINESUP du 02 juin 2006<\/p>\n<p style=\"text-align: center;\"><strong>FILI\u00c8RES, SP\u00c9CIALIT\u00c9S ET DIPLOMES AUTORIS\u00c9ES<\/strong><\/p>\n<p><strong>BTS <\/strong><br \/>\nFili\u00e8re 1 : Commerciale et de Gestion<br \/>\nFili\u00e8re 2 : Industrielle et Technologique<br \/>\nFili\u00e8re\u00a03 : Communication<br \/>\nFili\u00e8re\u00a04 : Touristique et Sociale<\/p>\n<p><strong>DSEP<\/strong><br \/>\nFili\u00e8re 1\u00a0: Marketing Commerce Vente<br \/>\nFili\u00e8re 2\u00a0: Finance et Comptabilit\u00e9<br \/>\nFili\u00e8re 3\u00a0: Banque<br \/>\nFili\u00e8re 4\u00a0: Informatique<br \/>\nFili\u00e8re 5\u00a0: Gestion des Entreprise et des Administrations.<br \/>\nFili\u00e8re 6\u00a0: Expertise Comptable<br \/>\nFili\u00e8re 7: Droit<br \/>\nFili\u00e8re 8: G\u00e9nie Electrique et T\u00e9l\u00e9communication<\/p>\n","protected":false},"excerpt":{"rendered":"<p>&#46;&#46;&#46;<\/p>\n","protected":false},"author":2,"featured_media":0,"parent":1728,"menu_order":0,"comment_status":"closed","ping_status":"closed","template":"","meta":[],"_links":{"self":[{"href":"https:\/\/www.minesup.gov.cm\/index.php\/wp-json\/wp\/v2\/pages\/4648"}],"collection":[{"href":"https:\/\/www.minesup.gov.cm\/index.php\/wp-json\/wp\/v2\/pages"}],"about":[{"href":"https:\/\/www.minesup.gov.cm\/index.php\/wp-json\/wp\/v2\/types\/page"}],"author":[{"embeddable":true,"href":"https:\/\/www.minesup.gov.cm\/index.php\/wp-json\/wp\/v2\/users\/2"}],"replies":[{"embeddable":true,"href":"https:\/\/www.minesup.gov.cm\/index.php\/wp-json\/wp\/v2\/comments?post=4648"}],"version-history":[{"count":0,"href":"https:\/\/www.minesup.gov.cm\/index.php\/wp-json\/wp\/v2\/pages\/4648\/revisions"}],"up":[{"embeddable":true,"href":"https:\/\/www.minesup.gov.cm\/index.php\/wp-json\/wp\/v2\/pages\/1728"}],"wp:attachment":[{"href":"https:\/\/www.minesup.gov.cm\/index.php\/wp-json\/wp\/v2\/media?parent=4648"}],"curies":[{"name":"wp","href":"https:\/\/api.w.org\/{rel}","templated":true}]}}