{"id":7383,"date":"2019-06-19T12:11:44","date_gmt":"2019-06-19T10:11:44","guid":{"rendered":"https:\/\/minesup.gov.cm\/?page_id=7383"},"modified":"2019-06-25T23:28:35","modified_gmt":"2019-06-25T21:28:35","slug":"groupe-tankou-enseignement-superieur-gtes","status":"publish","type":"page","link":"https:\/\/www.minesup.gov.cm\/index.php\/region-de-louest\/groupe-tankou-enseignement-superieur-gtes\/","title":{"rendered":"Groupe Tankou Enseignement Sup\u00e9rieur (GTES)"},"content":{"rendered":"<p style=\"text-align: center;\"><strong>INFORMATIONS D\u2019IDENTIFICATION<\/strong><\/p>\n<p style=\"text-align: justify;\"><strong>Nom de l\u2019institution\u00a0<\/strong>: Groupe Tankou Enseignement Sup\u00e9rieur (GTES)<br \/>\n<strong>Nom du promoteur<\/strong>\u00a0: <em>TANKOU Philippe<\/em><br \/>\n<strong>R\u00e9gion\u00a0<\/strong>: \u00a0\u00a0Ouest<br \/>\n<strong>D\u00e9partement\u00a0<\/strong>: Mifi<br \/>\n<strong>Arrondissement\u00a0<\/strong>: Bafoussam II\u00b2\u00e8me<br \/>\n<strong>Site de localisation\u00a0<\/strong>: Mairie rurale<br \/>\n<strong>Adresse postale<\/strong>\u00a0:<br \/>\n<strong>B.P<\/strong>.\u00a0: 1160 Bafoussam<br \/>\n<strong>T\u00e9l\u00e9phone\u00a0<\/strong>: +237\u00a0433 44 13 26\u00a0 \/699 55 91 41<br \/>\n<strong>Email<\/strong>\u00a0:<br \/>\n<strong>Site web<\/strong>\u00a0:<br \/>\n<strong>Adresse dans les r\u00e9seaux sociaux\u00a0<\/strong>:<\/p>\n<p style=\"text-align: center;\"><strong>INFORMATIONS SUR LE STATUT D\u2019ACCR\u00c9DITATION<\/strong><\/p>\n<p style=\"text-align: justify;\"><strong>Arr\u00eat\u00e9s portant cr\u00e9ation <\/strong>: N\u00b002\/0050\/MINESUP du 12 juin\u00a0 2002.<br \/>\n<strong>Autorisation d\u2019ouverture<\/strong>\u00a0: N\u00b002 \/ 0064 \/ MINESUP du 16 juillet 2002.<\/p>\n<p style=\"text-align: center;\"><strong>FILI\u00c8RES, SP\u00c9CIALIT\u00c9S ET DIPL\u00d4MES AUTORIS\u00c9ES<\/strong><\/p>\n<p style=\"text-align: justify;\"><strong>Dipl\u00f4me\u00a0: BTS<\/strong><br \/>\nFili\u00e8re 1\u00a0:<strong> Commerce et Gestion\u00a0: <\/strong>Comptabilit\u00e9 et Gestion des Entreprises\u00a0\u00a0&#8211; Informatique de Gestion\u00a0&#8211;\u00a0 Action Commerciale &#8211; Secr\u00e9tariat et Bureautique (<em><u>Options<\/u><\/em>\u00a0: Secr\u00e9tariat de Direction\u00a0; Secr\u00e9tariat Bureautique Bilingue).<\/p>\n","protected":false},"excerpt":{"rendered":"<p>&#46;&#46;&#46;<\/p>\n","protected":false},"author":2,"featured_media":0,"parent":1749,"menu_order":0,"comment_status":"closed","ping_status":"closed","template":"","meta":[],"_links":{"self":[{"href":"https:\/\/www.minesup.gov.cm\/index.php\/wp-json\/wp\/v2\/pages\/7383"}],"collection":[{"href":"https:\/\/www.minesup.gov.cm\/index.php\/wp-json\/wp\/v2\/pages"}],"about":[{"href":"https:\/\/www.minesup.gov.cm\/index.php\/wp-json\/wp\/v2\/types\/page"}],"author":[{"embeddable":true,"href":"https:\/\/www.minesup.gov.cm\/index.php\/wp-json\/wp\/v2\/users\/2"}],"replies":[{"embeddable":true,"href":"https:\/\/www.minesup.gov.cm\/index.php\/wp-json\/wp\/v2\/comments?post=7383"}],"version-history":[{"count":0,"href":"https:\/\/www.minesup.gov.cm\/index.php\/wp-json\/wp\/v2\/pages\/7383\/revisions"}],"up":[{"embeddable":true,"href":"https:\/\/www.minesup.gov.cm\/index.php\/wp-json\/wp\/v2\/pages\/1749"}],"wp:attachment":[{"href":"https:\/\/www.minesup.gov.cm\/index.php\/wp-json\/wp\/v2\/media?parent=7383"}],"curies":[{"name":"wp","href":"https:\/\/api.w.org\/{rel}","templated":true}]}}