{"id":7385,"date":"2019-06-19T12:12:52","date_gmt":"2019-06-19T10:12:52","guid":{"rendered":"https:\/\/minesup.gov.cm\/?page_id=7385"},"modified":"2019-06-19T12:12:52","modified_gmt":"2019-06-19T10:12:52","slug":"institut-catholique-de-bafoussam-icab","status":"publish","type":"page","link":"https:\/\/www.minesup.gov.cm\/index.php\/region-de-louest\/institut-catholique-de-bafoussam-icab\/","title":{"rendered":"Institut Catholique de Bafoussam (ICAB)"},"content":{"rendered":"<p><strong>\u00a0<\/strong><strong>INFORMATIONS D\u2019IDENTIFICATION <\/strong><\/p>\n<p><strong>\u00a0Nom de l\u2019institution\u00a0<\/strong>: \u00a0\u00a0<strong>Institut Catholique de Bafoussam (ICAB).<\/strong><\/p>\n<p><strong>\u00a0Nom du promoteur<\/strong>\u00a0: Dioc\u00e8se de Bafoussam Repr\u00e9sent\u00e9 par Mgr WATIO Dieudonn\u00e9<\/p>\n<p><strong>R\u00e9gion\u00a0<\/strong>: Ouest<\/p>\n<p><strong>D\u00e9partement\u00a0<\/strong>: Mifi<br \/>\n<strong>Arrondissement\u00a0<\/strong>: Bafoussam II\u00e8me<br \/>\n<strong>Site de localisation\u00a0<\/strong>: dioc\u00e8se de Bafoussam<br \/>\n<strong>Adresse postale<\/strong>\u00a0:<br \/>\n<strong>B.P<\/strong>.\u00a0: 263 Bafoussam<br \/>\n<strong>T\u00e9l\u00e9phone\u00a0<\/strong>: +237 699\u00a0003\u00a0139<br \/>\n<strong>Email<\/strong>\u00a0:\u00a0eveche.bafoussam@yahoo.fr<br \/>\n<strong>Site web<\/strong>\u00a0:<br \/>\n<strong>Adresse dans les r\u00e9seaux sociaux\u00a0<\/strong>:<\/p>\n<p>&nbsp;<\/p>\n<p><strong>INFORMATIONS SUR LE STATUT D\u2019ACCR\u00c9DITATION<\/strong><\/p>\n<p><strong>Arr\u00eat\u00e9s portant cr\u00e9ation <\/strong>: N\u00b015\/05584\/L\/MINESUP\/DDES\/ESUP\/SDA\/MM du 05 juin\u00a0 2015<\/p>\n<p><strong>Autorisation d\u2019ouverture<\/strong>\u00a0: N\u00b015\/05584\/L\/MINESUP\/DDES\/ESUP\/SDA\/MM du 05 juin\u00a0 2015<\/p>\n<p><strong>FILI\u00c8RES, SP\u00c9CIALIT\u00c9S ET DIPL\u00d4MES AUTORIS\u00c9ES<\/strong><\/p>\n<p><strong>Dipl\u00f4me\u00a0: BTS<\/strong><strong> \u00a0\u00a0<\/strong><\/p>\n<p><strong><u>Fili\u00e8re 1<\/u><\/strong><strong>\u00a0:<\/strong><strong> Commerciale et de Gestion <\/strong><\/p>\n<p><strong><u>Sp\u00e9cialit\u00e9s<\/u><\/strong>\u00a0: Commerce International &#8211; Comptabilit\u00e9 et Gestion des Entreprises\u00a0\u00a0&#8211; Assurance &#8211;\u00a0 Informatique de Gestion\u00a0\u2013 Banque et finance &#8211; \u00a0secr\u00e9tariat de direction &#8211; Gestion Logistique et Transport &#8211; Action Commerciale. &#8211;<\/p>\n<p><strong><u>Fili\u00e8re\u00a02<\/u><\/strong><strong> : Industrielle et Technologique <\/strong><\/p>\n<p><strong><u>Sp\u00e9cialit\u00e9s<\/u><\/strong> : Maintenance des Syst\u00e8mes Informatiques\u00a0 &#8211; Informatique Industrielle \u00a0&#8211; G\u00e9nie Civil &#8211; G\u00e9nie M\u00e9canique (<em><u>Option<\/u><\/em><strong>\u00a0<\/strong>: Maintenance et Apr\u00e8s Vente Automobile).<\/p>\n<p><strong>\u00a0<\/strong><\/p>\n<p><strong>Dipl\u00f4me<\/strong>\u00a0<strong>:<\/strong> Licence en th\u00e9ologie.<\/p>\n<p>Fili\u00e8re 1\u00a0:<strong> Th\u00e9ologie \u00a0<\/strong><\/p>\n<p><strong><u>Sp\u00e9cialit\u00e9<\/u><\/strong> : Th\u00e9ologie Africaine de Lib\u00e9ration:<\/p>\n","protected":false},"excerpt":{"rendered":"<p>&#46;&#46;&#46;<\/p>\n","protected":false},"author":2,"featured_media":0,"parent":1749,"menu_order":0,"comment_status":"closed","ping_status":"closed","template":"","meta":[],"_links":{"self":[{"href":"https:\/\/www.minesup.gov.cm\/index.php\/wp-json\/wp\/v2\/pages\/7385"}],"collection":[{"href":"https:\/\/www.minesup.gov.cm\/index.php\/wp-json\/wp\/v2\/pages"}],"about":[{"href":"https:\/\/www.minesup.gov.cm\/index.php\/wp-json\/wp\/v2\/types\/page"}],"author":[{"embeddable":true,"href":"https:\/\/www.minesup.gov.cm\/index.php\/wp-json\/wp\/v2\/users\/2"}],"replies":[{"embeddable":true,"href":"https:\/\/www.minesup.gov.cm\/index.php\/wp-json\/wp\/v2\/comments?post=7385"}],"version-history":[{"count":0,"href":"https:\/\/www.minesup.gov.cm\/index.php\/wp-json\/wp\/v2\/pages\/7385\/revisions"}],"up":[{"embeddable":true,"href":"https:\/\/www.minesup.gov.cm\/index.php\/wp-json\/wp\/v2\/pages\/1749"}],"wp:attachment":[{"href":"https:\/\/www.minesup.gov.cm\/index.php\/wp-json\/wp\/v2\/media?parent=7385"}],"curies":[{"name":"wp","href":"https:\/\/api.w.org\/{rel}","templated":true}]}}