{"id":7389,"date":"2019-06-19T12:20:43","date_gmt":"2019-06-19T10:20:43","guid":{"rendered":"https:\/\/minesup.gov.cm\/?page_id=7389"},"modified":"2019-06-19T12:20:43","modified_gmt":"2019-06-19T10:20:43","slug":"institut-denseignement-superieur-foyaguem-iesf","status":"publish","type":"page","link":"https:\/\/www.minesup.gov.cm\/index.php\/region-de-louest\/institut-denseignement-superieur-foyaguem-iesf\/","title":{"rendered":"Institut d\u2019Enseignement Sup\u00e9rieur Foyaguem (IESF)"},"content":{"rendered":"<p><strong>\u00a0\u00a0<\/strong><strong>INFORMATIONS D\u2019IDENTIFICATION\u00a0 <\/strong><\/p>\n<p><strong>Nom de l\u2019institution\u00a0<\/strong>: Institut<strong> d\u2019Enseignement Sup\u00e9rieur Foyaguem (IESF)<\/strong><br \/>\n<strong>Nom du promoteur<\/strong>\u00a0: TEMGOUA <strong>Etienne<\/strong><br \/>\n<strong>R\u00e9gion\u00a0<\/strong>: Ouest<br \/>\n<strong>D\u00e9partement\u00a0<\/strong>: Menoua.<br \/>\n<strong>Arrondissement\u00a0<\/strong>: Dschang<br \/>\n<strong>Site de localisation\u00a0<\/strong>: Keleng<br \/>\n<strong>Adresse postale<\/strong>\u00a0:<br \/>\n<strong>B.P<\/strong>.\u00a0: 5410 Dschang<br \/>\n<strong>T\u00e9l\u00e9phone\u00a0<\/strong>: +237\u00a0699\u00a0622\u00a0308\u00a0 \/ 675\u00a0275 815<br \/>\n<strong>Email<\/strong>\u00a0:\u00a0docteur.foyaguem@yahoo.fr<br \/>\n<strong>Site web<\/strong>\u00a0:<br \/>\n<strong>Adresse dans les r\u00e9seaux sociaux\u00a0<\/strong>:<\/p>\n<p><strong>INFORMATIONS SUR LE STATUT D\u2019ACCR\u00c9DITATION<\/strong><\/p>\n<p><strong>Arr\u00eat\u00e9s portant cr\u00e9ation <\/strong>: N\u00b015\/08927\/L\/MINESUP\/SG\/DDES\/ESUP\/SDA\/AEO du\u00a0 18 septembre 2015.<br \/>\n<strong>Autorisation d\u2019ouverture<\/strong>\u00a0: N\u00b015\/08927\/L\/MINESUP\/SG\/DDES\/ESUP\/SDA\/AEO du\u00a0 18 septembre 2015<\/p>\n<p><strong>FILI\u00c8RES, SP\u00c9CIALIT\u00c9S ET DIPL\u00d4MES AUTORIS\u00c9ES<\/strong><\/p>\n<p><strong>Dipl\u00f4me\u00a0: BTS.<\/strong><\/p>\n<p><strong>\u00a0F<u>ili\u00e8re 1<\/u><\/strong><strong>\u00a0: Agriculture<\/strong><\/p>\n<p><strong><u>Sp\u00e9cialit\u00e9s<\/u><\/strong>\u00a0: Production V\u00e9g\u00e9tale &#8211; Production Animale &#8211; Entrepreneur Agropastoral &#8211; Conseiller Agropastoral.<\/p>\n<p><strong><u>Fili\u00e8re 2<\/u><\/strong><strong>\u00a0: Commerciale et de Gestion<\/strong><\/p>\n<p><strong><u>Sp\u00e9cialit\u00e9<\/u><\/strong>\u00a0: Banque &#8211; Assurances &#8211; Action Commerciale &#8211; Commerce International- Gestion Logistique et Transport &#8211; Informatique de Gestion.<\/p>\n<p><strong>\u00a0<\/strong><\/p>\n<p><strong>Dipl\u00f4me\u00a0: DSEP.<\/strong><\/p>\n<p><strong>\u00a0<u>Fili\u00e8re1<\/u><\/strong><strong>\u00a0: Professions M\u00e9dico-Sanitaire et Pharmaceutiques<\/strong><\/p>\n<p><strong><u>Sp\u00e9cialit\u00e9s<\/u><\/strong>\u00a0: Soins Infirmiers\u00a0 &#8211; Sage Femme &#8211; Techniques de Laboratoire &#8211; Kin\u00e9sith\u00e9rapie \u2013 Imagerie M\u00e9dicale.<\/p>\n<p><strong><u>Fili\u00e8re 2<\/u><\/strong><strong>\u00a0: Gestion des Entreprises et des Administrations<\/strong><\/p>\n<p><strong><u>Sp\u00e9cialit\u00e9s<\/u><\/strong>\u00a0: Ressources Humaines &#8211; Petites et Moyennes Entreprises.:<\/p>\n","protected":false},"excerpt":{"rendered":"<p>&#46;&#46;&#46;<\/p>\n","protected":false},"author":2,"featured_media":0,"parent":1749,"menu_order":0,"comment_status":"closed","ping_status":"closed","template":"","meta":[],"_links":{"self":[{"href":"https:\/\/www.minesup.gov.cm\/index.php\/wp-json\/wp\/v2\/pages\/7389"}],"collection":[{"href":"https:\/\/www.minesup.gov.cm\/index.php\/wp-json\/wp\/v2\/pages"}],"about":[{"href":"https:\/\/www.minesup.gov.cm\/index.php\/wp-json\/wp\/v2\/types\/page"}],"author":[{"embeddable":true,"href":"https:\/\/www.minesup.gov.cm\/index.php\/wp-json\/wp\/v2\/users\/2"}],"replies":[{"embeddable":true,"href":"https:\/\/www.minesup.gov.cm\/index.php\/wp-json\/wp\/v2\/comments?post=7389"}],"version-history":[{"count":0,"href":"https:\/\/www.minesup.gov.cm\/index.php\/wp-json\/wp\/v2\/pages\/7389\/revisions"}],"up":[{"embeddable":true,"href":"https:\/\/www.minesup.gov.cm\/index.php\/wp-json\/wp\/v2\/pages\/1749"}],"wp:attachment":[{"href":"https:\/\/www.minesup.gov.cm\/index.php\/wp-json\/wp\/v2\/media?parent=7389"}],"curies":[{"name":"wp","href":"https:\/\/api.w.org\/{rel}","templated":true}]}}