{"id":7391,"date":"2019-06-19T12:24:17","date_gmt":"2019-06-19T10:24:17","guid":{"rendered":"https:\/\/minesup.gov.cm\/?page_id=7391"},"modified":"2019-06-26T00:01:01","modified_gmt":"2019-06-25T22:01:01","slug":"institut-de-technologie-de-lindustrie-du-management-et-de-lentrepreneuriat-intime","status":"publish","type":"page","link":"https:\/\/www.minesup.gov.cm\/index.php\/region-de-louest\/institut-de-technologie-de-lindustrie-du-management-et-de-lentrepreneuriat-intime\/","title":{"rendered":"Institut de Technologie de l\u2019Industrie, du Management et de l\u2019Entrepreneuriat (INTIME)"},"content":{"rendered":"<p style=\"text-align: center;\"><strong>INFORMATIONS D\u2019IDENTIFICATION<\/strong><\/p>\n<p style=\"text-align: justify;\"><strong>Nom de l\u2019institution\u00a0<\/strong>: Institut de Technologie de l\u2019Industrie, du Management et de l\u2019Entrepreneuriat (INTIME)<br \/>\n<strong>Nom du promoteur<\/strong>\u00a0: SOH FOTSING Bertin D\u00e9sir\u00e9<br \/>\n<strong>R\u00e9gion\u00a0<\/strong>: Ouest<br \/>\n<strong>D\u00e9partement\u00a0<\/strong>: Mifi<br \/>\n<strong>Arrondissement\u00a0<\/strong>: Bafoussam 1<sup>er<\/sup><br \/>\n<strong>Site de localisation\u00a0<\/strong>: carrefour total<br \/>\n<strong>Adresse postale<\/strong>\u00a0:<br \/>\n<strong>B.P<\/strong>.\u00a0: 1285 Bafoussam .<br \/>\n<strong>T\u00e9l\u00e9phone\u00a0<\/strong>: +237 699 70 19 09 \/ 33 44 25 08<br \/>\n<strong>Email<\/strong>\u00a0:<br \/>\n<strong>Site web<\/strong>\u00a0:<br \/>\n<strong>Adresse dans les r\u00e9seaux sociaux\u00a0<\/strong>:<\/p>\n<p style=\"text-align: center;\"><strong>INFORMATIONS SUR LE STATUT D\u2019ACCR\u00c9DITATION<\/strong><\/p>\n<p style=\"text-align: justify;\"><strong>Arr\u00eat\u00e9s portant cr\u00e9ation <\/strong>: N\u00b012\/0658\/MINESUP du 23 novembre 2012.<br \/>\n<strong>Autorisation d\u2019ouverture<\/strong>\u00a0: N\u00b013\/0587\/MINESUP du 02 d\u00e9cembre 2013.<\/p>\n<p style=\"text-align: center;\"><strong>FILI\u00c8RES, SP\u00c9CIALIT\u00c9S ET DIPL\u00d4MES AUTORIS\u00c9ES<\/strong><\/p>\n<p><strong>Dipl\u00f4me\u00a0: BTS<\/strong><br \/>\n<strong><u>Fili\u00e8re 1<\/u><\/strong><strong>\u00a0:<\/strong><strong> Commerciale et de Gestion<\/strong><br \/>\n<strong><u>Sp\u00e9cialit\u00e9s<\/u><\/strong>\u00a0: Comptabilit\u00e9 et Gestion des Entreprises\u00a0\u00a0&#8211; Banque &#8211; Assurances &#8211; Gestion Logistique et Transport &#8211; Action Commerciale &#8211;\u00a0 Commerce International &#8211; Informatique de Gestion\u00a0&#8211;\u00a0 Secr\u00e9tariat et Bureautique (<em><u>Option<\/u><\/em><strong>\u00a0<\/strong>: Secr\u00e9tariat Bureautique Bilingue)<br \/>\n<strong><u>Fili\u00e8re 2<\/u><\/strong><strong>\u00a0: <\/strong><strong>Touristique et sociale<\/strong><br \/>\n<strong><u>Sp\u00e9cialit\u00e9s<\/u><\/strong>\u00a0: Economie Sociale et Familiale &#8211; H\u00f4tellerie et Restauration \u2013 Tourisme..<\/p>\n<p><strong><u>Fili\u00e8re 3<\/u><\/strong><strong>\u00a0:<\/strong><strong> Communication<\/strong><br \/>\n<strong><u>Sp\u00e9cialit\u00e9<\/u><\/strong> : Information-Communication (<em><u>Options<\/u><\/em>\u00a0: Communication d\u2019Entreprise\u00a0; Journalisme).<br \/>\n<strong><u>Fili\u00e8re\u00a04<\/u><\/strong><strong> : Agriculture.<\/strong><br \/>\n<strong><u>Fili\u00e8re 5<\/u><\/strong><strong> : <\/strong><strong>Industrielle et Technologique.<\/strong><br \/>\n<strong><u>Sp\u00e9cialit\u00e9s<\/u><\/strong> : &#8211; G\u00e9nie Civil (<em><u>Options<\/u><\/em><strong>\u00a0<\/strong>: B\u00e2timent\u00a0; Travaux Publics) &#8211; Maintenance des Syst\u00e8mes Informatiques\u00a0&#8211; G\u00e9nie M\u00e9canique (<em><u>Option<\/u><\/em><strong>\u00a0<\/strong>: Maintenance et Apr\u00e8s Vente Automobile)- Informatique Industrielle &#8211; G\u00e9nie Electrique (<em><u>Options<\/u><\/em><\/p>\n<p><strong>Dipl\u00f4me\u00a0: DSEP<\/strong><br \/>\nFili\u00e8re 1\u00a0: Gestion des Entreprises et des Administrations.<br \/>\n<strong><u>Sp\u00e9cialit\u00e9<\/u><\/strong><strong>\u00a0: Ressources humaines.<\/strong><\/p>\n","protected":false},"excerpt":{"rendered":"<p>&#46;&#46;&#46;<\/p>\n","protected":false},"author":2,"featured_media":0,"parent":1749,"menu_order":0,"comment_status":"closed","ping_status":"closed","template":"","meta":[],"_links":{"self":[{"href":"https:\/\/www.minesup.gov.cm\/index.php\/wp-json\/wp\/v2\/pages\/7391"}],"collection":[{"href":"https:\/\/www.minesup.gov.cm\/index.php\/wp-json\/wp\/v2\/pages"}],"about":[{"href":"https:\/\/www.minesup.gov.cm\/index.php\/wp-json\/wp\/v2\/types\/page"}],"author":[{"embeddable":true,"href":"https:\/\/www.minesup.gov.cm\/index.php\/wp-json\/wp\/v2\/users\/2"}],"replies":[{"embeddable":true,"href":"https:\/\/www.minesup.gov.cm\/index.php\/wp-json\/wp\/v2\/comments?post=7391"}],"version-history":[{"count":0,"href":"https:\/\/www.minesup.gov.cm\/index.php\/wp-json\/wp\/v2\/pages\/7391\/revisions"}],"up":[{"embeddable":true,"href":"https:\/\/www.minesup.gov.cm\/index.php\/wp-json\/wp\/v2\/pages\/1749"}],"wp:attachment":[{"href":"https:\/\/www.minesup.gov.cm\/index.php\/wp-json\/wp\/v2\/media?parent=7391"}],"curies":[{"name":"wp","href":"https:\/\/api.w.org\/{rel}","templated":true}]}}