{"id":7393,"date":"2019-06-19T12:26:06","date_gmt":"2019-06-19T10:26:06","guid":{"rendered":"https:\/\/minesup.gov.cm\/?page_id=7393"},"modified":"2019-06-19T12:26:06","modified_gmt":"2019-06-19T10:26:06","slug":"institut-superieur-des-sciences-et-de-technologie-isst-de-bangangte","status":"publish","type":"page","link":"https:\/\/www.minesup.gov.cm\/index.php\/region-de-louest\/institut-superieur-des-sciences-et-de-technologie-isst-de-bangangte\/","title":{"rendered":"Institut Sup\u00e9rieur  des Sciences et de Technologie (ISST) de Bangangt\u00e9"},"content":{"rendered":"<p><strong>INFORMATIONS D\u2019IDENTIFICATION <\/strong><\/p>\n<p><strong>Nom de l\u2019institution\u00a0<\/strong>: <strong>Institut Sup\u00e9rieur\u00a0 des Sciences et de Technologie (ISST) de Bangangt\u00e9<\/strong><\/p>\n<p><strong>Nom du promoteur<\/strong>\u00a0: <strong>KAPTUE Lazare<\/strong><\/p>\n<p><strong>R\u00e9gion\u00a0<\/strong>: Ouest<br \/>\n<strong>D\u00e9partement\u00a0<\/strong>: Nde<br \/>\n<strong>Arrondissement\u00a0<\/strong>: bangangt\u00e9<br \/>\n<strong>Site de localisation\u00a0<\/strong>: Fentchum<br \/>\n<strong>Adresse postale<\/strong>\u00a0:<br \/>\n<strong>B.P<\/strong>.\u00a0: 208\u00a0 Bangangt\u00e9<br \/>\n<strong>T\u00e9l\u00e9phone\u00a0<\/strong>: +237\u00a0677\u00a0745 411 \/\u00a0 33 02 51 41<br \/>\n<strong>Email<\/strong>\u00a0:<br \/>\n<strong>Site web<\/strong>\u00a0:www.aed \u2013 udm.org<br \/>\n<strong>Adresse dans les r\u00e9seaux sociaux\u00a0<\/strong>:<\/p>\n<p><strong>INFORMATIONS SUR LE STATUT D\u2019ACCR\u00c9DITATION<\/strong><\/p>\n<p><strong>Arr\u00eat\u00e9s portant cr\u00e9ation <\/strong>: N\u00b005\/0013\/MINESUP du <strong>12 janvier 2005<\/strong>.<\/p>\n<p><strong>Autorisation d\u2019ouverture<\/strong>\u00a0: N\u00b005\/0025\/MINESUP du 12\u00a0janvier 2005.\u00a0 <strong>\u00a0Compl\u00e9t\u00e9e par l\u2019arr\u00eat\u00e9<\/strong> N\u00b008\/0279\/MINSUP du 03 octobre 2008.<\/p>\n<p><strong>FILI\u00c8RES, SP\u00c9CIALIT\u00c9S ET DIPL\u00d4MES AUTORIS\u00c9ES<\/strong><\/p>\n<p><strong>Dipl\u00f4me\u00a0: DSEP<\/strong><\/p>\n<p><strong><u>Fili\u00e8re 1<\/u><\/strong><strong>\u00a0: <\/strong><strong>G\u00e9nie Electrique et T\u00e9l\u00e9communication <\/strong><\/p>\n<p><strong><u>Sp\u00e9cialit\u00e9<\/u><\/strong><strong>\u00a0<\/strong>: T\u00e9l\u00e9communication et R\u00e9seaux.<\/p>\n<p><strong><u>Fili\u00e8re 2<\/u><\/strong><strong>\u00a0: Informatique<\/strong><\/p>\n<p><strong><u>Sp\u00e9cialit\u00e9<\/u><\/strong><strong> : <\/strong>G\u00e9nie Informatique<\/p>\n<p><strong><u>Fili\u00e8re 3<\/u><\/strong><strong>\u00a0: Maintenance Industrielle<\/strong><\/p>\n<p><strong><u>Sp\u00e9cialit\u00e9s<\/u><\/strong><strong>\u00a0<\/strong>: Maintenance du Mat\u00e9riel Biom\u00e9dical et M\u00e9dico-sanitaire.<\/p>\n<p><strong>\u00a0Dipl\u00f4me Licence professionnelle.<\/strong><\/p>\n<p><strong>\u00a0<u>Fili\u00e8re 1<\/u><\/strong><strong>\u00a0: <\/strong><strong>G\u00e9nie Electrique et T\u00e9l\u00e9communication\u00a0\u00a0\u00a0 <\/strong><\/p>\n<p><strong><u>Sp\u00e9cialit\u00e9s<\/u><\/strong><strong>\u00a0<\/strong>: T\u00e9l\u00e9communication et R\u00e9seaux &#8211; Informatique et R\u00e9seaux.<\/p>\n<p><strong><u>Fili\u00e8re 2<\/u><\/strong><strong>\u00a0: Maintenance Industrielle\u00a0\u00a0 <\/strong><\/p>\n<p><strong><u>Sp\u00e9cialit\u00e9s<\/u><\/strong><strong>\u00a0<\/strong>: Maintenance du Mat\u00e9riel Biom\u00e9dical &#8211; G\u00e9nie Productique et Proc\u00e9d\u00e9s &#8211; G\u00e9nie des Proc\u00e9d\u00e9s, M\u00e9thodes et Fabrication.<\/p>\n<p>.<\/p>\n<p><strong>\u00a0<\/strong><\/p>\n<p><strong>Diplomes\u00a0: Master professionnel (Universit\u00e9<\/strong><strong> de Yaound\u00e9 I)<\/strong><\/p>\n<p><strong>\u00a0<\/strong><\/p>\n<p><strong><u>Fili\u00e8re 1<\/u><\/strong><strong>\u00a0: <\/strong><strong>G\u00e9nie Electrique<\/strong><\/p>\n<p><strong><u>Fili\u00e8re 2<\/u><\/strong><strong>\u00a0: <\/strong><strong>G\u00e9nie Industriel<\/strong><\/p>\n","protected":false},"excerpt":{"rendered":"<p>&#46;&#46;&#46;<\/p>\n","protected":false},"author":2,"featured_media":0,"parent":1749,"menu_order":0,"comment_status":"closed","ping_status":"closed","template":"","meta":[],"_links":{"self":[{"href":"https:\/\/www.minesup.gov.cm\/index.php\/wp-json\/wp\/v2\/pages\/7393"}],"collection":[{"href":"https:\/\/www.minesup.gov.cm\/index.php\/wp-json\/wp\/v2\/pages"}],"about":[{"href":"https:\/\/www.minesup.gov.cm\/index.php\/wp-json\/wp\/v2\/types\/page"}],"author":[{"embeddable":true,"href":"https:\/\/www.minesup.gov.cm\/index.php\/wp-json\/wp\/v2\/users\/2"}],"replies":[{"embeddable":true,"href":"https:\/\/www.minesup.gov.cm\/index.php\/wp-json\/wp\/v2\/comments?post=7393"}],"version-history":[{"count":0,"href":"https:\/\/www.minesup.gov.cm\/index.php\/wp-json\/wp\/v2\/pages\/7393\/revisions"}],"up":[{"embeddable":true,"href":"https:\/\/www.minesup.gov.cm\/index.php\/wp-json\/wp\/v2\/pages\/1749"}],"wp:attachment":[{"href":"https:\/\/www.minesup.gov.cm\/index.php\/wp-json\/wp\/v2\/media?parent=7393"}],"curies":[{"name":"wp","href":"https:\/\/api.w.org\/{rel}","templated":true}]}}