{"id":7397,"date":"2019-06-19T12:31:13","date_gmt":"2019-06-19T10:31:13","guid":{"rendered":"https:\/\/minesup.gov.cm\/?page_id=7397"},"modified":"2019-06-23T17:41:52","modified_gmt":"2019-06-23T15:41:52","slug":"8-informations-didentification-nom-de-linstitution-institut-superieur-de-bafoussam-nom-du-promoteur-tahofo-tanguieng-dieudonne-region-ouest-departement-mifi-arrondissement","status":"publish","type":"page","link":"https:\/\/www.minesup.gov.cm\/index.php\/region-de-louest\/8-informations-didentification-nom-de-linstitution-institut-superieur-de-bafoussam-nom-du-promoteur-tahofo-tanguieng-dieudonne-region-ouest-departement-mifi-arrondissement\/","title":{"rendered":"Institut Sup\u00e9rieur de Bafoussam"},"content":{"rendered":"<p style=\"text-align: center;\"><strong>INFORMATIONS D\u2019IDENTIFICATION<\/strong><\/p>\n<p><strong>Nom de l\u2019institution\u00a0<\/strong>: Institut Sup\u00e9rieur de Bafoussam<br \/>\n<strong>Nom du promoteur<\/strong>\u00a0: TAHOFO TANGUIENG Dieudonn\u00e9<br \/>\n<strong>R\u00e9gion\u00a0<\/strong>: Ouest<br \/>\n<strong>D\u00e9partement\u00a0<\/strong>: Mifi<br \/>\n<strong>Arrondissement\u00a0<\/strong>: Bafoussam 1<sup>er<\/sup><br \/>\n<strong>Site de localisation\u00a0<\/strong>: Banengo<br \/>\n<strong>Adresse postale<\/strong>\u00a0:<br \/>\n<strong>B.P<\/strong>.\u00a0: 1339 Bafoussam<br \/>\n<strong>T\u00e9l\u00e9phone\u00a0<\/strong>: +237<br \/>\n<strong>Email<\/strong>\u00a0:<br \/>\n<strong>Site web<\/strong>\u00a0:<br \/>\n<strong>Adresse dans les r\u00e9seaux sociaux\u00a0<\/strong>:<\/p>\n<p style=\"text-align: center;\"><strong>INFORMATIONS SUR LE STATUT D\u2019ACCR\u00c9DITATION<\/strong><\/p>\n<p><strong>Arr\u00eat\u00e9s portant cr\u00e9ation <\/strong>: N\u00b011\/0528\/MINESUP\/SG\/DDES du 05\u00a0octobre 2011<br \/>\n<strong>Autorisation d\u2019ouverture<\/strong>\u00a0: N\u00b013\/0054\/MINESUP du 09\u00a0janvier 2013.<\/p>\n<p style=\"text-align: center;\"><strong>FILI\u00c8RES, SP\u00c9CIALIT\u00c9S ET DIPL\u00d4MES AUTORIS\u00c9ES<\/strong><\/p>\n<p><strong>Dipl\u00f4me\u00a0: DSEP.<\/strong><\/p>\n<p><strong><u>Fili\u00e8re<\/u><\/strong><strong>\u00a0: Professions M\u00e9dico- Sanitaires <\/strong><\/p>\n<p><strong><u>Sp\u00e9cialit\u00e9s<\/u><\/strong> : Soins Infirmiers &#8211;\u00a0 Imagerie M\u00e9dicale &#8211; Kin\u00e9sith\u00e9rapie &#8211; Technique de Laboratoire M\u00e9dicale &#8211; Odontostomatologie &#8211; Etudes Pharmaceutiques.<\/p>\n","protected":false},"excerpt":{"rendered":"<p>&#46;&#46;&#46;<\/p>\n","protected":false},"author":2,"featured_media":0,"parent":1749,"menu_order":0,"comment_status":"closed","ping_status":"closed","template":"","meta":[],"_links":{"self":[{"href":"https:\/\/www.minesup.gov.cm\/index.php\/wp-json\/wp\/v2\/pages\/7397"}],"collection":[{"href":"https:\/\/www.minesup.gov.cm\/index.php\/wp-json\/wp\/v2\/pages"}],"about":[{"href":"https:\/\/www.minesup.gov.cm\/index.php\/wp-json\/wp\/v2\/types\/page"}],"author":[{"embeddable":true,"href":"https:\/\/www.minesup.gov.cm\/index.php\/wp-json\/wp\/v2\/users\/2"}],"replies":[{"embeddable":true,"href":"https:\/\/www.minesup.gov.cm\/index.php\/wp-json\/wp\/v2\/comments?post=7397"}],"version-history":[{"count":0,"href":"https:\/\/www.minesup.gov.cm\/index.php\/wp-json\/wp\/v2\/pages\/7397\/revisions"}],"up":[{"embeddable":true,"href":"https:\/\/www.minesup.gov.cm\/index.php\/wp-json\/wp\/v2\/pages\/1749"}],"wp:attachment":[{"href":"https:\/\/www.minesup.gov.cm\/index.php\/wp-json\/wp\/v2\/media?parent=7397"}],"curies":[{"name":"wp","href":"https:\/\/api.w.org\/{rel}","templated":true}]}}