{"id":7399,"date":"2019-06-19T12:38:55","date_gmt":"2019-06-19T10:38:55","guid":{"rendered":"https:\/\/minesup.gov.cm\/?page_id=7399"},"modified":"2019-06-19T12:38:55","modified_gmt":"2019-06-19T10:38:55","slug":"institut-superieur-de-gestion-et-deconomie-appliquee-de-bafoussam-sup-geco","status":"publish","type":"page","link":"https:\/\/www.minesup.gov.cm\/index.php\/region-de-louest\/institut-superieur-de-gestion-et-deconomie-appliquee-de-bafoussam-sup-geco\/","title":{"rendered":"Institut Sup\u00e9rieur de Gestion et d\u2019Economie Appliqu\u00e9e de Bafoussam (SUP GECO)."},"content":{"rendered":"<p>&nbsp;<\/p>\n<p>&nbsp;<\/p>\n<p>&nbsp;<\/p>\n<p>&nbsp;<\/p>\n<p><strong>9 INFORMATIONS D\u2019IDENTIFICATION<\/strong><\/p>\n<p><strong>Nom de l\u2019institution\u00a0<\/strong>: <strong>Institut Sup\u00e9rieur de Gestion et d\u2019Economie Appliqu\u00e9e de Bafoussam (SUP GECO).<\/strong><\/p>\n<p><strong>Nom du promoteur<\/strong>\u00a0: Emmanuel KUE<br \/>\n<strong>R\u00e9gion\u00a0<\/strong>: Ouest<br \/>\n<strong>D\u00e9partement\u00a0<\/strong>: Mifi<br \/>\n<strong>Arrondissement\u00a0<\/strong>: Bafoussam 1<sup>er<\/sup><br \/>\n<strong>Site de localisation\u00a0<\/strong>: Ndiandam<br \/>\n<strong>Adresse postale<\/strong>\u00a0:<br \/>\n<strong>B.P<\/strong>.\u00a0: 169 \u00a0Bafoussam<br \/>\n<strong>T\u00e9l\u00e9phone\u00a0<\/strong>: +237\u00a0675 07 98 95 \/ 696\u00a0661\u00a0828<br \/>\n<strong>Email<\/strong>\u00a0:<br \/>\n<strong>Site web<\/strong>\u00a0:<br \/>\n<strong>Adresse dans les r\u00e9seaux sociaux\u00a0<\/strong>:<\/p>\n<p><strong>INFORMATIONS SUR LE STATUT D\u2019ACCR\u00c9DITATION<\/strong><\/p>\n<p><strong>Arr\u00eat\u00e9s portant cr\u00e9ation <\/strong>: N\u00b005\/0011\/MINESUP du\u00a0 05 janvier 2005.<\/p>\n<p><strong>Autorisation d\u2019ouverture<\/strong>\u00a0: N\u00b012\/0371\/MINESUP du 16 ao\u00fbt 2012<\/p>\n<p><strong>FILI\u00c8RES, SP\u00c9CIALIT\u00c9S ET DIPL\u00d4MES AUTORIS\u00c9ES.<\/strong><\/p>\n<p><strong>Dipl\u00f4me\u00a0: BTS. <\/strong><\/p>\n<p><strong><u>Fili\u00e8re<\/u><\/strong><strong>\u00a0: Commerciale et de Gestion.<\/strong><\/p>\n<p><strong><u>Sp\u00e9cialit\u00e9s<\/u><\/strong>\u00a0: Comptabilit\u00e9 et Gestion des Entreprises\u00a0\u00a0&#8211; Informatique de Gestion\u00a0&#8211;\u00a0 Action Commerciale &#8211; Secr\u00e9tariat et Bureautique (<em><u>Options<\/u><\/em><strong>\u00a0<\/strong>: Secr\u00e9tariat Bureautique Bilingue\u00a0; Secr\u00e9tariat de Direction) &#8211; Commerce International &#8211; Banque &#8211; Assurances &#8211; Gestion Logistique et Transport.<\/p>\n<p><strong>Dipl\u00f4me\u00a0: DSEP.<\/strong><\/p>\n<p><strong><u>Fili\u00e8re\u00a0 1<\/u><\/strong><strong>\u00a0:<\/strong><strong> Gestion des Entreprises et des organisations<\/strong><\/p>\n<p><strong><u>Sp\u00e9cialit\u00e9<\/u><\/strong> : Ressources Humaines<\/p>\n<p><strong><u>Fili\u00e8re 2<\/u><\/strong><strong>\u00a0:<\/strong><strong> Marketing, Commerce, Vente<\/strong><\/p>\n<p><strong><u>Fili\u00e8re 3<\/u><\/strong><strong>\u00a0:<\/strong><strong> Expertise Comptable<\/strong><\/p>\n<p><strong><u>Fili\u00e8re 4<\/u><\/strong><strong>\u00a0:<\/strong><strong> Finance Comptabilit\u00e9<\/strong><\/p>\n<p><strong>\u00a0<\/strong><\/p>\n<p><strong>\u00a0<\/strong><\/p>\n<p><strong>\u00a0<\/strong><\/p>\n<p><strong>\u00a0<\/strong><\/p>\n<p><strong>\u00a0<\/strong><\/p>\n<p>&nbsp;<\/p>\n<p><strong>\u00a0<\/strong><\/p>\n<p><strong>\u00a0<\/strong><\/p>\n<p><strong>\u00a0<\/strong><\/p>\n<p><strong>\u00a0<\/strong><\/p>\n","protected":false},"excerpt":{"rendered":"<p>&#46;&#46;&#46;<\/p>\n","protected":false},"author":2,"featured_media":0,"parent":1749,"menu_order":0,"comment_status":"closed","ping_status":"closed","template":"","meta":[],"_links":{"self":[{"href":"https:\/\/www.minesup.gov.cm\/index.php\/wp-json\/wp\/v2\/pages\/7399"}],"collection":[{"href":"https:\/\/www.minesup.gov.cm\/index.php\/wp-json\/wp\/v2\/pages"}],"about":[{"href":"https:\/\/www.minesup.gov.cm\/index.php\/wp-json\/wp\/v2\/types\/page"}],"author":[{"embeddable":true,"href":"https:\/\/www.minesup.gov.cm\/index.php\/wp-json\/wp\/v2\/users\/2"}],"replies":[{"embeddable":true,"href":"https:\/\/www.minesup.gov.cm\/index.php\/wp-json\/wp\/v2\/comments?post=7399"}],"version-history":[{"count":0,"href":"https:\/\/www.minesup.gov.cm\/index.php\/wp-json\/wp\/v2\/pages\/7399\/revisions"}],"up":[{"embeddable":true,"href":"https:\/\/www.minesup.gov.cm\/index.php\/wp-json\/wp\/v2\/pages\/1749"}],"wp:attachment":[{"href":"https:\/\/www.minesup.gov.cm\/index.php\/wp-json\/wp\/v2\/media?parent=7399"}],"curies":[{"name":"wp","href":"https:\/\/api.w.org\/{rel}","templated":true}]}}