{"id":7405,"date":"2019-06-19T12:45:53","date_gmt":"2019-06-19T10:45:53","guid":{"rendered":"https:\/\/minesup.gov.cm\/?page_id=7405"},"modified":"2019-06-19T12:45:53","modified_gmt":"2019-06-19T10:45:53","slug":"institut-superieur-islamique-de-foumban-isif","status":"publish","type":"page","link":"https:\/\/www.minesup.gov.cm\/index.php\/region-de-louest\/institut-superieur-islamique-de-foumban-isif\/","title":{"rendered":"Institut  Sup\u00e9rieur Islamique de Foumban (ISIF)"},"content":{"rendered":"<p><strong>INFORMATIONS D\u2019IDENTIFICATION <\/strong><\/p>\n<p><strong>Nom de l\u2019institution\u00a0<\/strong>: Institut\u00a0 Sup\u00e9rieur Islamique de Foumban (ISIF)<br \/>\n<strong>Nom du promoteur<\/strong>\u00a0: LIPE Yacouba<br \/>\n<strong>R\u00e9gion\u00a0<\/strong>: Ouest<br \/>\n<strong>D\u00e9partement\u00a0<\/strong>: Noun<br \/>\n<strong>Arrondissement\u00a0<\/strong>: Foumban<br \/>\n<strong>Site de localisation\u00a0<\/strong>: kouga<br \/>\n<strong>Adresse postale<\/strong>\u00a0:<br \/>\n<strong>B.P<\/strong>.\u00a0: 1739<br \/>\n<strong>T\u00e9l\u00e9phone\u00a0<\/strong>: +237\u00a0677 53 70 69 \/ 699 87 58 82<br \/>\n<strong>Email<\/strong>\u00a0:<br \/>\n<strong>Site web<\/strong>\u00a0:<br \/>\n<strong>Adresse dans les r\u00e9seaux sociaux\u00a0<\/strong>:<\/p>\n<p><strong>INFORMATIONS SUR LE STATUT D\u2019ACCR\u00c9DITATION<\/strong><\/p>\n<p><strong>Arr\u00eat\u00e9s portant cr\u00e9ation <\/strong>: n\u00b0 15 \u2013 08884\/L\/MINESUP\/SG\/DDES\/ESUP\/SDA\/GA du 15 sept 2015.<br \/>\n<strong>Autorisation d\u2019ouverture<\/strong>\u00a0: n\u00b0 17 \u2013 08116\/ MINESUP\/SG\/DDES\/ESUP\/SDA\/MM du 04 out 2017.<\/p>\n<p><strong>FILI\u00c8RES, SP\u00c9CIALIT\u00c9S ET DIPL\u00d4MES AUTORIS\u00c9ES<\/strong><\/p>\n<p><strong>Dipl\u00f4me\u00a0: BTS <\/strong><\/p>\n<p>Fili\u00e8re 1\u00a0: Commerce\u00a0 &#8211; vente<\/p>\n<p>Sp\u00e9cialit\u00e9s\u00a0: Commerce international\u00a0; Marketing \u2013 commerce \u2013vente\u00a0;<\/p>\n<p>Fili\u00e8re 2\u00a0: Gestion<\/p>\n<p>Sp\u00e9cialit\u00e9s\u00a0: Banque et finance\u00a0; Comptabilit\u00e9 et Gestion des entreprises\u00a0; Gestion des syst\u00e8mes d\u2019information\u00a0;<\/p>\n<p>Fili\u00e8re 3\u00a0: Tourisme, H\u00f4tellerie et Restauration.<\/p>\n<p>Sp\u00e9cialit\u00e9s\u00a0h\u00f4tellerie (options gestion et management h\u00f4teliers\u00a0; Management et techniques d\u2019h\u00e9bergement) Restauration options G\u00e9nie culinaire\u00a0; commercialisation et services de restauration)<\/p>\n<p><strong>\u00a0Dipl\u00f4me: HND<\/strong><\/p>\n<p><strong>\u00a0<\/strong>Fili\u00e8re 1: Business, finance and management<\/p>\n<p>Sp\u00e9cialit\u00e9s\u00a0: Banking and finance, Management , Marketing, Accountancy, Insurance, Executive Secretarial Studies.<\/p>\n<p>Fili\u00e8re 2\u00a0: Home Economics<\/p>\n<p>Sp\u00e9cialit\u00e9s: Home Economics (options Bakery and Food processing, Fashion design, Clothing and textile)<\/p>\n<p>Fili\u00e8re 3\u00a0: Tourism and H\u00f4tel Management<\/p>\n<p>Sp\u00e9cialit\u00e9s\u00a0: Food Management and Catering , Food beverage and Restoration Management.<\/p>\n<p>Fili\u00e8re 4\u00a0: Education and Professional Development<\/p>\n<p>Sp\u00e9cialit\u00e9s: Education, Distance and Continuing Education (options: Professional Studies in Education, Vocational Guidance and Student Counseling).<\/p>\n","protected":false},"excerpt":{"rendered":"<p>&#46;&#46;&#46;<\/p>\n","protected":false},"author":2,"featured_media":0,"parent":1749,"menu_order":0,"comment_status":"closed","ping_status":"closed","template":"","meta":[],"_links":{"self":[{"href":"https:\/\/www.minesup.gov.cm\/index.php\/wp-json\/wp\/v2\/pages\/7405"}],"collection":[{"href":"https:\/\/www.minesup.gov.cm\/index.php\/wp-json\/wp\/v2\/pages"}],"about":[{"href":"https:\/\/www.minesup.gov.cm\/index.php\/wp-json\/wp\/v2\/types\/page"}],"author":[{"embeddable":true,"href":"https:\/\/www.minesup.gov.cm\/index.php\/wp-json\/wp\/v2\/users\/2"}],"replies":[{"embeddable":true,"href":"https:\/\/www.minesup.gov.cm\/index.php\/wp-json\/wp\/v2\/comments?post=7405"}],"version-history":[{"count":0,"href":"https:\/\/www.minesup.gov.cm\/index.php\/wp-json\/wp\/v2\/pages\/7405\/revisions"}],"up":[{"embeddable":true,"href":"https:\/\/www.minesup.gov.cm\/index.php\/wp-json\/wp\/v2\/pages\/1749"}],"wp:attachment":[{"href":"https:\/\/www.minesup.gov.cm\/index.php\/wp-json\/wp\/v2\/media?parent=7405"}],"curies":[{"name":"wp","href":"https:\/\/api.w.org\/{rel}","templated":true}]}}