{"id":7411,"date":"2019-06-19T12:51:21","date_gmt":"2019-06-19T10:51:21","guid":{"rendered":"https:\/\/minesup.gov.cm\/?page_id=7411"},"modified":"2019-06-23T22:21:21","modified_gmt":"2019-06-23T20:21:21","slug":"informations-didentification-nom-de-linstitution-institut-universitaire-royal-de-baboutcha-nintcheu-iurb-nom-du-promoteur-djiena-wembou-region-ouest-departement-arrondissem","status":"publish","type":"page","link":"https:\/\/www.minesup.gov.cm\/index.php\/region-de-louest\/informations-didentification-nom-de-linstitution-institut-universitaire-royal-de-baboutcha-nintcheu-iurb-nom-du-promoteur-djiena-wembou-region-ouest-departement-arrondissem\/","title":{"rendered":"Institut Universitaire Royal de Baboutcha-Nintcheu (IURB)"},"content":{"rendered":"<p style=\"text-align: center;\"><strong>INFORMATIONS D\u2019IDENTIFICATION<\/strong><\/p>\n<p><strong>Nom de l\u2019institution\u00a0<\/strong>: Institut Universitaire Royal de Baboutcha-Nintcheu (IURB)<br \/>\n<strong>Nom du promoteur<\/strong>\u00a0: <em>DJIENA WEMBOU<\/em><br \/>\n<strong>R\u00e9gion\u00a0<\/strong>: Ouest<br \/>\n<strong>D\u00e9partement\u00a0<\/strong>:<br \/>\n<strong>Arrondissement\u00a0<\/strong>:<br \/>\n<strong>Site de localisation\u00a0<\/strong>: Bafang<br \/>\n<strong>Adresse postale<\/strong>\u00a0:<br \/>\n<strong>B.P<\/strong>.\u00a0:285<br \/>\n<strong>T\u00e9l\u00e9phone\u00a0<\/strong>: +237<br \/>\n<strong>Email<\/strong>\u00a0:<br \/>\n<strong>Site web<\/strong>\u00a0:<br \/>\n<strong>Adresse dans les r\u00e9seaux sociaux\u00a0<\/strong>:<\/p>\n<p style=\"text-align: center;\"><strong>INFORMATIONS SUR LE STATUT D\u2019ACCR\u00c9DITATION<\/strong><\/p>\n<p style=\"text-align: left;\"><strong>Arr\u00eat\u00e9s portant cr\u00e9ation <\/strong>: N\u00b015\/03800\/L\/MINESUP\/SG\/DDES\/ESUP\/SDA\/MM du 21 avril 2015<br \/>\n<strong>Autorisation d\u2019ouverture<\/strong>\u00a0: N\u00b015\/03800\/L\/MINESUP\/SG\/DDES\/ESUP\/SDA\/MM du 21 avril 2015<br \/>\n<strong>Autorisation d\u2019extension provisoire<\/strong>\u00a0: N\u00b016\/11290\/L\/MINESUP\/SG\/DDES\/ESUP\/SDA\/AOSB du 04 octobre 2016<\/p>\n<p style=\"text-align: center;\"><strong>FILI\u00c8RES, SP\u00c9CIALIT\u00c9S ET DIPL\u00d4MES AUTORIS\u00c9ES<\/strong><\/p>\n<p><strong>Dipl\u00f4me\u00a0: BTS<\/strong><\/p>\n<p><strong><u>Fili\u00e8re 1<\/u><\/strong><strong>\u00a0: Commerciale et Gestion<\/strong><\/p>\n<p><strong><u>Sp\u00e9cialit\u00e9s<\/u><\/strong><strong>\u00a0<\/strong>: Banque\u00a0&#8211; Comptabilit\u00e9 et Gestion de Entreprises\u00a0&#8211; Secr\u00e9tariat Bureautique (<em><u>Options<\/u><\/em>\u00a0: Secr\u00e9tariat de Direction\u00a0; Secr\u00e9tariat Bureautique Bilingue)\u00a0&#8211; Gestion Logistique et Transport &#8211; Assurances.<\/p>\n<p><strong><u>Fili\u00e8re 2<\/u><\/strong><strong>\u00a0: Communication<\/strong><\/p>\n<p><strong><u>Sp\u00e9cialit\u00e9<\/u><\/strong><strong>\u00a0<\/strong>: Information-Communication (<em><u>Options<\/u><\/em>\u00a0: Communication d\u2019Entreprise).<\/p>\n<p><strong><u>Fili\u00e8re\u00a03<\/u><\/strong><strong> : Touristique et Sociale<\/strong><\/p>\n<p><strong><u>Sp\u00e9cialit\u00e9s<\/u><\/strong> : Tourisme et Loisir &#8211; H\u00f4tellerie et Restauration<\/p>\n<p>&nbsp;<\/p>\n","protected":false},"excerpt":{"rendered":"<p>&#46;&#46;&#46;<\/p>\n","protected":false},"author":2,"featured_media":0,"parent":1749,"menu_order":0,"comment_status":"closed","ping_status":"closed","template":"","meta":[],"_links":{"self":[{"href":"https:\/\/www.minesup.gov.cm\/index.php\/wp-json\/wp\/v2\/pages\/7411"}],"collection":[{"href":"https:\/\/www.minesup.gov.cm\/index.php\/wp-json\/wp\/v2\/pages"}],"about":[{"href":"https:\/\/www.minesup.gov.cm\/index.php\/wp-json\/wp\/v2\/types\/page"}],"author":[{"embeddable":true,"href":"https:\/\/www.minesup.gov.cm\/index.php\/wp-json\/wp\/v2\/users\/2"}],"replies":[{"embeddable":true,"href":"https:\/\/www.minesup.gov.cm\/index.php\/wp-json\/wp\/v2\/comments?post=7411"}],"version-history":[{"count":0,"href":"https:\/\/www.minesup.gov.cm\/index.php\/wp-json\/wp\/v2\/pages\/7411\/revisions"}],"up":[{"embeddable":true,"href":"https:\/\/www.minesup.gov.cm\/index.php\/wp-json\/wp\/v2\/pages\/1749"}],"wp:attachment":[{"href":"https:\/\/www.minesup.gov.cm\/index.php\/wp-json\/wp\/v2\/media?parent=7411"}],"curies":[{"name":"wp","href":"https:\/\/api.w.org\/{rel}","templated":true}]}}