{"id":7425,"date":"2019-06-19T13:09:06","date_gmt":"2019-06-19T11:09:06","guid":{"rendered":"https:\/\/minesup.gov.cm\/?page_id=7425"},"modified":"2019-06-23T17:20:36","modified_gmt":"2019-06-23T15:20:36","slug":"institut-superieur-des-sciences-appliquees-a-la-santeinssas","status":"publish","type":"page","link":"https:\/\/www.minesup.gov.cm\/index.php\/region-de-louest\/institut-superieur-des-sciences-appliquees-a-la-santeinssas\/","title":{"rendered":"Institut Sup\u00e9rieur des Sciences Appliqu\u00e9es \u00e0 la Sant\u00e9 (INSSAS)"},"content":{"rendered":"<p style=\"text-align: center;\"><strong>INFORMATIONS D\u2019IDENTIFICATION<\/strong><\/p>\n<p style=\"text-align: justify;\"><strong>Nom de l\u2019institution\u00a0<\/strong>: <strong>Institut Sup\u00e9rieur des Sciences Appliqu\u00e9es \u00e0 la Sant\u00e9(INSSAS)<\/strong><br \/>\n<strong>Nom du promoteur<\/strong>\u00a0: KUE Richard<br \/>\n<strong>R\u00e9gion\u00a0<\/strong>:<br \/>\n<strong>D\u00e9partement\u00a0<\/strong>:<br \/>\n<strong>Arrondissement\u00a0<\/strong>:<br \/>\n<strong>Site de localisation\u00a0<\/strong>:<br \/>\n<strong>Adresse postale<\/strong>\u00a0:<br \/>\n<strong>B.P<\/strong>.\u00a0:<br \/>\n<strong>T\u00e9l\u00e9phone\u00a0<\/strong>: +237<br \/>\n<strong>Email<\/strong>\u00a0:<br \/>\n<strong>Site web<\/strong>\u00a0:<br \/>\n<strong>Adresse dans les r\u00e9seaux sociaux\u00a0<\/strong>:<\/p>\n<p style=\"text-align: center;\"><strong>INFORMATIONS SUR LE STATUT D\u2019ACCR\u00c9DITATION<\/strong><\/p>\n<p style=\"text-align: justify;\"><strong>Arr\u00eat\u00e9s portant cr\u00e9ation <\/strong>: N\u00b012\/0664\/MINESUP du\u00a0 23 novembre 2012<br \/>\n<strong>Arr\u00eat\u00e9s portant ouverture <\/strong>: N\u00b014\/0405\/MINESUP\/SG\/DDES\/ du 04 juillet 2014<\/p>\n<p style=\"text-align: justify;\"><strong>FILI\u00c8RES, SP\u00c9CIALIT\u00c9S ET DIPL\u00d4MES AUTORIS\u00c9ES<\/strong><\/p>\n<p style=\"text-align: justify;\"><strong>Dipl\u00f4me <\/strong>DSEP<\/p>\n<p style=\"text-align: justify;\"><strong><u>Fili\u00e8re 1<\/u><\/strong><strong>\u00a0: <\/strong>Professions M\u00e9dicales et M\u00e9dico-Sanitaires<\/p>\n<p style=\"text-align: justify;\"><strong><u>Sp\u00e9cialit\u00e9s<\/u><\/strong> : Soins Infirmiers &#8211;\u00a0 Imagerie M\u00e9dicale &#8211; Technique de Laboratoire M\u00e9dicale &#8211; Sant\u00e9 de Reproduction &#8211; Etudes M\u00e9dicales &#8211; Etudes Pharmaceutiques &#8211; Physioth\u00e9rapie &#8211; Kin\u00e9sith\u00e9rapie.<\/p>\n","protected":false},"excerpt":{"rendered":"<p>&#46;&#46;&#46;<\/p>\n","protected":false},"author":2,"featured_media":0,"parent":1749,"menu_order":0,"comment_status":"closed","ping_status":"closed","template":"","meta":[],"_links":{"self":[{"href":"https:\/\/www.minesup.gov.cm\/index.php\/wp-json\/wp\/v2\/pages\/7425"}],"collection":[{"href":"https:\/\/www.minesup.gov.cm\/index.php\/wp-json\/wp\/v2\/pages"}],"about":[{"href":"https:\/\/www.minesup.gov.cm\/index.php\/wp-json\/wp\/v2\/types\/page"}],"author":[{"embeddable":true,"href":"https:\/\/www.minesup.gov.cm\/index.php\/wp-json\/wp\/v2\/users\/2"}],"replies":[{"embeddable":true,"href":"https:\/\/www.minesup.gov.cm\/index.php\/wp-json\/wp\/v2\/comments?post=7425"}],"version-history":[{"count":0,"href":"https:\/\/www.minesup.gov.cm\/index.php\/wp-json\/wp\/v2\/pages\/7425\/revisions"}],"up":[{"embeddable":true,"href":"https:\/\/www.minesup.gov.cm\/index.php\/wp-json\/wp\/v2\/pages\/1749"}],"wp:attachment":[{"href":"https:\/\/www.minesup.gov.cm\/index.php\/wp-json\/wp\/v2\/media?parent=7425"}],"curies":[{"name":"wp","href":"https:\/\/api.w.org\/{rel}","templated":true}]}}