{"id":7429,"date":"2019-06-19T13:11:50","date_gmt":"2019-06-19T11:11:50","guid":{"rendered":"https:\/\/minesup.gov.cm\/?page_id=7429"},"modified":"2019-06-19T13:11:50","modified_gmt":"2019-06-19T11:11:50","slug":"institut-universitaire-evangelique-du-cameroun-2","status":"publish","type":"page","link":"https:\/\/www.minesup.gov.cm\/index.php\/region-de-louest\/institut-universitaire-evangelique-du-cameroun-2\/","title":{"rendered":"Institut Universitaire Evang\u00e9lique du Cameroun"},"content":{"rendered":"<p><strong><u>NOUNEAUX PROGRAMMES<\/u><\/strong><\/p>\n<p><strong>INFORMATIONS D\u2019IDENTIFICATION<\/strong><\/p>\n<p><strong>Nom de l\u2019institution\u00a0<\/strong>: <strong>Institut Universitaire Evang\u00e9lique du Cameroun<\/strong><br \/>\n<strong>Nom du promoteur<\/strong>\u00a0: <em>Eglise Evang\u00e9lique du Cameroun <strong>repr\u00e9sent\u00e9e par\u00a0: BATOME HONGA Isaac<\/strong><\/em><br \/>\n<strong>R\u00e9gion\u00a0<\/strong>: Ouest<br \/>\n<strong>D\u00e9partement\u00a0<\/strong>:<br \/>\n<strong>Arrondissement\u00a0<\/strong>:<br \/>\n<strong>Site de localisation\u00a0<\/strong>: <strong>Bandjoun<\/strong>(Mbo)<br \/>\n<strong>Adresse postale<\/strong>\u00a0:<\/p>\n<p><strong>BP<\/strong>\u00a0: 89 Bandjoun<\/p>\n<p><strong>Fax<\/strong>\u00a0: 33 44 66 68<br \/>\n<strong>T\u00e9l\u00e9phone\u00a0<\/strong>: +237 33 06 64 79<br \/>\n<strong>Email<\/strong>\u00a0:<br \/>\n<strong>Site web<\/strong>\u00a0:<br \/>\n<strong>Adresse dans les r\u00e9seaux sociaux\u00a0<\/strong>:<\/p>\n<p><strong>INFORMATIONS SUR LE STATUT D\u2019ACCR\u00c9DITATION<\/strong><\/p>\n<p><strong>Autorisation d\u2019ouverture des fili\u00e8res \u00e0 l\u2019extension<\/strong>\u00a0: N\u00b018\/10073\/MINESUP\/SG\/ESUP\/SDA\/AOSB\u00a0 du 28 novembre 2018<\/p>\n<p><strong>FILI\u00c8RES, SP\u00c9CIALIT\u00c9S ET DIPL\u00d4MES AUTORIS\u00c9ES<\/strong><\/p>\n<p><strong>Dipl\u00f4me\u00a0: BTS<\/strong><\/p>\n<p><strong><u>\u00a0Fili\u00e8re<\/u><\/strong><strong>: Agriculture et Elevage<\/strong><\/p>\n<p><strong>\u00a0<u>Sp\u00e9cialit\u00e9s<\/u><\/strong><strong>\u00a0<\/strong>: Entrepreneuriat Agropastoral, Conseiller Agropastoral<\/p>\n<p><strong><u>Fili\u00e8re<\/u><\/strong><strong>: Commerce -Vente<\/strong><\/p>\n<p><strong>\u00a0<u>Sp\u00e9cialit\u00e9s<\/u><\/strong><strong>: <\/strong>Commerce International, Marketing, Commerce- Vente<\/p>\n<p><strong><u>Fili\u00e8re<\/u><\/strong><strong>: Gestion<\/strong><\/p>\n<p><strong><u>Sp\u00e9cialit\u00e9s<\/u><\/strong><strong>: <\/strong>Gestion Logistique et Transport, Gestion des Projets, Gestion des Syst\u00e8mes d\u2019Information, Ressources Humaines, Comptabilit\u00e9 et Gestionn des Entreprises<\/p>\n<p><strong><u>Fili\u00e8re<\/u><\/strong><strong>: Etudes M\u00e9dico-Sanitaires<\/strong><\/p>\n<p><strong>\u00a0<u>Sp\u00e9cialit\u00e9s<\/u><\/strong><strong>: <\/strong>Sage-femme, Sciences Infirmi\u00e8res, Kin\u00e9sieth\u00e9rapie<\/p>\n<p><strong><u>Fili\u00e8re<\/u><\/strong><strong>: Sciences et Techniques Biom\u00e9dicales<\/strong><\/p>\n<p><strong>\u00a0<u>Sp\u00e9cialit\u00e9s<\/u><\/strong><strong>: <\/strong>Techniques de Laboratoire et d\u2019Analyses M\u00e9dicales, Radiologie et Imagerie<\/p>\n<p><strong><u>Fili\u00e8re<\/u><\/strong><strong>: G\u00e9nie Informatigue<\/strong><\/p>\n<p><strong>\u00a0<u>Sp\u00e9cialit\u00e9s<\/u><\/strong><strong>: <\/strong>G\u00e9nie Logiciel, Infographie et Web-Design, Maintenance des Syst\u00e8mes Informatiques<\/p>\n<p><strong><u>Fili\u00e8re<\/u><\/strong><strong>: R\u00e9seaux et T\u00e9l\u00e9communication<\/strong><\/p>\n<p><strong>\u00a0<u>Sp\u00e9cialit\u00e9s<\/u><\/strong><strong>:<\/strong>T\u00e9l\u00e9communications, R\u00e9seaux et S\u00e9curit\u00e9<\/p>\n<p><strong>\u00a0<\/strong><\/p>\n","protected":false},"excerpt":{"rendered":"<p>&#46;&#46;&#46;<\/p>\n","protected":false},"author":2,"featured_media":0,"parent":1749,"menu_order":0,"comment_status":"closed","ping_status":"closed","template":"","meta":[],"_links":{"self":[{"href":"https:\/\/www.minesup.gov.cm\/index.php\/wp-json\/wp\/v2\/pages\/7429"}],"collection":[{"href":"https:\/\/www.minesup.gov.cm\/index.php\/wp-json\/wp\/v2\/pages"}],"about":[{"href":"https:\/\/www.minesup.gov.cm\/index.php\/wp-json\/wp\/v2\/types\/page"}],"author":[{"embeddable":true,"href":"https:\/\/www.minesup.gov.cm\/index.php\/wp-json\/wp\/v2\/users\/2"}],"replies":[{"embeddable":true,"href":"https:\/\/www.minesup.gov.cm\/index.php\/wp-json\/wp\/v2\/comments?post=7429"}],"version-history":[{"count":0,"href":"https:\/\/www.minesup.gov.cm\/index.php\/wp-json\/wp\/v2\/pages\/7429\/revisions"}],"up":[{"embeddable":true,"href":"https:\/\/www.minesup.gov.cm\/index.php\/wp-json\/wp\/v2\/pages\/1749"}],"wp:attachment":[{"href":"https:\/\/www.minesup.gov.cm\/index.php\/wp-json\/wp\/v2\/media?parent=7429"}],"curies":[{"name":"wp","href":"https:\/\/api.w.org\/{rel}","templated":true}]}}