{"id":7431,"date":"2019-06-19T13:13:36","date_gmt":"2019-06-19T11:13:36","guid":{"rendered":"https:\/\/minesup.gov.cm\/?page_id=7431"},"modified":"2019-06-23T17:45:55","modified_gmt":"2019-06-23T15:45:55","slug":"cameroon-bilingual-higher-institute-cbhi","status":"publish","type":"page","link":"https:\/\/www.minesup.gov.cm\/index.php\/centre\/cameroon-bilingual-higher-institute-cbhi\/","title":{"rendered":"Cameroon Bilingual Higher Institute (CBHI)"},"content":{"rendered":"<p style=\"text-align: center;\"><strong>INFORMATIONS D\u2019IDENTIFICATION<\/strong><\/p>\n<p><strong>Nom de l\u2019institution\u00a0<\/strong>: Cameroon Bilingual Higher Institute (CBHI)<br \/>\n<strong>Nom du promoteur<\/strong>\u00a0: NGODO MELINGUI<br \/>\n<strong>R\u00e9gion\u00a0<\/strong>: Centre<br \/>\n<strong>D\u00e9partement\u00a0<\/strong>: Mfoundi<br \/>\n<strong>Arrondissement\u00a0<\/strong>: Yaound\u00e9<br \/>\n<strong>Site de localisation\u00a0<\/strong>: &#8211;<br \/>\n<strong>Adresse postale<\/strong>\u00a0:<br \/>\n<strong>B.P<\/strong>.\u00a0: 765 Yaound\u00e9<br \/>\n<strong>T\u00e9l\u00e9phone\u00a0<\/strong>: +237 699 702 495<br \/>\n<strong>Email<\/strong>\u00a0:<br \/>\n<strong>Site web<\/strong>\u00a0:<br \/>\n<strong>Adresse dans les r\u00e9seaux sociaux\u00a0<\/strong>:<\/p>\n<p style=\"text-align: center;\"><strong>INFORMATIONS SUR LE STATUT D\u2019ACCR\u00c9DITATION<\/strong><\/p>\n<p style=\"text-align: justify;\"><strong>Arr\u00eat\u00e9s portant cr\u00e9ation <\/strong>: N\u00b016-10473\/L\/MINESUP\/SG\/DDES\/ESUP\/SDA\/AEO du 09 septembre 2016<br \/>\n<strong>Autorisation d\u2019ouverture<\/strong>\u00a0: N\u00b016-10473\/L\/MINESUP\/SG\/DDES\/ESUP\/SDA\/AEO du 09 septembre 2016<\/p>\n<p style=\"text-align: center;\"><strong>FILI\u00c8RES, SP\u00c9CIALIT\u00c9S ET DIPL\u00d4MES AUTORIS\u00c9ES<\/strong><\/p>\n<p><strong>Dipl\u00f4me\u00a0: BTS<\/strong><\/p>\n<p><u>Fili\u00e8re 1<\/u> : <strong>Sciences Environnementales<\/strong><\/p>\n<p><u>Sp\u00e9cialit\u00e9s<\/u> : Gestion et Maitrise de l\u2019Eau &#8211; Am\u00e9nagement Urbain &#8211; Gestion Foresti\u00e8re &#8211; Assainissement et Restauration de l\u2019Environnement.<\/p>\n<p><u>Fili\u00e8re 2<\/u> : <strong>Industrielle et Technologique<\/strong><\/p>\n<p><u>Sp\u00e9cialit\u00e9s<\/u> : G\u00e9nie Civil (Options\u00a0: B\u00e2timent &#8211; Travaux Publics &#8211; G\u00e9om\u00e8tre Topographe).<\/p>\n<p><strong>Dipl\u00f4me\u00a0: HND<\/strong><\/p>\n<p><u>Fili\u00e8re 1<\/u> :<strong> Environmental Sciences<\/strong><\/p>\n<p><u>Sp\u00e9cialit\u00e9s<\/u> : Water Management and Control &#8211; Urban Development &#8211; Forestry Management &#8211; Environmental Sanitation and Restoration.<\/p>\n<p><u>Fili\u00e8re 2<\/u> : <strong>Engineering and Technology<\/strong><\/p>\n<p><u>Sp\u00e9cialit\u00e9s<\/u> : Civil and Structural Engineering &#8211; Topography.<\/p>\n<p>&nbsp;<\/p>\n","protected":false},"excerpt":{"rendered":"<p>&#46;&#46;&#46;<\/p>\n","protected":false},"author":2,"featured_media":0,"parent":1728,"menu_order":0,"comment_status":"closed","ping_status":"closed","template":"","meta":[],"_links":{"self":[{"href":"https:\/\/www.minesup.gov.cm\/index.php\/wp-json\/wp\/v2\/pages\/7431"}],"collection":[{"href":"https:\/\/www.minesup.gov.cm\/index.php\/wp-json\/wp\/v2\/pages"}],"about":[{"href":"https:\/\/www.minesup.gov.cm\/index.php\/wp-json\/wp\/v2\/types\/page"}],"author":[{"embeddable":true,"href":"https:\/\/www.minesup.gov.cm\/index.php\/wp-json\/wp\/v2\/users\/2"}],"replies":[{"embeddable":true,"href":"https:\/\/www.minesup.gov.cm\/index.php\/wp-json\/wp\/v2\/comments?post=7431"}],"version-history":[{"count":0,"href":"https:\/\/www.minesup.gov.cm\/index.php\/wp-json\/wp\/v2\/pages\/7431\/revisions"}],"up":[{"embeddable":true,"href":"https:\/\/www.minesup.gov.cm\/index.php\/wp-json\/wp\/v2\/pages\/1728"}],"wp:attachment":[{"href":"https:\/\/www.minesup.gov.cm\/index.php\/wp-json\/wp\/v2\/media?parent=7431"}],"curies":[{"name":"wp","href":"https:\/\/api.w.org\/{rel}","templated":true}]}}