{"id":7433,"date":"2019-06-19T13:15:23","date_gmt":"2019-06-19T11:15:23","guid":{"rendered":"https:\/\/minesup.gov.cm\/?page_id=7433"},"modified":"2019-06-23T17:37:10","modified_gmt":"2019-06-23T15:37:10","slug":"centre-international-des-etudes-polytechniques","status":"publish","type":"page","link":"https:\/\/www.minesup.gov.cm\/index.php\/centre\/centre-international-des-etudes-polytechniques\/","title":{"rendered":"Centre International des Etudes Polytechniques"},"content":{"rendered":"<p style=\"text-align: center;\"><strong>INFORMATIONS D\u2019IDENTIFICATION<\/strong><\/p>\n<p><strong>Nom de l\u2019institution\u00a0<\/strong>: Centre International des Etudes Polytechniques<br \/>\n<strong>Nom du promoteur<\/strong>\u00a0: ESSIMI MENYE<br \/>\n<strong>R\u00e9gion\u00a0<\/strong>: Centre<br \/>\n<strong>D\u00e9partement\u00a0<\/strong>: LEKIE<br \/>\n<strong>Arrondissement\u00a0<\/strong>: OBALA<br \/>\n<strong>Site de localisation\u00a0<\/strong>:<br \/>\n<strong>Adresse postale<\/strong>\u00a0:<br \/>\n<strong>B.P<\/strong>. : 471 Yaound\u00e9<br \/>\n<strong>T\u00e9l\u00e9phone\u00a0<\/strong>: +237 677\u00a0752 036<br \/>\n<strong>Email<\/strong>\u00a0:\u00a0<a href=\"mailto:7.engineering@gmail.com\">7.engineering@gmail.com<\/a><br \/>\n<strong>Site web<\/strong>\u00a0:<br \/>\n<strong>Adresse dans les r\u00e9seaux sociaux\u00a0<\/strong>:<\/p>\n<p style=\"text-align: center;\"><strong>INFORMATIONS SUR LE STATUT D\u2019ACCR\u00c9DITATION<\/strong><\/p>\n<p style=\"text-align: justify;\"><strong>Arr\u00eat\u00e9s portant cr\u00e9ation : <\/strong>N\u00b012\/0661\/MINESUP du 23 novembre 2012<br \/>\n<strong>Autorisation d\u2019ouverture<\/strong>\u00a0: N\u00b013\/0589\/MINESUP du 02 d\u00e9cembre 2013<\/p>\n<p style=\"text-align: center;\"><strong>FILI\u00c8RES, SP\u00c9CIALIT\u00c9S ET DIPL\u00d4MES AUTORIS\u00c9ES<\/strong><\/p>\n<ul>\n<li><em>Facult\u00e9 d\u2019Industrie et de Technologie<\/em><\/li>\n<\/ul>\n<p><strong><u>Dipl\u00f4me<\/u><\/strong><strong>\u00a0: <\/strong><strong>BTS<\/strong><\/p>\n<p><u>Fili\u00e8re<\/u><strong>\u00a0: Industrielle et Technologique<\/strong><\/p>\n<p><u>Sp\u00e9cialit\u00e9s<\/u>\u00a0: G\u00e9nie Civil &#8211; G\u00e9nie Electrique &#8211; Communication et R\u00e9seaux &#8211; Chimie et P\u00e9trochimie &#8211; G\u00e9nie Informatique.<\/p>\n<ul>\n<li><em>Facult\u00e9 de Gestion et d\u2019Administration Fonci\u00e8re<\/em><\/li>\n<\/ul>\n<p style=\"text-align: justify;\"><strong><u>Dipl\u00f4me<\/u><\/strong><strong>\u00a0: <\/strong><strong>BTS<\/strong><\/p>\n<p style=\"text-align: justify;\"><u>Fili\u00e8re 1<\/u><strong>\u00a0: Gestion et Administration Fonci\u00e8re<\/strong><\/p>\n<p style=\"text-align: justify;\"><u>Sp\u00e9cialit\u00e9s<\/u><strong>\u00a0<\/strong>: Topographie &#8211; Planification Urbaine &#8211; Politique et Administration Fonci\u00e8re &#8211; Syst\u00e8mes d\u2019Information G\u00e9ographique et d\u2019Election \u00e0 distance &#8211; G\u00e9o Informatique &#8211; Planification Urbaine et Rurale &#8211; Gestion des Risques Environnementaux.<\/p>\n<p style=\"text-align: justify;\"><u>Fili\u00e8re 2<\/u><strong>\u00a0: Commerciale et de Gestion<\/strong><\/p>\n<p style=\"text-align: justify;\"><u>Sp\u00e9cialit\u00e9s<\/u>\u00a0: Banque &#8211; Assurances &#8211; Action Commerciale &#8211; Commerce International &#8211; Comptabilit\u00e9 et Gestion des Entreprises &#8211; Secr\u00e9tariat Bureautique &#8211; Informatique de Gestion<\/p>\n","protected":false},"excerpt":{"rendered":"<p>&#46;&#46;&#46;<\/p>\n","protected":false},"author":2,"featured_media":0,"parent":1728,"menu_order":0,"comment_status":"closed","ping_status":"closed","template":"","meta":[],"_links":{"self":[{"href":"https:\/\/www.minesup.gov.cm\/index.php\/wp-json\/wp\/v2\/pages\/7433"}],"collection":[{"href":"https:\/\/www.minesup.gov.cm\/index.php\/wp-json\/wp\/v2\/pages"}],"about":[{"href":"https:\/\/www.minesup.gov.cm\/index.php\/wp-json\/wp\/v2\/types\/page"}],"author":[{"embeddable":true,"href":"https:\/\/www.minesup.gov.cm\/index.php\/wp-json\/wp\/v2\/users\/2"}],"replies":[{"embeddable":true,"href":"https:\/\/www.minesup.gov.cm\/index.php\/wp-json\/wp\/v2\/comments?post=7433"}],"version-history":[{"count":0,"href":"https:\/\/www.minesup.gov.cm\/index.php\/wp-json\/wp\/v2\/pages\/7433\/revisions"}],"up":[{"embeddable":true,"href":"https:\/\/www.minesup.gov.cm\/index.php\/wp-json\/wp\/v2\/pages\/1728"}],"wp:attachment":[{"href":"https:\/\/www.minesup.gov.cm\/index.php\/wp-json\/wp\/v2\/media?parent=7433"}],"curies":[{"name":"wp","href":"https:\/\/api.w.org\/{rel}","templated":true}]}}