{"id":7441,"date":"2019-06-19T13:22:51","date_gmt":"2019-06-19T11:22:51","guid":{"rendered":"https:\/\/minesup.gov.cm\/?page_id=7441"},"modified":"2019-06-23T17:52:55","modified_gmt":"2019-06-23T15:52:55","slug":"heritage-higher-institute-of-peace-development-studies-hehipeds","status":"publish","type":"page","link":"https:\/\/www.minesup.gov.cm\/index.php\/centre\/heritage-higher-institute-of-peace-development-studies-hehipeds\/","title":{"rendered":"Heritage Higher Institute of Peace Development Studies (HEHIPEDS)"},"content":{"rendered":"<p style=\"text-align: center;\"><strong>INFORMATIONS D\u2019IDENTIFICATION<\/strong><\/p>\n<p style=\"text-align: justify;\"><strong>Nom de l\u2019institution\u00a0<\/strong>: Heritage Higher Institute of Peace Development Studies (HEHIPEDS)<br \/>\n<strong>Nom du promoteur<\/strong>\u00a0: DZE NGWA Willibroad<br \/>\n<strong>R\u00e9gion\u00a0<\/strong>: Centre<br \/>\n<strong>D\u00e9partement\u00a0<\/strong>: Mfoundi<br \/>\n<strong>Arrondissement\u00a0<\/strong>: Yaound\u00e9<br \/>\n<strong>Site de localisation <\/strong>: Obili<br \/>\n<strong>Adresse postale<\/strong>\u00a0:<br \/>\n<strong>B.P<\/strong>.\u00a0: 8380<br \/>\n<strong>T\u00e9l\u00e9phone\u00a0<\/strong>: 671 173\u00a0767 \/ 695 313 192<br \/>\n<strong>Email<\/strong>\u00a0:<br \/>\n<strong>Site web<\/strong>\u00a0:<br \/>\n<strong>Adresse dans les r\u00e9seaux sociaux\u00a0<\/strong>:<\/p>\n<p style=\"text-align: center;\"><strong>INFORMATIONS SUR LE STATUT D\u2019ACCR\u00c9DITATION<\/strong><\/p>\n<p style=\"text-align: justify;\"><strong>Arr\u00eat\u00e9s portant cr\u00e9ation <\/strong>: N\u00b017-10496\/N\/MINESUP\/DDES\/ESUP\/SDA\/NJN\/ebm du 23 octobre 2017<\/p>\n<p style=\"text-align: justify;\"><strong>Autorisation d\u2019ouverture<\/strong>\u00a0: N\u00b017-10496\/N\/MINESUP\/DDES\/ESUP\/SDA\/NJN\/ebm du 23 octobre 2017<\/p>\n<p style=\"text-align: center;\"><strong>FILI\u00c8RES, SP\u00c9CIALIT\u00c9S ET DIPL\u00d4MES AUTORIS\u00c9ES<\/strong><\/p>\n<p><strong>Dipl\u00f4me\u00a0: <\/strong><strong>HND<\/strong><\/p>\n<p><strong><u>Fili\u00e8re 1\u00a0<\/u><\/strong><strong> : Business, Finance and Management <\/strong><\/p>\n<p><strong><u>Sp\u00e9cialit\u00e9s<\/u><\/strong><strong>\u00a0<\/strong>: Accountancy &#8211; Banking and Finance &#8211; Management &#8211; Marketing &#8211; Insurance Secretarial Studies, Public Service and Administration &#8211; Transport and Logistics &#8211; Human Resource Management &#8211; Shipping Administration &#8211; Managements of Events &#8211; Management of Local Councils &#8211; Project Management.<\/p>\n<p><strong><u>Fili\u00e8re 2<\/u><\/strong><strong> : Engineering and Technology<\/strong><\/p>\n<p><strong><u>Sp\u00e9cialit\u00e9<\/u><\/strong><strong>\u00a0<\/strong>: Mechanical Engineering &#8211; Information and Communication Technology.<\/p>\n<p><strong><u>Fili\u00e8re\u00a0 3<\/u><\/strong><strong>\u00a0: Education and Professional Development<\/strong><\/p>\n<p><strong><u>Sp\u00e9cialit\u00e9<\/u>\u00a0<\/strong>: Didactics &#8211; CST &#8211; Special Education &#8211; Distance Learning &#8211; Vocational Guidance and Counseling.<\/p>\n","protected":false},"excerpt":{"rendered":"<p>&#46;&#46;&#46;<\/p>\n","protected":false},"author":2,"featured_media":0,"parent":1728,"menu_order":0,"comment_status":"closed","ping_status":"closed","template":"","meta":[],"_links":{"self":[{"href":"https:\/\/www.minesup.gov.cm\/index.php\/wp-json\/wp\/v2\/pages\/7441"}],"collection":[{"href":"https:\/\/www.minesup.gov.cm\/index.php\/wp-json\/wp\/v2\/pages"}],"about":[{"href":"https:\/\/www.minesup.gov.cm\/index.php\/wp-json\/wp\/v2\/types\/page"}],"author":[{"embeddable":true,"href":"https:\/\/www.minesup.gov.cm\/index.php\/wp-json\/wp\/v2\/users\/2"}],"replies":[{"embeddable":true,"href":"https:\/\/www.minesup.gov.cm\/index.php\/wp-json\/wp\/v2\/comments?post=7441"}],"version-history":[{"count":0,"href":"https:\/\/www.minesup.gov.cm\/index.php\/wp-json\/wp\/v2\/pages\/7441\/revisions"}],"up":[{"embeddable":true,"href":"https:\/\/www.minesup.gov.cm\/index.php\/wp-json\/wp\/v2\/pages\/1728"}],"wp:attachment":[{"href":"https:\/\/www.minesup.gov.cm\/index.php\/wp-json\/wp\/v2\/media?parent=7441"}],"curies":[{"name":"wp","href":"https:\/\/api.w.org\/{rel}","templated":true}]}}