{"id":7447,"date":"2019-06-19T13:36:16","date_gmt":"2019-06-19T11:36:16","guid":{"rendered":"https:\/\/minesup.gov.cm\/?page_id=7447"},"modified":"2019-06-26T08:58:31","modified_gmt":"2019-06-26T06:58:31","slug":"institut-des-beaux-arts-cheikh-anta-diop-isbac","status":"publish","type":"page","link":"https:\/\/www.minesup.gov.cm\/index.php\/centre\/institut-des-beaux-arts-cheikh-anta-diop-isbac\/","title":{"rendered":"Institut des Beaux-arts CHEIKH ANTA DIOP (ISBAC)"},"content":{"rendered":"<p style=\"text-align: center;\"><strong>INFORMATIONS D\u2019IDENTIFICATION<\/strong><\/p>\n<p><strong>Nom de l\u2019institution\u00a0<\/strong>: Institut des Beaux-arts CHEIKH ANTA DIOP (ISBAC)<br \/>\n<strong>Nom du promoteur<\/strong>\u00a0: KAMGUE TAYOU Aubin<br \/>\n<strong>R\u00e9gion\u00a0<\/strong>: Centre<br \/>\n<strong>D\u00e9partement\u00a0<\/strong>: Mfoundi<br \/>\n<strong>Arrondissement\u00a0<\/strong>: Yaound\u00e9<br \/>\n<strong>Site de localisation\u00a0<\/strong>: Nkolbisson<br \/>\n<strong>Adresse postale<\/strong>\u00a0:<br \/>\n<strong>B.P<\/strong>. : 2149<br \/>\n<strong>T\u00e9l\u00e9phone\u00a0<\/strong>: 675\u00a0313\u00a0275 \/ 670\u00a0447 340<br \/>\n<strong>Email<\/strong>\u00a0:<br \/>\n<strong>Site web<\/strong>\u00a0:<br \/>\n<strong>Adresse dans les r\u00e9seaux sociaux\u00a0<\/strong>:<\/p>\n<p style=\"text-align: center;\"><strong>INFORMATIONS SUR LE STATUT D\u2019ACCR\u00c9DITATION<\/strong><\/p>\n<p style=\"text-align: justify;\"><strong>Arr\u00eat\u00e9s portant cr\u00e9ation <\/strong>: N\u00b008\/0270\/MINESUP du 03 octobre 2008<br \/>\n<strong>Autorisation d\u2019ouverture<\/strong>\u00a0: N\u00b012\/0376\/MINESUP du 16 ao\u00fbt 2012<\/p>\n<p style=\"text-align: center;\"><strong>FILI\u00c8RES, SP\u00c9CIALIT\u00c9S ET DIPL\u00d4MES AUTORIS\u00c9ES<\/strong><\/p>\n<ul>\n<li style=\"text-align: left;\"><strong>Ancien programme<\/strong><\/li>\n<\/ul>\n<p style=\"text-align: left;\"><strong>Dipl\u00f4me\u00a0: BTS<\/strong><br \/>\n<u>Fili\u00e8re 1<\/u>\u00a0: <strong>M\u00e9tiers de Design et de Cr\u00e9ation<\/strong><br \/>\n<u>Sp\u00e9cialit\u00e9s<\/u>\u00a0: Design de Mode &#8211; Dessin Anim\u00e9 &#8211; Architecture d\u2019Int\u00e9rieur et Design de Cr\u00e9ation.<br \/>\n<u>Fili\u00e8re 2<\/u>\u00a0: <strong>M\u00e9tiers Techniques et de Mode<\/strong><br \/>\n<u>Sp\u00e9cialit\u00e9<\/u>\u00a0: Mod\u00e9lisme et Organisation de Production d\u2019Habillement.<\/p>\n<ul>\n<li style=\"text-align: left;\"><strong>Nouveaux programmes<\/strong><\/li>\n<\/ul>\n<p><strong>Dipl\u00f4me\u00a0: BTS<\/strong><br \/>\n<u>Fili\u00e8re 1<\/u>\u00a0: Arts et M\u00e9tiers de la Culture<br \/>\n<u>Fili\u00e8re 2<\/u>\u00a0: Commerce-Vente<br \/>\n<u>Sp\u00e9cialit\u00e9s<\/u> : Marketing, Commerce et Vente &#8211; Commerce International.<br \/>\n<u>Fili\u00e8re 3<\/u>\u00a0: Gestion<br \/>\n<u>Fili\u00e8re 4<\/u>\u00a0: Information et Communication<br \/>\n<u>Sp\u00e9cialit\u00e9s<\/u> : Communication des Organisations &#8211; Journalisme.<\/p>\n","protected":false},"excerpt":{"rendered":"<p>&#46;&#46;&#46;<\/p>\n","protected":false},"author":2,"featured_media":0,"parent":1728,"menu_order":0,"comment_status":"closed","ping_status":"closed","template":"","meta":[],"_links":{"self":[{"href":"https:\/\/www.minesup.gov.cm\/index.php\/wp-json\/wp\/v2\/pages\/7447"}],"collection":[{"href":"https:\/\/www.minesup.gov.cm\/index.php\/wp-json\/wp\/v2\/pages"}],"about":[{"href":"https:\/\/www.minesup.gov.cm\/index.php\/wp-json\/wp\/v2\/types\/page"}],"author":[{"embeddable":true,"href":"https:\/\/www.minesup.gov.cm\/index.php\/wp-json\/wp\/v2\/users\/2"}],"replies":[{"embeddable":true,"href":"https:\/\/www.minesup.gov.cm\/index.php\/wp-json\/wp\/v2\/comments?post=7447"}],"version-history":[{"count":0,"href":"https:\/\/www.minesup.gov.cm\/index.php\/wp-json\/wp\/v2\/pages\/7447\/revisions"}],"up":[{"embeddable":true,"href":"https:\/\/www.minesup.gov.cm\/index.php\/wp-json\/wp\/v2\/pages\/1728"}],"wp:attachment":[{"href":"https:\/\/www.minesup.gov.cm\/index.php\/wp-json\/wp\/v2\/media?parent=7447"}],"curies":[{"name":"wp","href":"https:\/\/api.w.org\/{rel}","templated":true}]}}