{"id":7451,"date":"2019-06-19T13:43:55","date_gmt":"2019-06-19T11:43:55","guid":{"rendered":"https:\/\/minesup.gov.cm\/?page_id=7451"},"modified":"2019-06-23T18:02:24","modified_gmt":"2019-06-23T16:02:24","slug":"institut-mbassi-superieur-ims","status":"publish","type":"page","link":"https:\/\/www.minesup.gov.cm\/index.php\/centre\/institut-mbassi-superieur-ims\/","title":{"rendered":"Institut MBASSI Sup\u00e9rieur (IMS)"},"content":{"rendered":"<p style=\"text-align: center;\"><strong>INFORMATIONS D\u2019IDENTIFICATION<\/strong><\/p>\n<p><strong>Nom de l\u2019institution\u00a0<\/strong>: Institut MBASSI Sup\u00e9rieur (IMS)<br \/>\n<strong>Nom du promoteur<\/strong>\u00a0: MBASSI Prosper<br \/>\n<strong>R\u00e9gion\u00a0<\/strong>: Centre<br \/>\n<strong>D\u00e9partement\u00a0<\/strong>: L\u00e9ki\u00e9<br \/>\n<strong>Arrondissement\u00a0<\/strong>: Monat\u00e9l\u00e9<br \/>\n<strong>Site de localisation\u00a0<\/strong>: Monat\u00e9l\u00e9<br \/>\n<strong>Adresse postale<\/strong>\u00a0:<br \/>\n<strong>B.P<\/strong>.\u00a0: 20<br \/>\n<strong>T\u00e9l\u00e9phone\u00a0<\/strong>: 677\u00a0402 671<br \/>\n<strong>Email<\/strong>\u00a0:<br \/>\n<strong>Site web<\/strong>\u00a0:<br \/>\n<strong>Adresse dans les r\u00e9seaux sociaux\u00a0<\/strong>:<\/p>\n<p style=\"text-align: center;\"><strong>INFORMATIONS SUR LE STATUT D\u2019ACCR\u00c9DITATION<\/strong><\/p>\n<p style=\"text-align: justify;\"><strong>Arr\u00eat\u00e9s portant cr\u00e9ation <\/strong>: N\u00b013\/0409\/MINESUP\/SG\/DDES du 10 septembre 2013<br \/>\n<strong>Autorisation d\u2019ouverture<\/strong>\u00a0: N\u00b014\/0390\/MINESUP\/SG\/DDES\/ du 04 juillet 2014<\/p>\n<p style=\"text-align: center;\"><strong>FILI\u00c8RES, SP\u00c9CIALIT\u00c9S ET DIPL\u00d4MES AUTORIS\u00c9ES<\/strong><\/p>\n<p style=\"text-align: left;\"><strong>Dipl\u00f4me\u00a0: BTS<\/strong><br \/>\n<u>Fili\u00e8re<\/u> : <strong>Commerciale et de Gestion<\/strong><\/p>\n<p style=\"text-align: justify;\"><u>Sp\u00e9cialit\u00e9s<\/u> : Action Commerciale &#8211; Commerce International &#8211; Informatique de Gestion &#8211; Comptabilit\u00e9 et Gestion des Entreprises.<\/p>\n<p><strong>Dipl\u00f4me\u00a0: DSEP<\/strong><\/p>\n<p><u>Fili\u00e8re<\/u>\u00a0: Professions M\u00e9dico-Sanitaires<\/p>\n<p style=\"text-align: justify;\"><u>Sp\u00e9cialit\u00e9s<\/u> : Etudes m\u00e9dicales &#8211; Soins infirmiers &#8211; Sage-femme &#8211; Imagerie m\u00e9dicale &#8211; Kin\u00e9sith\u00e9rapie &#8211;\u00a0 Etudes pharmaceutiques &#8211; Ondontostomatologie Techniques de laboratoire<\/p>\n","protected":false},"excerpt":{"rendered":"<p>&#46;&#46;&#46;<\/p>\n","protected":false},"author":2,"featured_media":0,"parent":1728,"menu_order":0,"comment_status":"closed","ping_status":"closed","template":"","meta":[],"_links":{"self":[{"href":"https:\/\/www.minesup.gov.cm\/index.php\/wp-json\/wp\/v2\/pages\/7451"}],"collection":[{"href":"https:\/\/www.minesup.gov.cm\/index.php\/wp-json\/wp\/v2\/pages"}],"about":[{"href":"https:\/\/www.minesup.gov.cm\/index.php\/wp-json\/wp\/v2\/types\/page"}],"author":[{"embeddable":true,"href":"https:\/\/www.minesup.gov.cm\/index.php\/wp-json\/wp\/v2\/users\/2"}],"replies":[{"embeddable":true,"href":"https:\/\/www.minesup.gov.cm\/index.php\/wp-json\/wp\/v2\/comments?post=7451"}],"version-history":[{"count":0,"href":"https:\/\/www.minesup.gov.cm\/index.php\/wp-json\/wp\/v2\/pages\/7451\/revisions"}],"up":[{"embeddable":true,"href":"https:\/\/www.minesup.gov.cm\/index.php\/wp-json\/wp\/v2\/pages\/1728"}],"wp:attachment":[{"href":"https:\/\/www.minesup.gov.cm\/index.php\/wp-json\/wp\/v2\/media?parent=7451"}],"curies":[{"name":"wp","href":"https:\/\/api.w.org\/{rel}","templated":true}]}}