{"id":7453,"date":"2019-06-19T13:45:18","date_gmt":"2019-06-19T11:45:18","guid":{"rendered":"https:\/\/minesup.gov.cm\/?page_id=7453"},"modified":"2019-06-23T18:05:40","modified_gmt":"2019-06-23T16:05:40","slug":"institut-superieur-azimut-de-commerce-de-technologie-et-de-sante-insa","status":"publish","type":"page","link":"https:\/\/www.minesup.gov.cm\/index.php\/centre\/institut-superieur-azimut-de-commerce-de-technologie-et-de-sante-insa\/","title":{"rendered":"Institut Sup\u00e9rieur Azimut de Commerce, de Technologie et de Sant\u00e9 (INSA)"},"content":{"rendered":"<p style=\"text-align: center;\"><strong>INFORMATIONS D\u2019IDENTIFICATION<\/strong><\/p>\n<p style=\"text-align: justify;\"><strong>Nom de l\u2019institution\u00a0<\/strong>: Institut Sup\u00e9rieur Azimut de Commerce, de Technologie et de Sant\u00e9 (INSA)<br \/>\n<strong>Nom du promoteur<\/strong>\u00a0: KAMGANG Jules<br \/>\n<strong>R\u00e9gion\u00a0<\/strong>: Centre<br \/>\n<strong>D\u00e9partement\u00a0<\/strong>: Mefou-Afamba<br \/>\n<strong>Arrondissement\u00a0<\/strong>: Soa<br \/>\n<strong>Site de localisation\u00a0<\/strong>: Nkolfoulou (face GMI)<br \/>\n<strong>Adresse postale<\/strong>\u00a0:<br \/>\n<strong>B.P<\/strong>.\u00a0: 25598<br \/>\n<strong>T\u00e9l\u00e9phone\u00a0<\/strong>: 696\u00a0459 283<br \/>\n<strong>Email<\/strong>\u00a0:<br \/>\n<strong>Site web<\/strong>\u00a0:<br \/>\n<strong>Adresse dans les r\u00e9seaux sociaux\u00a0<\/strong>:<\/p>\n<p style=\"text-align: center;\"><strong>INFORMATIONS SUR LE STATUT D\u2019ACCR\u00c9DITATION<\/strong><\/p>\n<p><strong>Arr\u00eat\u00e9s portant cr\u00e9ation <\/strong>: N\u00b014\/0027\/L\/MINESUP\/SG\/DDES\/ du 11 mars 2014<br \/>\n<strong>Autorisation d\u2019ouverture<\/strong>\u00a0: N\u00b014\/0400\/MINESUP\/SG\/DDES\/ du 04 juillet 2014<\/p>\n<p style=\"text-align: center;\"><strong>FILI\u00c8RES, SP\u00c9CIALIT\u00c9S ET DIPL\u00d4MES AUTORIS\u00c9ES<\/strong><\/p>\n<p><strong>Dipl\u00f4me\u00a0: BTS<\/strong><br \/>\n<strong><u>Fili\u00e8re 1<\/u><\/strong><strong>\u00a0: Commerciale et Gestion<\/strong><br \/>\n<strong><u>Sp\u00e9cialit\u00e9s<\/u><\/strong><strong>\u00a0<\/strong>: Action Commerciale\u00a0&#8211; Banque\u00a0&#8211; Commerce International\u00a0&#8211; Comptabilit\u00e9 et Gestion de Entreprises\u00a0&#8211; Informatique de Gestion\u00a0&#8211; Secr\u00e9tariat Bureautique <em>(<u>Options<\/u>\u00a0: Secr\u00e9tariat de Direction\u00a0; Secr\u00e9tariat Bureautique Bilingue)<\/em>\u00a0&#8211; Gestion Logistique et Transport &#8211; Assurances.<br \/>\n<strong><u>Fili\u00e8re 2<\/u><\/strong><strong>\u00a0: Communication<\/strong><br \/>\n<strong><u>Sp\u00e9cialit\u00e9s<\/u><\/strong><strong>\u00a0<\/strong>: Information-Communication <em>(<u>Option<\/u>\u00a0: Communication d\u2019Entreprise)<\/em>.<br \/>\n<strong>Dipl\u00f4me\u00a0: HND<\/strong><br \/>\n<u>Fili\u00e8re 1<\/u>\u00a0: Business, Finance and Management<br \/>\n<u>Sp\u00e9cialit\u00e9s<\/u>\u00a0: Accountancy &#8211; Banking and Finance &#8211; Insurance &#8211; Management &#8211; Marketing &#8211; Secretarial Studies, Public Service and Administration &#8211; Business and Information Technology.<\/p>\n","protected":false},"excerpt":{"rendered":"<p>&#46;&#46;&#46;<\/p>\n","protected":false},"author":2,"featured_media":0,"parent":1728,"menu_order":0,"comment_status":"closed","ping_status":"closed","template":"","meta":[],"_links":{"self":[{"href":"https:\/\/www.minesup.gov.cm\/index.php\/wp-json\/wp\/v2\/pages\/7453"}],"collection":[{"href":"https:\/\/www.minesup.gov.cm\/index.php\/wp-json\/wp\/v2\/pages"}],"about":[{"href":"https:\/\/www.minesup.gov.cm\/index.php\/wp-json\/wp\/v2\/types\/page"}],"author":[{"embeddable":true,"href":"https:\/\/www.minesup.gov.cm\/index.php\/wp-json\/wp\/v2\/users\/2"}],"replies":[{"embeddable":true,"href":"https:\/\/www.minesup.gov.cm\/index.php\/wp-json\/wp\/v2\/comments?post=7453"}],"version-history":[{"count":0,"href":"https:\/\/www.minesup.gov.cm\/index.php\/wp-json\/wp\/v2\/pages\/7453\/revisions"}],"up":[{"embeddable":true,"href":"https:\/\/www.minesup.gov.cm\/index.php\/wp-json\/wp\/v2\/pages\/1728"}],"wp:attachment":[{"href":"https:\/\/www.minesup.gov.cm\/index.php\/wp-json\/wp\/v2\/media?parent=7453"}],"curies":[{"name":"wp","href":"https:\/\/api.w.org\/{rel}","templated":true}]}}