{"id":7455,"date":"2019-06-19T13:48:13","date_gmt":"2019-06-19T11:48:13","guid":{"rendered":"https:\/\/minesup.gov.cm\/?page_id=7455"},"modified":"2019-06-23T18:09:00","modified_gmt":"2019-06-23T16:09:00","slug":"institut-superieur-dagriculture-et-de-gestion-isag","status":"publish","type":"page","link":"https:\/\/www.minesup.gov.cm\/index.php\/centre\/institut-superieur-dagriculture-et-de-gestion-isag\/","title":{"rendered":"Institut Sup\u00e9rieur d\u2019Agriculture et de Gestion (ISAG)"},"content":{"rendered":"<p style=\"text-align: center;\"><strong>INFORMATIONS D\u2019IDENTIFICATION<\/strong><\/p>\n<p><strong>Nom de l\u2019institution\u00a0<\/strong>: Institut Sup\u00e9rieur d\u2019Agriculture et de Gestion (ISAG)<br \/>\n<strong>Nom du promoteur<\/strong>\u00a0: NDJIE Louis<br \/>\n<strong>R\u00e9gion\u00a0<\/strong>: Centre<br \/>\n<strong>D\u00e9partement\u00a0<\/strong>: L\u00e9ki\u00e9<br \/>\n<strong>Arrondissement\u00a0<\/strong>: Obala<br \/>\n<strong>Site de localisation\u00a0<\/strong>: Obala \u2013 Centre<br \/>\n<strong>Adresse postale<\/strong>:<br \/>\n<strong>B.P<\/strong>.\u00a0: 233<br \/>\n<strong>T\u00e9l\u00e9phone\u00a0<\/strong>: 677\u00a0548\u00a0299 \/ 677\u00a0150 711<br \/>\n<strong>Email<\/strong>\u00a0:<br \/>\n<strong>Site web<\/strong>\u00a0:<br \/>\n<strong>Adresse dans les r\u00e9seaux sociaux\u00a0<\/strong>:<\/p>\n<p style=\"text-align: center;\"><strong>INFORMATIONS SUR LE STATUT D\u2019ACCR\u00c9DITATION<\/strong><\/p>\n<p style=\"text-align: left;\"><strong>Arr\u00eat\u00e9s portant cr\u00e9ation <\/strong>: N\u00b012\/0643\/MINESUP du 23 novembre 2012<br \/>\n<strong>Autorisation d\u2019ouverture<\/strong>\u00a0: N\u00b013\/0596\/MINESUP du 02 d\u00e9cembre 2013<\/p>\n<p style=\"text-align: center;\"><strong>FILI\u00c8RES, SP\u00c9CIALIT\u00c9S ET DIPL\u00d4MES AUTORIS\u00c9ES<\/strong><\/p>\n<p style=\"text-align: justify;\"><strong>Dipl\u00f4me\u00a0: BTS <\/strong><br \/>\n<strong><u>Fili\u00e8re 1<\/u><\/strong><strong> : Commerciale et de Gestion <\/strong><br \/>\n<strong><u>Sp\u00e9cialit\u00e9s<\/u><\/strong> : Banque &#8211; Assurances &#8211; Action Commerciale &#8211; Commerce International -Comptabilit\u00e9 et Gestion des Entreprises &#8211; Secr\u00e9tariat Bureautique <em>(<u>Options<\/u>\u00a0: Secr\u00e9tariat de Direction, Secr\u00e9tariat Bureautique Bilingue)<\/em><br \/>\n<strong><u>Fili\u00e8re 2<\/u><\/strong><strong> : Agriculture<\/strong><br \/>\n<strong><u>Sp\u00e9cialit\u00e9s<\/u><\/strong> : M\u00e9tiers d\u2019Entrepreneur Agropastoral &#8211; M\u00e9tier Agent de D\u00e9veloppement Agropastoral.<\/p>\n","protected":false},"excerpt":{"rendered":"<p>&#46;&#46;&#46;<\/p>\n","protected":false},"author":2,"featured_media":0,"parent":1728,"menu_order":0,"comment_status":"closed","ping_status":"closed","template":"","meta":[],"_links":{"self":[{"href":"https:\/\/www.minesup.gov.cm\/index.php\/wp-json\/wp\/v2\/pages\/7455"}],"collection":[{"href":"https:\/\/www.minesup.gov.cm\/index.php\/wp-json\/wp\/v2\/pages"}],"about":[{"href":"https:\/\/www.minesup.gov.cm\/index.php\/wp-json\/wp\/v2\/types\/page"}],"author":[{"embeddable":true,"href":"https:\/\/www.minesup.gov.cm\/index.php\/wp-json\/wp\/v2\/users\/2"}],"replies":[{"embeddable":true,"href":"https:\/\/www.minesup.gov.cm\/index.php\/wp-json\/wp\/v2\/comments?post=7455"}],"version-history":[{"count":0,"href":"https:\/\/www.minesup.gov.cm\/index.php\/wp-json\/wp\/v2\/pages\/7455\/revisions"}],"up":[{"embeddable":true,"href":"https:\/\/www.minesup.gov.cm\/index.php\/wp-json\/wp\/v2\/pages\/1728"}],"wp:attachment":[{"href":"https:\/\/www.minesup.gov.cm\/index.php\/wp-json\/wp\/v2\/media?parent=7455"}],"curies":[{"name":"wp","href":"https:\/\/api.w.org\/{rel}","templated":true}]}}