{"id":7459,"date":"2019-06-19T13:57:00","date_gmt":"2019-06-19T11:57:00","guid":{"rendered":"https:\/\/minesup.gov.cm\/?page_id=7459"},"modified":"2019-06-23T18:15:01","modified_gmt":"2019-06-23T16:15:01","slug":"institut-superieur-denseignement-managerial-et-technologique-isemt","status":"publish","type":"page","link":"https:\/\/www.minesup.gov.cm\/index.php\/centre\/institut-superieur-denseignement-managerial-et-technologique-isemt\/","title":{"rendered":"Institut Sup\u00e9rieur d\u2019Enseignement Manag\u00e9rial et Technologique (ISEMT)"},"content":{"rendered":"<p style=\"text-align: center;\"><strong>INFORMATIONS D\u2019IDENTIFICATION<\/strong><\/p>\n<p style=\"text-align: justify;\"><strong>Nom de l\u2019institution\u00a0<\/strong>: Institut Sup\u00e9rieur d\u2019Enseignement Manag\u00e9rial et Technologique (ISEMT)<br \/>\n<strong>Nom du promoteur<\/strong>\u00a0: NGUEMEGNE LAFITTE D\u00e9sir\u00e9<br \/>\n<strong>R\u00e9gion\u00a0<\/strong>: Centre<br \/>\n<strong>D\u00e9partement\u00a0<\/strong>: Mfoundi<br \/>\n<strong>Arrondissement\u00a0<\/strong>: Yaound\u00e9<br \/>\n<strong>Site de localisation\u00a0<\/strong>: Cit\u00e9 verte mont\u00e9 Renault<br \/>\n<strong>Adresse postale<\/strong>\u00a0:<br \/>\n<strong>B.P<\/strong>. : 495<br \/>\n<strong>T\u00e9l\u00e9phone\u00a0<\/strong>: 22 09 95 32 \/ 22 20 21 58 \/ 679\u00a0270\u00a0960 \/ 695\u00a0963 207<br \/>\n<strong>Email<\/strong>\u00a0:<br \/>\n<strong>Site web<\/strong>\u00a0:<br \/>\n<strong>Adresse dans les r\u00e9seaux sociaux\u00a0<\/strong>:<\/p>\n<p style=\"text-align: center;\"><strong>INFORMATIONS SUR LE STATUT D\u2019ACCR\u00c9DITATION<\/strong><\/p>\n<p><strong>Arr\u00eat\u00e9s portant cr\u00e9ation <\/strong>: N\u00b011\/0526\/MINESUP\/DDES du 05 octobre 2011<br \/>\n<strong>Autorisation d\u2019ouverture<\/strong>\u00a0: N\u00b012\/0368\/MINESUP du 17 ao\u00fbt 2012<\/p>\n<p style=\"text-align: center;\"><strong>FILI\u00c8RES, SP\u00c9CIALIT\u00c9S ET DIPL\u00d4MES AUTORIS\u00c9ES<\/strong><\/p>\n<p>Dipl\u00f4me\u00a0: BTS<br \/>\n<u>Fili\u00e8re 1<\/u> : <strong>Commerciale et de Gestion<\/strong><br \/>\n<u>Sp\u00e9cialit\u00e9s<\/u> : Banque &#8211; Assurances &#8211; Action Commerciale &#8211; Commerce International &#8211; Comptabilit\u00e9 et Gestion des Entreprises &#8211; Secr\u00e9tariat et Bureautique (<em><u>Options<\/u><\/em>\u00a0: <em>Secr\u00e9tariat de Direction\u00a0; Secr\u00e9tariat Bureautique Bilingue<\/em>).<br \/>\n<u>Fili\u00e8re 2<\/u>\u00a0: <strong>Industrielle et Technologique<\/strong><br \/>\n<u>Sp\u00e9cialit\u00e9s<\/u> : G\u00e9nie Electrique (<em><u>Options<\/u><\/em>\u00a0: <em>Electronique\u00a0; Electrotechnique\u00a0; Froid et Climatisation<\/em>) &#8211; Informatique Industrielle &#8211; Maintenance des Syst\u00e8mes Informatiques<br \/>\n<u>Sp\u00e9cialit\u00e9<\/u> : Ressources Humaines<u> <\/u><\/p>\n<p><u>Fili\u00e8re 1<\/u> : <strong>Gestion des Entreprises et des Administrations<\/strong><br \/>\n<u>Fili\u00e8re 2<\/u>\u00a0: <strong>G\u00e9nie Electrique et T\u00e9l\u00e9communication<\/strong><br \/>\n<u>Sp\u00e9cialit\u00e9<\/u> : T\u00e9l\u00e9communication et R\u00e9seaux. Dipl\u00f4me\u00a0: DSEP<\/p>\n","protected":false},"excerpt":{"rendered":"<p>&#46;&#46;&#46;<\/p>\n","protected":false},"author":2,"featured_media":0,"parent":1728,"menu_order":0,"comment_status":"closed","ping_status":"closed","template":"","meta":[],"_links":{"self":[{"href":"https:\/\/www.minesup.gov.cm\/index.php\/wp-json\/wp\/v2\/pages\/7459"}],"collection":[{"href":"https:\/\/www.minesup.gov.cm\/index.php\/wp-json\/wp\/v2\/pages"}],"about":[{"href":"https:\/\/www.minesup.gov.cm\/index.php\/wp-json\/wp\/v2\/types\/page"}],"author":[{"embeddable":true,"href":"https:\/\/www.minesup.gov.cm\/index.php\/wp-json\/wp\/v2\/users\/2"}],"replies":[{"embeddable":true,"href":"https:\/\/www.minesup.gov.cm\/index.php\/wp-json\/wp\/v2\/comments?post=7459"}],"version-history":[{"count":0,"href":"https:\/\/www.minesup.gov.cm\/index.php\/wp-json\/wp\/v2\/pages\/7459\/revisions"}],"up":[{"embeddable":true,"href":"https:\/\/www.minesup.gov.cm\/index.php\/wp-json\/wp\/v2\/pages\/1728"}],"wp:attachment":[{"href":"https:\/\/www.minesup.gov.cm\/index.php\/wp-json\/wp\/v2\/media?parent=7459"}],"curies":[{"name":"wp","href":"https:\/\/api.w.org\/{rel}","templated":true}]}}