{"id":7461,"date":"2019-06-19T13:58:08","date_gmt":"2019-06-19T11:58:08","guid":{"rendered":"https:\/\/minesup.gov.cm\/?page_id=7461"},"modified":"2019-06-23T18:17:32","modified_gmt":"2019-06-23T16:17:32","slug":"institut-superieur-detudes-scientifiques-technologiques-et-manageriales-isestma","status":"publish","type":"page","link":"https:\/\/www.minesup.gov.cm\/index.php\/centre\/institut-superieur-detudes-scientifiques-technologiques-et-manageriales-isestma\/","title":{"rendered":"Institut Sup\u00e9rieur d\u2019Etudes Scientifiques, Technologiques et Manag\u00e9riales (ISESTMA)"},"content":{"rendered":"<p style=\"text-align: center;\"><strong>INFORMATIONS D\u2019IDENTIFICATION<\/strong><\/p>\n<p style=\"text-align: justify;\"><strong>Nom de l\u2019institution\u00a0<\/strong>: Institut Sup\u00e9rieur d\u2019Etudes Scientifiques, Technologiques et Manag\u00e9riales (ISESTMA)<br \/>\n<strong>Nom du promoteur<\/strong>\u00a0: Association Elites Balessing de La G\u00e9n\u00e9ration Soixante (EBAGES) repr\u00e9sent\u00e9e par TINDO Gilbert<br \/>\n<strong>R\u00e9gion\u00a0<\/strong>: Centre<br \/>\n<strong>D\u00e9partement\u00a0<\/strong>: Mefou et Afamba<br \/>\n<strong>Arrondissement\u00a0<\/strong>: &#8211;<br \/>\n<strong>Site de localisation\u00a0<\/strong>: Nkoabang<br \/>\n<strong>Adresse postale<\/strong>\u00a0:<br \/>\n<strong>B.P<\/strong>.\u00a0: 33 778<br \/>\n<strong>T\u00e9l\u00e9phone\u00a0<\/strong>: 699\u00a0847 069<br \/>\n<strong>Email<\/strong>\u00a0:<br \/>\n<strong>Site web<\/strong>\u00a0:<br \/>\n<strong>Adresse dans les r\u00e9seaux sociaux\u00a0<\/strong>:<\/p>\n<p style=\"text-align: center;\"><strong>INFORMATIONS SUR LE STATUT D\u2019ACCR\u00c9DITATION<\/strong><\/p>\n<p><strong>Arr\u00eat\u00e9s portant cr\u00e9ation <\/strong>: N\u00b012\/0666\/MINESUP du 23 novembre 2012<br \/>\n<strong>Autorisation d\u2019ouverture<\/strong>\u00a0: N\u00b013\/0593\/MINESUP du 02 d\u00e9cembre 2013<\/p>\n<p style=\"text-align: center;\"><strong>FILI\u00c8RES, SP\u00c9CIALIT\u00c9S ET DIPL\u00d4MES AUTORIS\u00c9ES<\/strong><\/p>\n<p style=\"text-align: justify;\"><strong>Dipl\u00f4me\u00a0: BTS <\/strong><br \/>\n<strong><u>Fili\u00e8re 1<\/u><\/strong><strong> : Commerciale et de Gestion<\/strong><br \/>\n<u>Sp\u00e9cialit\u00e9s<\/u> : Action Commerciale &#8211; Comptabilit\u00e9 et Gestion des Entreprises &#8211; Commerce International &#8211; Banque &#8211; Secr\u00e9tariat Bureautique (<em><u>Option<\/u><\/em>\u00a0: Secr\u00e9tariat de Direction) &#8211; Gestion\u00a0 Logistique et Transport.<br \/>\n<strong><u>Fili\u00e8re 2<\/u><\/strong><strong> : Industrielle et Technologique<\/strong><br \/>\n<strong><u>Sp\u00e9cialit\u00e9s<\/u><\/strong> : G\u00e9nie Electrique (<em><u>Options<\/u><\/em><strong>\u00a0<\/strong>: Electronique, Electrotechnique, Froid et Climatisation) &#8211; Informatique Industrielle &#8211; Maintenance des Syst\u00e8mes Informatiques &#8211; Maintenance et Apr\u00e8s-Vente Automobile<strong>.<\/strong><br \/>\n<strong><u>Fili\u00e8re 3<\/u><\/strong><strong> : Communication<\/strong><br \/>\n<u>Sp\u00e9cialit\u00e9<\/u> : Information-Communication (<em><u>Options<\/u><\/em>\u00a0: Communication d\u2019Entreprise &#8211; Journalisme).<br \/>\n<strong><u>Fili\u00e8re 4<\/u><\/strong><strong>: Touristique et Sociale.<\/strong><br \/>\n<strong><u>Sp\u00e9cialit\u00e9s<\/u><\/strong><strong>\u00a0<\/strong>: Economie Sociale et Familiale &#8211; H\u00f4tellerie et Restauration.<br \/>\nstrong&gt;Dipl\u00f4me\u00a0: DSEP<br \/>\n<u>Fili\u00e8re 1<\/u> : Expertise Comptable<br \/>\n<u>Fili\u00e8re 2<\/u> : Finance et Comptabilit\u00e9<br \/>\n<u>Fili\u00e8re 3<\/u> : Gestion des Entreprises et Organisations<br \/>\nu&gt;Sp\u00e9cialit\u00e9\u00a0: Ressources humaines<br \/>\n<u>Fili\u00e8re 4<\/u> : Informatique<br \/>\n<u>Sp\u00e9cialit\u00e9<\/u>\u00a0: Maintenance Informatique &#8211; G\u00e9nie Informatique<br \/>\n<u>Fili\u00e8re 5<\/u> : G\u00e9nie Electrique et T\u00e9l\u00e9communications<br \/>\n<u>Sp\u00e9cialit\u00e9s<\/u>\u00a0: T\u00e9l\u00e9communications et R\u00e9seaux &#8211; Automatique et Informatique Industrielle (<em><u>Options<\/u><\/em>\u00a0: Automatique &#8211; Informatique Industrielle) &#8211; Electrique et Electronique (<em><u>Options<\/u><\/em>\u00a0: Electronique\u00a0; Electrotechnique).<\/p>\n","protected":false},"excerpt":{"rendered":"<p>&#46;&#46;&#46;<\/p>\n","protected":false},"author":2,"featured_media":0,"parent":1728,"menu_order":0,"comment_status":"closed","ping_status":"closed","template":"","meta":[],"_links":{"self":[{"href":"https:\/\/www.minesup.gov.cm\/index.php\/wp-json\/wp\/v2\/pages\/7461"}],"collection":[{"href":"https:\/\/www.minesup.gov.cm\/index.php\/wp-json\/wp\/v2\/pages"}],"about":[{"href":"https:\/\/www.minesup.gov.cm\/index.php\/wp-json\/wp\/v2\/types\/page"}],"author":[{"embeddable":true,"href":"https:\/\/www.minesup.gov.cm\/index.php\/wp-json\/wp\/v2\/users\/2"}],"replies":[{"embeddable":true,"href":"https:\/\/www.minesup.gov.cm\/index.php\/wp-json\/wp\/v2\/comments?post=7461"}],"version-history":[{"count":1,"href":"https:\/\/www.minesup.gov.cm\/index.php\/wp-json\/wp\/v2\/pages\/7461\/revisions"}],"predecessor-version":[{"id":18895,"href":"https:\/\/www.minesup.gov.cm\/index.php\/wp-json\/wp\/v2\/pages\/7461\/revisions\/18895"}],"up":[{"embeddable":true,"href":"https:\/\/www.minesup.gov.cm\/index.php\/wp-json\/wp\/v2\/pages\/1728"}],"wp:attachment":[{"href":"https:\/\/www.minesup.gov.cm\/index.php\/wp-json\/wp\/v2\/media?parent=7461"}],"curies":[{"name":"wp","href":"https:\/\/api.w.org\/{rel}","templated":true}]}}