{"id":7463,"date":"2019-06-19T13:59:15","date_gmt":"2019-06-19T11:59:15","guid":{"rendered":"https:\/\/minesup.gov.cm\/?page_id=7463"},"modified":"2019-06-23T22:25:00","modified_gmt":"2019-06-23T20:25:00","slug":"institut-superieur-de-chimie-et-de-gestion-iscg","status":"publish","type":"page","link":"https:\/\/www.minesup.gov.cm\/index.php\/centre\/institut-superieur-de-chimie-et-de-gestion-iscg\/","title":{"rendered":"Institut Sup\u00e9rieur de Chimie et de Gestion (ISCG)"},"content":{"rendered":"<p style=\"text-align: center;\"><strong>INFORMATIONS D\u2019IDENTIFICATION<\/strong><\/p>\n<p><strong>Nom de l\u2019institution\u00a0<\/strong>: Institut Sup\u00e9rieur de Chimie et de Gestion (ISCG)<br \/>\n<strong>Nom du promoteur<\/strong>\u00a0: GUIFFO SOH Guy Flaubert<br \/>\n<strong>R\u00e9gion<\/strong>: Centre<br \/>\n<strong>D\u00e9partement\u00a0<\/strong>: Mfoundi<br \/>\n<strong>Arrondissement\u00a0<\/strong>: Yaound\u00e9<br \/>\n<strong>Site de localisation\u00a0<\/strong>: Nouvelle route Bastos<br \/>\n<strong>Adresse postale<\/strong>\u00a0:<br \/>\n<strong>B.P<\/strong>.\u00a0: 4789<br \/>\n<strong>T\u00e9l\u00e9phone\u00a0<\/strong>: 679\u00a0470 051<br \/>\n<strong>Email<\/strong>\u00a0:<br \/>\n<strong>Site web<\/strong>\u00a0:<br \/>\n<strong>Adresse dans les r\u00e9seaux sociaux\u00a0<\/strong>:<\/p>\n<p style=\"text-align: center;\"><strong>\u00a0INFORMATIONS SUR LE STATUT D\u2019ACCR\u00c9DITATION<\/strong><\/p>\n<p><strong>Arr\u00eat\u00e9s portant cr\u00e9ation<\/strong>: N\u00b011\/0503\/MINESUP du 05 octobre 2011.<br \/>\n<strong>Autorisation d\u2019ouverture<\/strong>\u00a0: N\u00b013\/0597\/MINESUP du 02 d\u00e9cembre 2013<\/p>\n<p style=\"text-align: center;\"><strong>FILI\u00c8RES, SP\u00c9CIALIT\u00c9S ET DIPL\u00d4MES AUTORIS\u00c9ES<\/strong><\/p>\n<p><strong>Dipl\u00f4me\u00a0: BTS<\/strong><br \/>\n<strong><u>Fili\u00e8re 1<\/u><\/strong><strong>\u00a0:<\/strong><strong> Commerciale et de Gestion<\/strong><br \/>\n<strong><u>Sp\u00e9cialit\u00e9s<\/u><\/strong> : Commerce International &#8211; Informatique de Gestion &#8211; Transport et Logistique &#8211; Banque.<br \/>\n<strong><u>Fili\u00e8re 2<\/u><\/strong><strong> : Chimie<\/strong><br \/>\n<strong><u>Sp\u00e9cialit\u00e9s<\/u><\/strong> : Chimie G\u00e9n\u00e9rale &#8211; Chimie et Traitement des Eaux &#8211; Chimie de la Pollution Atmosph\u00e9rique &#8211; Mine &#8211; Gestion des Risques Chimiques, Environnementaux et Hospitaliers.<br \/>\n<strong><u>Fili\u00e8re 3<\/u><\/strong><strong>\u00a0: G\u00e9nie g\u00e9ologique et p\u00e9trolier<\/strong><br \/>\n<strong><u>Sp\u00e9cialit\u00e9<\/u><\/strong><strong>\u00a0<\/strong>: Mineset G\u00e9ologie Appliqu\u00e9e.<br \/>\n<strong>Dipl\u00f4me\u00a0: DSEP<\/strong><br \/>\n<u>Fili\u00e8re<\/u> : Gestion des Entreprises et des Organisations<br \/>\n<strong><u>Sp\u00e9cialit\u00e9<\/u><\/strong> : Ressources Humaines.<\/p>\n","protected":false},"excerpt":{"rendered":"<p>&#46;&#46;&#46;<\/p>\n","protected":false},"author":2,"featured_media":0,"parent":1728,"menu_order":0,"comment_status":"closed","ping_status":"closed","template":"","meta":[],"_links":{"self":[{"href":"https:\/\/www.minesup.gov.cm\/index.php\/wp-json\/wp\/v2\/pages\/7463"}],"collection":[{"href":"https:\/\/www.minesup.gov.cm\/index.php\/wp-json\/wp\/v2\/pages"}],"about":[{"href":"https:\/\/www.minesup.gov.cm\/index.php\/wp-json\/wp\/v2\/types\/page"}],"author":[{"embeddable":true,"href":"https:\/\/www.minesup.gov.cm\/index.php\/wp-json\/wp\/v2\/users\/2"}],"replies":[{"embeddable":true,"href":"https:\/\/www.minesup.gov.cm\/index.php\/wp-json\/wp\/v2\/comments?post=7463"}],"version-history":[{"count":0,"href":"https:\/\/www.minesup.gov.cm\/index.php\/wp-json\/wp\/v2\/pages\/7463\/revisions"}],"up":[{"embeddable":true,"href":"https:\/\/www.minesup.gov.cm\/index.php\/wp-json\/wp\/v2\/pages\/1728"}],"wp:attachment":[{"href":"https:\/\/www.minesup.gov.cm\/index.php\/wp-json\/wp\/v2\/media?parent=7463"}],"curies":[{"name":"wp","href":"https:\/\/api.w.org\/{rel}","templated":true}]}}