{"id":7465,"date":"2019-06-19T14:00:36","date_gmt":"2019-06-19T12:00:36","guid":{"rendered":"https:\/\/minesup.gov.cm\/?page_id=7465"},"modified":"2019-06-23T22:30:18","modified_gmt":"2019-06-23T20:30:18","slug":"institut-superieur-de-formation-aux-metiers-de-telecommunications-de-linnovation-technologique-de-commerce-et-de-gestion-iftic-sup","status":"publish","type":"page","link":"https:\/\/www.minesup.gov.cm\/index.php\/centre\/institut-superieur-de-formation-aux-metiers-de-telecommunications-de-linnovation-technologique-de-commerce-et-de-gestion-iftic-sup\/","title":{"rendered":"Institut Sup\u00e9rieur de Formation aux M\u00e9tiers de T\u00e9l\u00e9communications, de l\u2019Innovation Technologique, de Commerce et de Gestion (IFTIC- SUP)."},"content":{"rendered":"<p style=\"text-align: center;\"><strong>INFORMATIONS D\u2019IDENTIFICATION<\/strong><\/p>\n<p style=\"text-align: justify;\"><strong>Nom de l\u2019institution\u00a0<\/strong>: Institut Sup\u00e9rieur de Formation aux M\u00e9tiers de T\u00e9l\u00e9communications, de l\u2019Innovation Technologique, de Commerce et de Gestion (IFTIC- SUP).<br \/>\n<strong>Nom du promoteur<\/strong>\u00a0: ABANDA MEKONGO Armand Claude<br \/>\n<strong>R\u00e9gion<\/strong>: Centre<br \/>\n<strong>D\u00e9partement\u00a0<\/strong>: Mefou-Afamba<br \/>\n<strong>Arrondissement\u00a0<\/strong>\u00a0\u00a0\u00a0 : Mfou<br \/>\n<strong>Site de localisation\u00a0<\/strong>: NkolAnga\u2019a<br \/>\n<strong>Adresse postale<\/strong>\u00a0:<br \/>\n<strong>B.P<\/strong>. : 33384<br \/>\n<strong>T\u00e9l\u00e9phone\u00a0<\/strong>: 33 31 32 33 \/ 22\u00a002 47 50 \/ 677 75 54 50<br \/>\n<strong>Email<\/strong>\u00a0:<br \/>\n<strong>Site web<\/strong>\u00a0:<br \/>\n<strong>Adresse dans les r\u00e9seaux sociaux\u00a0<\/strong>:<\/p>\n<p style=\"text-align: center;\"><strong>INFORMATIONS SUR LE STATUT D\u2019ACCR\u00c9DITATION<\/strong><\/p>\n<p style=\"text-align: justify;\"><strong>Arr\u00eat\u00e9s portant cr\u00e9ation <\/strong>: N\u00b008\/0261\/MINESUP\u00a0 du 03 octobre 2008.<br \/>\n<strong>Autorisation d\u2019ouverture<\/strong>\u00a0: N\u00b008\/0262\/MINESUP du 03 octobre 2008 Compl\u00e9t\u00e9e par l\u2019arr\u00eat\u00e9 N\u00b008\/0263\/MINESUP du 03 octobre 2008. <strong>Et l\u2019arr\u00eat\u00e9 <\/strong>N\u00b012\/0402\/MINESUP du 17 ao\u00fbt 2012<\/p>\n<p style=\"text-align: center;\"><strong>\u00a0FILI\u00c8RES, SP\u00c9CIALIT\u00c9S ET DIPL\u00d4MES AUTORIS\u00c9ES<\/strong><\/p>\n<p style=\"text-align: justify;\"><strong>Dipl\u00f4me\u00a0: BTS <\/strong><br \/>\n<strong><u>Fili\u00e8re 1<\/u><\/strong><strong>\u00a0: Commerciale et de Gestion<\/strong><br \/>\n<strong><u>Sp\u00e9cialit\u00e9s<\/u><\/strong>\u00a0: Secr\u00e9tariat Bureautique &#8211; Comptabilit\u00e9 et Gestion des Entreprises &#8211; Action Commerciale &#8211; Informatique de Gestion &#8211; Commerce International.<br \/>\n<strong><u>Fili\u00e8re 2<\/u><\/strong><strong>\u00a0: Communication<\/strong><br \/>\n<strong><u>Sp\u00e9cialit\u00e9s<\/u><\/strong>\u00a0: Information et Communication &#8211; Photographie et Audio-Visuel.<br \/>\n<strong><u>Fili\u00e8re 3<\/u><\/strong><strong>\u00a0: Industrielle et Technologique<\/strong><br \/>\n<strong><u>Sp\u00e9cialit\u00e9s<\/u><\/strong>\u00a0:\u00a0\u00a0 G\u00e9nie Electrique &#8211; Froid et Climatisation.<br \/>\n<strong>Dipl\u00f4me\u00a0: DSEP <\/strong><br \/>\n<strong><u>Fili\u00e8re 1<\/u><\/strong><strong>\u00a0: G\u00e9nie Electrique et T\u00e9l\u00e9communications<\/strong><br \/>\n<strong><u>Sp\u00e9cialit\u00e9s<\/u><\/strong>\u00a0: Automatique et Informatique Industrielle &#8211; T\u00e9l\u00e9communications.<br \/>\n<strong><u>Fili\u00e8re 2<\/u><\/strong><strong>\u00a0:\u00a0\u00a0 Expertise Comptable<\/strong><br \/>\n<strong><u>Fili\u00e8re 3<\/u><\/strong><strong>\u00a0:\u00a0\u00a0 Finance et Comptabilit\u00e9<\/strong><br \/>\n<strong><u>Fili\u00e8re 4<\/u><\/strong><strong>\u00a0: Informatique<\/strong><br \/>\n<strong><u>Sp\u00e9cialit\u00e9s<\/u><\/strong>\u00a0: Maintenance Informatique &#8211; G\u00e9nie Informatique.<br \/>\n<strong><u>Fili\u00e8re 5<\/u><\/strong><strong>\u00a0:\u00a0\u00a0 Gestion des Entreprises et Organisation<\/strong><br \/>\n<strong><u>Sp\u00e9cialit\u00e9<\/u><\/strong>\u00a0:\u00a0\u00a0 Ressources Humaines.<br \/>\n<strong><u>Fili\u00e8re 6<\/u><\/strong><strong>\u00a0: Marketing, Commerce et Vente<\/strong><\/p>\n","protected":false},"excerpt":{"rendered":"<p>&#46;&#46;&#46;<\/p>\n","protected":false},"author":2,"featured_media":0,"parent":1728,"menu_order":0,"comment_status":"closed","ping_status":"closed","template":"","meta":[],"_links":{"self":[{"href":"https:\/\/www.minesup.gov.cm\/index.php\/wp-json\/wp\/v2\/pages\/7465"}],"collection":[{"href":"https:\/\/www.minesup.gov.cm\/index.php\/wp-json\/wp\/v2\/pages"}],"about":[{"href":"https:\/\/www.minesup.gov.cm\/index.php\/wp-json\/wp\/v2\/types\/page"}],"author":[{"embeddable":true,"href":"https:\/\/www.minesup.gov.cm\/index.php\/wp-json\/wp\/v2\/users\/2"}],"replies":[{"embeddable":true,"href":"https:\/\/www.minesup.gov.cm\/index.php\/wp-json\/wp\/v2\/comments?post=7465"}],"version-history":[{"count":0,"href":"https:\/\/www.minesup.gov.cm\/index.php\/wp-json\/wp\/v2\/pages\/7465\/revisions"}],"up":[{"embeddable":true,"href":"https:\/\/www.minesup.gov.cm\/index.php\/wp-json\/wp\/v2\/pages\/1728"}],"wp:attachment":[{"href":"https:\/\/www.minesup.gov.cm\/index.php\/wp-json\/wp\/v2\/media?parent=7465"}],"curies":[{"name":"wp","href":"https:\/\/api.w.org\/{rel}","templated":true}]}}