{"id":7469,"date":"2019-06-19T14:02:25","date_gmt":"2019-06-19T12:02:25","guid":{"rendered":"https:\/\/minesup.gov.cm\/?page_id=7469"},"modified":"2019-06-23T22:38:25","modified_gmt":"2019-06-23T20:38:25","slug":"institut-superieur-de-lemergence-ise","status":"publish","type":"page","link":"https:\/\/www.minesup.gov.cm\/index.php\/centre\/institut-superieur-de-lemergence-ise\/","title":{"rendered":"Institut Sup\u00e9rieur de l\u2019Emergence (ISE)"},"content":{"rendered":"<p style=\"text-align: center;\"><strong>INFORMATIONS D\u2019IDENTIFICATION<\/strong><\/p>\n<p><strong>Nom de l\u2019institution\u00a0<\/strong>: Institut Sup\u00e9rieur de l\u2019Emergence (ISE)<br \/>\n<strong>Nom du promoteur <\/strong>: MAGALA Claudine Josiane \u00e9pouse NSOA<br \/>\n<strong>R\u00e9gion <\/strong>: Centre<br \/>\n<strong>D\u00e9partement\u00a0<\/strong>: Mfoundi<br \/>\n<strong>Arrondissement\u00a0<\/strong>: Yaound\u00e9<br \/>\n<strong>Site de localisation\u00a0<\/strong>: Odza<br \/>\n<strong>Adresse postale<\/strong>\u00a0:<br \/>\n<strong>B.P<\/strong>.\u00a0: 13205<br \/>\n<strong>T\u00e9l\u00e9phone\u00a0<\/strong>: 699\u00a0970 220<br \/>\n<strong>Email<\/strong>\u00a0:<br \/>\n<strong>Site web<\/strong>\u00a0:<br \/>\n<strong>Adresse dans les r\u00e9seaux sociaux\u00a0<\/strong>:<\/p>\n<p style=\"text-align: center;\"><strong>\u00a0INFORMATIONS SUR LE STATUT D\u2019ACCR\u00c9DITATION<\/strong><\/p>\n<p style=\"text-align: justify;\"><strong>Arr\u00eat\u00e9s portant cr\u00e9ation <\/strong>: N\u00b016-05803\/L\/MINESUP\/SG\/DDES\/ESUP\/SDA\/OAGS du 26 mai 2016<\/p>\n<p style=\"text-align: justify;\"><strong>Autorisation d\u2019ouverture<\/strong>\u00a0: N\u00b016-05803\/L\/MINESUP\/SG\/DDES\/ESUP\/SDA\/OAGS du 26 mai 2016<\/p>\n<p style=\"text-align: center;\"><strong>\u00a0FILI\u00c8RES, SP\u00c9CIALIT\u00c9S ET DIPL\u00d4MES AUTORIS\u00c9ES<\/strong><\/p>\n<p style=\"text-align: justify;\"><strong>Dipl\u00f4me\u00a0:<\/strong> BTS<br \/>\n<strong><u>Fili\u00e8re 1<\/u><\/strong><strong>\u00a0: Commerciale et de Gestion<\/strong><br \/>\n<strong><u>Sp\u00e9cialit\u00e9s<\/u><\/strong><strong>\u00a0<\/strong>: Comptabilit\u00e9 et Gestion des Entreprises\u00a0\u00a0&#8211; Informatique de Gestion\u00a0&#8211; Commerce International- Action Commerciale &#8211; Secr\u00e9tariat et Bureautique (<u>Options<\/u>\u00a0: Secr\u00e9tariat de Direction\u00a0; Secr\u00e9tariat Bureautique Bilingue) &#8211; Assurance &#8211; Banque &#8211; Gestion Logistique et Transport.<br \/>\n<strong><u>Fili\u00e8re 2<\/u><\/strong><strong>\u00a0: Communication<\/strong><br \/>\n<strong><u>Sp\u00e9cialit\u00e9<\/u><\/strong><strong>\u00a0<\/strong>: Information-Communication (<u>Options<\/u><strong>\u00a0<\/strong>: Communication d\u2019Entreprise\u00a0; Journalisme) &#8211; Photographie et Audio-visuel (<u>Options<\/u>\u00a0: Photographie et Audiovisuel).<br \/>\n<strong><u>Fili\u00e8re 3<\/u><\/strong><strong>\u00a0: Industrielle et Technologique<\/strong><br \/>\n<strong><u>Sp\u00e9cialit\u00e9s<\/u><\/strong>\u00a0: G\u00e9nie M\u00e9canique (<u>Options<\/u>\u00a0: Maintenance Apr\u00e8s-Vente Automobile\u00a0; Fabrication M\u00e9canique\u00a0; Construction M\u00e9canique) &#8211; Maintenance des Syst\u00e8mes Informatiques &#8211; G\u00e9nie Civil (<u>Options<\/u>\u00a0: B\u00e2timent\u00a0; Travaux Publics) &#8211; Chaudronnerie &#8211; G\u00e9nie Electrique (<u>Options<\/u>\u00a0: Electronique\u00a0; Electrotechnique\u00a0; Froid et Climatisation) &#8211; Informatique Industrielle.<br \/>\n<strong><u>Fili\u00e8re 4<\/u><\/strong><strong>\u00a0: Touristique et Sociale<\/strong><br \/>\n<strong><u>Sp\u00e9cialit\u00e9<\/u><\/strong>\u00a0: Tourisme et Loisirs &#8211; H\u00f4tellerie et Restauration &#8211; Economie Sociale et Familiale.<br \/>\n<strong><u>Fili\u00e8re 5<\/u><\/strong><strong>\u00a0: Professions M\u00e9dico-Sanitaires<\/strong><br \/>\n<u>Sp\u00e9cialit\u00e9s<\/u> : Soins infirmiers &#8211; Sage-femme &#8211; Imagerie m\u00e9dicale &#8211; Kin\u00e9sith\u00e9rapie &#8211; Techniques de laboratoire &#8211; Techniques Pharmaceutiques.<br \/>\n<strong><u>Fili\u00e8re 6<\/u><\/strong><strong>\u00a0: G\u00e9nie Electrique et T\u00e9l\u00e9communication<\/strong><br \/>\n<strong><u>Sp\u00e9cialit\u00e9<\/u><\/strong> : T\u00e9l\u00e9communication et R\u00e9seaux.<br \/>\n<strong>\u00a0<\/strong><\/p>\n","protected":false},"excerpt":{"rendered":"<p>&#46;&#46;&#46;<\/p>\n","protected":false},"author":2,"featured_media":0,"parent":1728,"menu_order":0,"comment_status":"closed","ping_status":"closed","template":"","meta":[],"_links":{"self":[{"href":"https:\/\/www.minesup.gov.cm\/index.php\/wp-json\/wp\/v2\/pages\/7469"}],"collection":[{"href":"https:\/\/www.minesup.gov.cm\/index.php\/wp-json\/wp\/v2\/pages"}],"about":[{"href":"https:\/\/www.minesup.gov.cm\/index.php\/wp-json\/wp\/v2\/types\/page"}],"author":[{"embeddable":true,"href":"https:\/\/www.minesup.gov.cm\/index.php\/wp-json\/wp\/v2\/users\/2"}],"replies":[{"embeddable":true,"href":"https:\/\/www.minesup.gov.cm\/index.php\/wp-json\/wp\/v2\/comments?post=7469"}],"version-history":[{"count":0,"href":"https:\/\/www.minesup.gov.cm\/index.php\/wp-json\/wp\/v2\/pages\/7469\/revisions"}],"up":[{"embeddable":true,"href":"https:\/\/www.minesup.gov.cm\/index.php\/wp-json\/wp\/v2\/pages\/1728"}],"wp:attachment":[{"href":"https:\/\/www.minesup.gov.cm\/index.php\/wp-json\/wp\/v2\/media?parent=7469"}],"curies":[{"name":"wp","href":"https:\/\/api.w.org\/{rel}","templated":true}]}}