{"id":7471,"date":"2019-06-19T14:03:33","date_gmt":"2019-06-19T12:03:33","guid":{"rendered":"https:\/\/minesup.gov.cm\/?page_id=7471"},"modified":"2019-06-24T05:07:58","modified_gmt":"2019-06-24T03:07:58","slug":"institut-superieur-de-management-et-des-sciences-appliquees-ismasa","status":"publish","type":"page","link":"https:\/\/www.minesup.gov.cm\/index.php\/centre\/institut-superieur-de-management-et-des-sciences-appliquees-ismasa\/","title":{"rendered":"Institut Sup\u00e9rieur de Management et des Sciences Appliqu\u00e9es (ISMASA)"},"content":{"rendered":"<p style=\"text-align: center;\"><strong>INFORMATIONS D\u2019IDENTIFICATION<\/strong><\/p>\n<p style=\"text-align: justify;\"><strong>Nom de l\u2019institution\u00a0<\/strong>: Institut Sup\u00e9rieur de Management et des Sciences Appliqu\u00e9es (ISMASA)<br \/>\n<strong>Nom du promoteur<\/strong>\u00a0: NGON A DONG Bienvenue<br \/>\n<strong>R\u00e9gion\u00a0<\/strong>: Centre<br \/>\n<strong>D\u00e9partement\u00a0<\/strong>: Mfoundi<br \/>\n<strong>Arrondissement\u00a0<\/strong>: Yaound\u00e9<br \/>\n<strong>Site de localisation\u00a0<\/strong>: Nsimeyong<br \/>\n<strong>Adresse postale<\/strong>\u00a0:<br \/>\n<strong>B.P<\/strong>.\u00a0: 249<br \/>\n<strong>T\u00e9l\u00e9phone\u00a0<\/strong>: 675\u00a0241 923<br \/>\n<strong>Email<\/strong>\u00a0:<br \/>\n<strong>Site web<\/strong>\u00a0:<br \/>\n<strong>Adresse dans les r\u00e9seaux sociaux\u00a0<\/strong>:<\/p>\n<p style=\"text-align: center;\"><strong>\u00a0INFORMATIONS SUR LE STATUT D\u2019ACCR\u00c9DITATION<\/strong><\/p>\n<p style=\"text-align: justify;\"><strong>Arr\u00eat\u00e9s portant cr\u00e9ation <\/strong>: N\u00b012\/0668\/MINESUP du 23 novembre 2012<br \/>\n<strong>Autorisation d\u2019ouverture<\/strong>\u00a0: N\u00b014\/0388\/MINESUP\/SG\/DDES\/ du 04 juillet 2014<\/p>\n<p style=\"text-align: center;\"><strong>FILI\u00c8RES, SP\u00c9CIALIT\u00c9S ET DIPL\u00d4MES AUTORIS\u00c9ES<\/strong><\/p>\n<p style=\"text-align: justify;\"><strong>Dipl\u00f4me\u00a0: BTS<\/strong><br \/>\n<strong><u>Fili\u00e8re 1<\/u><\/strong><strong> : Commerciale et de Gestion<\/strong><br \/>\n<strong><u>Sp\u00e9cialit\u00e9s<\/u><\/strong> : Action Commerciale &#8211; Commerce International &#8211; Informatique de Gestion -Secr\u00e9tariat et Bureautique (<em><u>Options<\/u><\/em>\u00a0: Secr\u00e9tariat de Direction, Secr\u00e9tariat Bureautique Bilingue) &#8211; Banque &#8211; Comptabilit\u00e9 et Gestion des Entreprises.<br \/>\n<strong><u>Fili\u00e8re 2<\/u><\/strong><strong>\u00a0: Industrielle et Technologique<\/strong><br \/>\n<u>Sp\u00e9cialit\u00e9s<\/u> : G\u00e9nie M\u00e9canique (<em><u>Options<\/u><\/em>\u00a0: Maintenance et Apr\u00e8s-Vente Automobile)<br \/>\n<strong>Dipl\u00f4me\u00a0: DSEP<\/strong><br \/>\n<strong><u>Fili\u00e8re<\/u><\/strong><strong> : Gestions des Entreprises et des Administrations<\/strong><br \/>\n<strong><u>Sp\u00e9cialit\u00e9s<\/u><\/strong> : Ressources Humaines.<\/p>\n","protected":false},"excerpt":{"rendered":"<p>&#46;&#46;&#46;<\/p>\n","protected":false},"author":2,"featured_media":0,"parent":1728,"menu_order":0,"comment_status":"closed","ping_status":"closed","template":"","meta":[],"_links":{"self":[{"href":"https:\/\/www.minesup.gov.cm\/index.php\/wp-json\/wp\/v2\/pages\/7471"}],"collection":[{"href":"https:\/\/www.minesup.gov.cm\/index.php\/wp-json\/wp\/v2\/pages"}],"about":[{"href":"https:\/\/www.minesup.gov.cm\/index.php\/wp-json\/wp\/v2\/types\/page"}],"author":[{"embeddable":true,"href":"https:\/\/www.minesup.gov.cm\/index.php\/wp-json\/wp\/v2\/users\/2"}],"replies":[{"embeddable":true,"href":"https:\/\/www.minesup.gov.cm\/index.php\/wp-json\/wp\/v2\/comments?post=7471"}],"version-history":[{"count":0,"href":"https:\/\/www.minesup.gov.cm\/index.php\/wp-json\/wp\/v2\/pages\/7471\/revisions"}],"up":[{"embeddable":true,"href":"https:\/\/www.minesup.gov.cm\/index.php\/wp-json\/wp\/v2\/pages\/1728"}],"wp:attachment":[{"href":"https:\/\/www.minesup.gov.cm\/index.php\/wp-json\/wp\/v2\/media?parent=7471"}],"curies":[{"name":"wp","href":"https:\/\/api.w.org\/{rel}","templated":true}]}}