{"id":7475,"date":"2019-06-19T14:05:32","date_gmt":"2019-06-19T12:05:32","guid":{"rendered":"https:\/\/minesup.gov.cm\/?page_id=7475"},"modified":"2019-06-24T05:16:30","modified_gmt":"2019-06-24T03:16:30","slug":"institut-superieur-de-management-international-ismi","status":"publish","type":"page","link":"https:\/\/www.minesup.gov.cm\/index.php\/centre\/institut-superieur-de-management-international-ismi\/","title":{"rendered":"Institut Sup\u00e9rieur de Management International (ISMI)"},"content":{"rendered":"<p style=\"text-align: center;\"><strong>INFORMATIONS D\u2019IDENTIFICATION<\/strong><\/p>\n<p style=\"text-align: justify;\"><strong>Nom de l\u2019institution\u00a0<\/strong>: Institut Sup\u00e9rieur de Management International (ISMI)<br \/>\n<strong>Nom du promoteur<\/strong>\u00a0: AFANE Francine<br \/>\n<strong>R\u00e9gion\u00a0<\/strong>: Centre<br \/>\n<strong>D\u00e9partement <\/strong>: Mfoundi<br \/>\n<strong>Arrondissement\u00a0<\/strong>: Yaound\u00e9<br \/>\n<strong>Site de localisation\u00a0<\/strong>: Odza<br \/>\n<strong>Adresse postale<\/strong>\u00a0:<br \/>\n<strong>B.P<\/strong>.\u00a0: 14689<br \/>\n<strong>T\u00e9l\u00e9phone\u00a0<\/strong>: 697\u00a0566 888<br \/>\n<strong>Email<\/strong>\u00a0:<br \/>\n<strong>Site web<\/strong>\u00a0:<br \/>\n<strong>Adresse dans les r\u00e9seaux sociaux\u00a0<\/strong>:<\/p>\n<p style=\"text-align: center;\"><strong>INFORMATIONS SUR LE STATUT D\u2019ACCR\u00c9DITATION<\/strong><\/p>\n<p style=\"text-align: justify;\"><strong>Arr\u00eat\u00e9s portant cr\u00e9ation <\/strong>: N\u00b014\/08922\/L\/MINESUP\/SG\/DDES\/ESUP\/SDA\/OAGS du 05 d\u00e9cembre 2014<br \/>\n<strong>Autorisation d\u2019ouverture<\/strong>\u00a0: N\u00b014\/08922\/L\/MINESUP\/SG\/DDES\/ESUP\/SDA\/OAGS du 05 d\u00e9cembre 2014.<\/p>\n<p style=\"text-align: center;\"><strong>\u00a0FILI\u00c8RES, SP\u00c9CIALIT\u00c9S ET DIPL\u00d4MES AUTORIS\u00c9ES<\/strong><\/p>\n<p style=\"text-align: justify;\"><strong>\u00a0Dipl\u00f4me\u00a0: BTS <\/strong>&lt;<br \/>\n<strong><u>Fili\u00e8re 1<\/u><\/strong><strong>\u00a0: Commerciale et de Gestion<\/strong><br \/>\n<strong><u>Sp\u00e9cialit\u00e9s<\/u><\/strong>\u00a0: Banque &#8211; Assurance &#8211; Comptabilit\u00e9 et Gestion des Entreprises &#8211; Informatique de Gestion &#8211; Gestion Logistique et Transport &#8211; Action Commerciale &#8211; Commerce International &#8211; Secr\u00e9tariat et Bureautique (Options\u00a0: Secr\u00e9tariat de Direction\u00a0; Secr\u00e9tariat Bureautique Bilingue).<br \/>\n<strong><u>Fili\u00e8re 2<\/u><\/strong><strong>\u00a0: Communication<\/strong><br \/>\n<strong><u>Sp\u00e9cialit\u00e9<\/u><\/strong>\u00a0: Information-Communication (Options\u00a0: Communication d\u2019Entreprise\u00a0; Journalisme).<br \/>\n<strong><u>Fili\u00e8re 3<\/u><\/strong><strong>\u00a0: Touristique et Sociale<\/strong><br \/>\n<strong><u>Sp\u00e9cialit\u00e9s<\/u><\/strong>\u00a0: H\u00f4tellerie et Restauration\u00a0; Tourisme et Loisirs<br \/>\n<strong><u>Fili\u00e8re 4<\/u><\/strong><strong>\u00a0: Agriculture<\/strong><br \/>\n<strong><u>Sp\u00e9cialit\u00e9s<\/u><\/strong>\u00a0: Conseil Agropastoral \u2013 Entrepreneuriat Agropastoral<br \/>\n<strong>Dipl\u00f4me\u00a0: DSEP <\/strong><br \/>\n<strong><u>Fili\u00e8re 1<\/u><\/strong><strong>\u00a0: Comptabilit\u00e9 et Finance<\/strong><br \/>\n<strong><u>Fili\u00e8re 2<\/u><\/strong><strong>\u00a0: Marketing, Commerce et Vente<\/strong><br \/>\n<strong><u>Fili\u00e8re 3<\/u><\/strong><strong>\u00a0: Expertise Comptable<\/strong><br \/>\n<strong><u>Fili\u00e8re 4<\/u><\/strong><strong>\u00a0: Gestion des Entreprises et des Administrations<\/strong><br \/>\n<u>Sp\u00e9cialit\u00e9s<\/u>\u00a0: Ressources Humaines\u00a0&#8211; Petites et Moyennes Organisations.<\/p>\n","protected":false},"excerpt":{"rendered":"<p>&#46;&#46;&#46;<\/p>\n","protected":false},"author":2,"featured_media":0,"parent":1728,"menu_order":0,"comment_status":"closed","ping_status":"closed","template":"","meta":[],"_links":{"self":[{"href":"https:\/\/www.minesup.gov.cm\/index.php\/wp-json\/wp\/v2\/pages\/7475"}],"collection":[{"href":"https:\/\/www.minesup.gov.cm\/index.php\/wp-json\/wp\/v2\/pages"}],"about":[{"href":"https:\/\/www.minesup.gov.cm\/index.php\/wp-json\/wp\/v2\/types\/page"}],"author":[{"embeddable":true,"href":"https:\/\/www.minesup.gov.cm\/index.php\/wp-json\/wp\/v2\/users\/2"}],"replies":[{"embeddable":true,"href":"https:\/\/www.minesup.gov.cm\/index.php\/wp-json\/wp\/v2\/comments?post=7475"}],"version-history":[{"count":0,"href":"https:\/\/www.minesup.gov.cm\/index.php\/wp-json\/wp\/v2\/pages\/7475\/revisions"}],"up":[{"embeddable":true,"href":"https:\/\/www.minesup.gov.cm\/index.php\/wp-json\/wp\/v2\/pages\/1728"}],"wp:attachment":[{"href":"https:\/\/www.minesup.gov.cm\/index.php\/wp-json\/wp\/v2\/media?parent=7475"}],"curies":[{"name":"wp","href":"https:\/\/api.w.org\/{rel}","templated":true}]}}