{"id":7477,"date":"2019-06-19T14:06:36","date_gmt":"2019-06-19T12:06:36","guid":{"rendered":"https:\/\/minesup.gov.cm\/?page_id=7477"},"modified":"2019-06-24T05:22:27","modified_gmt":"2019-06-24T03:22:27","slug":"institut-superieur-de-petrochimie-et-dingenierie","status":"publish","type":"page","link":"https:\/\/www.minesup.gov.cm\/index.php\/centre\/institut-superieur-de-petrochimie-et-dingenierie\/","title":{"rendered":"Institut Sup\u00e9rieur de P\u00e9trochimie et d\u2019Ing\u00e9nierie Math\u00e9matique (ISPIM)"},"content":{"rendered":"<p style=\"text-align: center;\"><strong>INFORMATIONS D\u2019IDENTIFICATION<\/strong><\/p>\n<p style=\"text-align: justify;\"><strong>Nom de l\u2019institution\u00a0<\/strong>: Institut Sup\u00e9rieur de P\u00e9trochimie et d\u2019Ing\u00e9nierie Math\u00e9matique (ISPIM)<br \/>\n<strong>Nom du promoteur<\/strong>\u00a0: TONGA Marcel<br \/>\n<strong>R\u00e9gion\u00a0<\/strong>: Centre<br \/>\n<strong>D\u00e9partement\u00a0<\/strong>: Mfoundi<br \/>\n<strong>Arrondissement\u00a0<\/strong>: Yaound\u00e9<br \/>\n<strong>Site de localisation\u00a0<\/strong>: Simbock<br \/>\n<strong>Adresse postale<\/strong>\u00a0:<br \/>\n<strong>B.P<\/strong>. : 812<br \/>\n<strong>T\u00e9l\u00e9phone <\/strong>: 699\u00a0974 883<br \/>\n<strong>Email<\/strong>\u00a0:<br \/>\n<strong>Site web<\/strong>\u00a0:<br \/>\n<strong>Adresse dans les r\u00e9seaux sociaux\u00a0<\/strong>:<\/p>\n<p style=\"text-align: center;\"><strong>INFORMATIONS SUR LE STATUT D\u2019ACCR\u00c9DITATION<\/strong><\/p>\n<p style=\"text-align: justify;\"><strong>\u00a0Arr\u00eat\u00e9s portant cr\u00e9ation <\/strong>: N\u00b017-00294\/L\/MINESUP\/SG\/DDES\/ESUP\/SDA\/OAGS du 17 janvier 2017<br \/>\n<strong>Autorisation d\u2019ouverture<\/strong>\u00a0: N\u00b017-00294\/L\/MINESUP\/SG\/DDES\/ESUP\/SDA\/OAGS du 17 janvier 2017<br \/>\n<strong>FILI\u00c8RES, SP\u00c9CIALIT\u00c9S ET DIPL\u00d4MES AUTORIS\u00c9ES<\/strong><br \/>\n<strong>Dipl\u00f4me\u00a0: BTS<\/strong><br \/>\n<strong><u>Fili\u00e8re 1<\/u><\/strong><strong>\u00a0: G\u00e9nie g\u00e9ologique et p\u00e9trolier<\/strong><br \/>\n<strong><u>Sp\u00e9cialit\u00e9<\/u><\/strong><strong>\u00a0<\/strong>: Mines et G\u00e9ologie Appliqu\u00e9e &#8211; Ing\u00e9nierie P\u00e9troli\u00e8re.<br \/>\n<strong><u>Fili\u00e8re 2<\/u><\/strong><strong>\u00a0: Chimie<\/strong>.<\/p>\n","protected":false},"excerpt":{"rendered":"<p>&#46;&#46;&#46;<\/p>\n","protected":false},"author":2,"featured_media":0,"parent":1728,"menu_order":0,"comment_status":"closed","ping_status":"closed","template":"","meta":[],"_links":{"self":[{"href":"https:\/\/www.minesup.gov.cm\/index.php\/wp-json\/wp\/v2\/pages\/7477"}],"collection":[{"href":"https:\/\/www.minesup.gov.cm\/index.php\/wp-json\/wp\/v2\/pages"}],"about":[{"href":"https:\/\/www.minesup.gov.cm\/index.php\/wp-json\/wp\/v2\/types\/page"}],"author":[{"embeddable":true,"href":"https:\/\/www.minesup.gov.cm\/index.php\/wp-json\/wp\/v2\/users\/2"}],"replies":[{"embeddable":true,"href":"https:\/\/www.minesup.gov.cm\/index.php\/wp-json\/wp\/v2\/comments?post=7477"}],"version-history":[{"count":0,"href":"https:\/\/www.minesup.gov.cm\/index.php\/wp-json\/wp\/v2\/pages\/7477\/revisions"}],"up":[{"embeddable":true,"href":"https:\/\/www.minesup.gov.cm\/index.php\/wp-json\/wp\/v2\/pages\/1728"}],"wp:attachment":[{"href":"https:\/\/www.minesup.gov.cm\/index.php\/wp-json\/wp\/v2\/media?parent=7477"}],"curies":[{"name":"wp","href":"https:\/\/api.w.org\/{rel}","templated":true}]}}