{"id":7479,"date":"2019-06-19T14:07:43","date_gmt":"2019-06-19T12:07:43","guid":{"rendered":"https:\/\/minesup.gov.cm\/?page_id=7479"},"modified":"2019-06-24T05:31:12","modified_gmt":"2019-06-24T03:31:12","slug":"institut-superieur-de-technologie-appliquee-et-de-gestion-istag","status":"publish","type":"page","link":"https:\/\/www.minesup.gov.cm\/index.php\/centre\/institut-superieur-de-technologie-appliquee-et-de-gestion-istag\/","title":{"rendered":"Institut Sup\u00e9rieur de Technologie Appliqu\u00e9e et de Gestion (ISTAG)"},"content":{"rendered":"<p style=\"text-align: center;\"><strong>INFORMATIONS D\u2019IDENTIFICATION<\/strong><\/p>\n<p style=\"text-align: justify;\"><strong>Nom de l\u2019institution\u00a0<\/strong>: Institut Sup\u00e9rieur de Technologie Appliqu\u00e9e et de Gestion (ISTAG)<br \/>\n<strong>Nom du promoteur<\/strong>\u00a0: DJOFANG Joseph<br \/>\n<strong>R\u00e9gion\u00a0<\/strong>: Centre<br \/>\n<strong>D\u00e9partement\u00a0<\/strong>: Mfoundi<br \/>\n<strong>Arrondissement\u00a0<\/strong>: Yaound\u00e9<br \/>\n<strong>Site de localisation\u00a0<\/strong>: Quartier Fouda<br \/>\n<strong>Adresse postale<\/strong>\u00a0:<br \/>\n<strong>B.P<\/strong>.\u00a0: 12752<br \/>\n<strong>T\u00e9l\u00e9phone\u00a0<\/strong>: 22 22 56 76 \/ 22 01 51 21 \/ 699\u00a0682 660<br \/>\n<strong>Email<\/strong>\u00a0:<br \/>\n<strong>Site web<\/strong>\u00a0:<br \/>\n<strong>Adresse dans les r\u00e9seaux sociaux\u00a0<\/strong>:<\/p>\n<p style=\"text-align: center;\"><strong>INFORMATIONS SUR LE STATUT D\u2019ACCR\u00c9DITATION<\/strong><\/p>\n<p style=\"text-align: justify;\"><strong>Arr\u00eat\u00e9s portant cr\u00e9ation <\/strong>: N\u00b005\/0081\/MINESUP du 07 septembre 2005.\u00a0 Compl\u00e9t\u00e9 par l\u2019arr\u00eat\u00e9 N\u00b006\/0111 (bis)\/MINESUP du 02 octobre 2006<strong><br \/>\n<strong>Autorisation d\u2019ouverture<\/strong>\u00a0: <\/strong>N\u00b006\/0113\/MINESUP du 02 octobre 2006 compl\u00e9t\u00e9 par l\u2019arr\u00eat\u00e9 N\u00b007\/0123\/MINESUP du 11 septembre 2007. Et l\u2019arr\u00eat\u00e9 N\u00b013\/0062\/MINESUP du 09 janvier 2013<\/p>\n<p style=\"text-align: center;\"><strong><strong><strong>FILI\u00c8RES, SP\u00c9CIALIT\u00c9S ET DIPL\u00d4MES AUTORIS\u00c9ES<\/strong><br \/>\n<\/strong><\/strong><\/p>\n<p style=\"text-align: justify;\"><strong><strong><strong>Dipl\u00f4me\u00a0: <\/strong><\/strong><\/strong>BTS<strong><strong><br \/>\n<strong><u>Fili\u00e8re\u00a01<\/u><\/strong><strong> : <\/strong><\/strong><\/strong>Commerciale et de Gestion<strong><strong><br \/>\n<strong><u>Sp\u00e9cialit\u00e9s<\/u><\/strong> : <\/strong><\/strong>Action Commerciale\u00a0&#8211; Commerce International\u00a0&#8211; Comptabilit\u00e9 et Gestion des Entreprises\u00a0&#8211; Informatique de Gestion\u00a0&#8211; Secr\u00e9tariat et Bureautique (<em><u>Options<\/u><\/em>\u00a0: Secr\u00e9tariat de Direction &#8211; Secr\u00e9tariat Bureautique Bilingue) &#8211; Banque &#8211; Gestion Logistique et Transport.<br \/>\n<strong><strong> <strong><u>Fili\u00e8re\u00a0<\/u><\/strong><strong><u>2<\/u><\/strong><strong> : <\/strong><\/strong><\/strong>Communication<strong><strong><br \/>\n<strong><u>Sp\u00e9cialit\u00e9<\/u><\/strong> :<\/strong><\/strong> Information &#8211; Communication (<em><u>Options<\/u><\/em>\u00a0: Communication d\u2019Entreprise\u00a0; Journalisme).<strong><strong><br \/>\n<strong>Dipl\u00f4me\u00a0: <\/strong><\/strong><\/strong>DSEP<strong><strong><br \/>\n<strong><u>Fili\u00e8re 1<\/u><\/strong><strong>\u00a0: <\/strong><\/strong><\/strong>Professions\u00a0 M\u00e9dico-Sanitaires<strong><strong><br \/>\n<strong><u>Sp\u00e9cialit\u00e9s<\/u><\/strong>\u00a0: <\/strong><\/strong>Techniques de Laboratoire m\u00e9dicale\u00a0&#8211; Soins Infirmiers &#8211; Kin\u00e9sith\u00e9rapie &#8211; Sage-Femme &#8211; Imagerie M\u00e9dicale.<strong><strong><br \/>\n<strong><u>Fili\u00e8re 2<\/u><\/strong><strong>\u00a0:<\/strong><strong> G\u00e9nie biologique et Environnement<\/strong><br \/>\n<strong><u>Sp\u00e9cialit\u00e9s<\/u><\/strong><strong>\u00a0<\/strong>:<\/strong><\/strong> Di\u00e9t\u00e9tique\u00a0et Industrie Alimentaire\u00a0&#8211; Analyse Biologique et Biochimique.<strong><strong><br \/>\n<strong><u>Fili\u00e8re 3<\/u><\/strong><strong>\u00a0: <\/strong><\/strong><\/strong>Marketing Commerce Vente<strong><strong><br \/>\n<strong><u>Fili\u00e8re 4<\/u><\/strong><strong>\u00a0: <\/strong><\/strong><\/strong>Expertise Comptable<strong><strong><br \/>\n<strong><u>Fili\u00e8re 5<\/u><\/strong><strong>\u00a0: <\/strong><\/strong><\/strong>Finance et Comptabilit\u00e9<strong><strong><br \/>\n<strong><u>Fili\u00e8re 6<\/u><\/strong><strong>\u00a0: <\/strong><\/strong><\/strong>Banque<strong><strong><br \/>\n<strong><u>Fili\u00e8re 7<\/u><\/strong><strong>\u00a0: <\/strong><\/strong><\/strong>Informatique<strong><strong><br \/>\n<strong><u>Sp\u00e9cialit\u00e9<\/u><\/strong>\u00a0:<\/strong><\/strong> Informatique de Gestion<strong><strong><br \/>\n<strong><u>Fili\u00e8re 8<\/u><\/strong><strong>\u00a0: <\/strong><\/strong><\/strong>Gestion des Entreprise et des Administrations<strong><strong><br \/>\n<u>Sp\u00e9cialit\u00e9s<\/u>\u00a0<\/strong><\/strong>: Ressources Humaines &#8211; Petites et Moyennes Organisations.<\/p>\n","protected":false},"excerpt":{"rendered":"<p>&#46;&#46;&#46;<\/p>\n","protected":false},"author":2,"featured_media":0,"parent":1728,"menu_order":0,"comment_status":"closed","ping_status":"closed","template":"","meta":[],"_links":{"self":[{"href":"https:\/\/www.minesup.gov.cm\/index.php\/wp-json\/wp\/v2\/pages\/7479"}],"collection":[{"href":"https:\/\/www.minesup.gov.cm\/index.php\/wp-json\/wp\/v2\/pages"}],"about":[{"href":"https:\/\/www.minesup.gov.cm\/index.php\/wp-json\/wp\/v2\/types\/page"}],"author":[{"embeddable":true,"href":"https:\/\/www.minesup.gov.cm\/index.php\/wp-json\/wp\/v2\/users\/2"}],"replies":[{"embeddable":true,"href":"https:\/\/www.minesup.gov.cm\/index.php\/wp-json\/wp\/v2\/comments?post=7479"}],"version-history":[{"count":0,"href":"https:\/\/www.minesup.gov.cm\/index.php\/wp-json\/wp\/v2\/pages\/7479\/revisions"}],"up":[{"embeddable":true,"href":"https:\/\/www.minesup.gov.cm\/index.php\/wp-json\/wp\/v2\/pages\/1728"}],"wp:attachment":[{"href":"https:\/\/www.minesup.gov.cm\/index.php\/wp-json\/wp\/v2\/media?parent=7479"}],"curies":[{"name":"wp","href":"https:\/\/api.w.org\/{rel}","templated":true}]}}