{"id":7481,"date":"2019-06-19T14:08:55","date_gmt":"2019-06-19T12:08:55","guid":{"rendered":"https:\/\/minesup.gov.cm\/?page_id=7481"},"modified":"2019-06-24T05:51:59","modified_gmt":"2019-06-24T03:51:59","slug":"institut-superieur-de-technologie-le-bon-berger-istb","status":"publish","type":"page","link":"https:\/\/www.minesup.gov.cm\/index.php\/centre\/institut-superieur-de-technologie-le-bon-berger-istb\/","title":{"rendered":"Institut Sup\u00e9rieur de Technologie le Bon Berger (ISTB)"},"content":{"rendered":"<p style=\"text-align: center;\"><strong>INFORMATIONS D\u2019IDENTIFICATION<\/strong><\/p>\n<p style=\"text-align: justify;\"><strong>Nom de l\u2019institution\u00a0<\/strong>: Institut Sup\u00e9rieur de Technologie le Bon Berger (ISTB)<br \/>\n<strong>Nom du promoteur<\/strong>\u00a0: NKONPAWA Gr\u00e9goire<br \/>\n<strong>R\u00e9gion\u00a0<\/strong>: Centre<br \/>\n<strong>D\u00e9partement\u00a0<\/strong>:<br \/>\n<strong>Arrondissement\u00a0<\/strong>: Yaound\u00e9<br \/>\n<strong>Site de localisation\u00a0<\/strong>: Mvan office du Ban<br \/>\n<strong>Adresse postale<\/strong>\u00a0:<br \/>\n<strong>B.P<\/strong>. : 11802<br \/>\n<strong>T\u00e9l\u00e9phone\u00a0<\/strong>: 677\u00a0403\u00a0502 \/ 675\u00a0445 133<br \/>\n<strong>Email<\/strong>\u00a0:<br \/>\n<strong>Site web<\/strong>\u00a0:<br \/>\n<strong>Adresse dans les r\u00e9seaux sociaux\u00a0<\/strong>:<\/p>\n<p style=\"text-align: center;\"><strong>INFORMATIONS SUR LE STATUT D\u2019ACCR\u00c9DITATION<\/strong><\/p>\n<p style=\"text-align: justify;\"><strong>Arr\u00eat\u00e9s portant cr\u00e9ation <\/strong>: N\u00b008\/0273\/MINESUP\/ du 03 octobre 2008<br \/>\n<strong>Autorisation d\u2019ouverture<\/strong>\u00a0: N\u00b012\/0365\/MINESUP du 17 ao\u00fbt 2012<\/p>\n<p style=\"text-align: center;\"><strong>FILI\u00c8RES, SP\u00c9CIALIT\u00c9S ET DIPL\u00d4MES AUTORIS\u00c9ES<\/strong><\/p>\n<p style=\"text-align: justify;\"><strong>Dipl\u00f4me\u00a0: BTS<\/strong><br \/>\n<strong><u>Fili\u00e8re 1<\/u><\/strong><strong>\u00a0:<\/strong> <strong>Touristique et sociale<\/strong><br \/>\n<strong><u>Sp\u00e9cialit\u00e9s<\/u><\/strong><strong>\u00a0<\/strong>: Economie Sociale et Familiale &#8211; Tourisme et Loisirs &#8211; H\u00f4tellerie et Restauration.<br \/>\n<strong><u>Fili\u00e8re 2<\/u><\/strong><strong>\u00a0:<\/strong><strong> Industrielle et Technologique<\/strong><br \/>\n<strong><u>Sp\u00e9cialit\u00e9s<\/u><\/strong><strong>\u00a0<\/strong>: Maintenance des Syst\u00e8mes Informatiques &#8211; G\u00e9nie Electrique (<em><u>Options<\/u><\/em><strong>\u00a0:<\/strong> Electronique\u00a0; Electrotechnique) &#8211; G\u00e9nie M\u00e9canique (<em><u>Options<\/u><\/em><strong>\u00a0:<\/strong> Maintenance et Apr\u00e8s-Vente Automobile\u00a0; Fabrication M\u00e9canique\u00a0; Construction M\u00e9canique) &#8211; Informatique Industrielle &#8211; G\u00e9nie Forestier (<em><u>Option<\/u><\/em><strong>\u00a0:<\/strong> Menuiserie Eb\u00e9nisterie) &#8211; G\u00e9nie Civil (<em><u>Options<\/u><\/em><strong>\u00a0:<\/strong> B\u00e2timent\u00a0; Travaux Publics) &#8211; Industrie de l\u2019Habillement.<br \/>\n<strong><u>Fili\u00e8re 3<\/u><\/strong><strong>\u00a0:<\/strong><strong> Gestion<\/strong><br \/>\n<strong><u>Sp\u00e9cialit\u00e9<\/u><\/strong><strong>\u00a0<\/strong>: Comptabilit\u00e9 et Gestion des Entreprises.<br \/>\n<strong><u>Fili\u00e8re 4<\/u><\/strong><strong>\u00a0:<\/strong><strong> Information-Communication<\/strong><br \/>\n<strong><u>Sp\u00e9cialit\u00e9<\/u><\/strong><strong>\u00a0<\/strong>: Communication des Organisations.<br \/>\n<strong>Dipl\u00f4me\u00a0: DSEP<\/strong><br \/>\n<strong><u>Fili\u00e8re \u00a01<\/u><\/strong><strong>\u00a0:<\/strong><strong> Finance et Comptabilit\u00e9<\/strong><br \/>\n<strong><u>Fili\u00e8re\u00a0 2<\/u><\/strong><strong>\u00a0:<\/strong><strong> Marketing, Commerce et Vente<\/strong><br \/>\n<strong><u>Fili\u00e8re\u00a0 3<\/u><\/strong><strong>\u00a0:<\/strong><strong> G\u00e9nie Electrique et T\u00e9l\u00e9communication<\/strong><br \/>\n<strong><u>Sp\u00e9cialit\u00e9<\/u><\/strong> : T\u00e9l\u00e9communications et R\u00e9seaux.<br \/>\n<strong>Dipl\u00f4me\u00a0: HND<\/strong><br \/>\n<strong><u>Fili\u00e8re 1<\/u><\/strong><strong>\u00a0: Business, Finance and Management<\/strong><br \/>\n<strong><u>Sp\u00e9cialit\u00e9s<\/u><\/strong><strong>\u00a0<\/strong>: Accountancy &#8211; Banking and Finance &#8211; Management &#8211; Marketing.<br \/>\n<strong><u>Fili\u00e8re 2<\/u><\/strong><strong>\u00a0: Home Economics, Tourism and Hotel Management<\/strong><br \/>\n<strong><u>Sp\u00e9cialit\u00e9s<\/u><\/strong><strong>\u00a0<\/strong>: Home Economics (<em><u>Option<\/u><\/em>\u00a0: Fashion Design) &#8211; Tourism and Hotel Management (<em><u>Option<\/u><\/em> : Food Management and Catering).<br \/>\n<strong><u>Fili\u00e8re 3<\/u><\/strong><strong>\u00a0:<\/strong> <strong>Journalism and Media<\/strong><br \/>\n<strong><u>Sp\u00e9cialit\u00e9<\/u><\/strong><strong>\u00a0<\/strong>: Journalism.<br \/>\n<strong><u>Fili\u00e8re 4<\/u><\/strong><strong>\u00a0: Teaching Education and Professional Development<\/strong><br \/>\n<strong><u>Sp\u00e9cialit\u00e9s<\/u><\/strong><strong>\u00a0<\/strong>: Education (<em><u>Options<\/u><\/em>\u00a0: Didactics\u00a0; Education Planning and Development\u00a0; Educational Management and Administration) &#8211; Vocational Guidance and Student Counseling &#8211; Professional Studies in Education.<\/p>\n","protected":false},"excerpt":{"rendered":"<p>&#46;&#46;&#46;<\/p>\n","protected":false},"author":2,"featured_media":0,"parent":1728,"menu_order":0,"comment_status":"closed","ping_status":"closed","template":"","meta":[],"_links":{"self":[{"href":"https:\/\/www.minesup.gov.cm\/index.php\/wp-json\/wp\/v2\/pages\/7481"}],"collection":[{"href":"https:\/\/www.minesup.gov.cm\/index.php\/wp-json\/wp\/v2\/pages"}],"about":[{"href":"https:\/\/www.minesup.gov.cm\/index.php\/wp-json\/wp\/v2\/types\/page"}],"author":[{"embeddable":true,"href":"https:\/\/www.minesup.gov.cm\/index.php\/wp-json\/wp\/v2\/users\/2"}],"replies":[{"embeddable":true,"href":"https:\/\/www.minesup.gov.cm\/index.php\/wp-json\/wp\/v2\/comments?post=7481"}],"version-history":[{"count":0,"href":"https:\/\/www.minesup.gov.cm\/index.php\/wp-json\/wp\/v2\/pages\/7481\/revisions"}],"up":[{"embeddable":true,"href":"https:\/\/www.minesup.gov.cm\/index.php\/wp-json\/wp\/v2\/pages\/1728"}],"wp:attachment":[{"href":"https:\/\/www.minesup.gov.cm\/index.php\/wp-json\/wp\/v2\/media?parent=7481"}],"curies":[{"name":"wp","href":"https:\/\/api.w.org\/{rel}","templated":true}]}}