{"id":7483,"date":"2019-06-19T14:10:13","date_gmt":"2019-06-19T12:10:13","guid":{"rendered":"https:\/\/minesup.gov.cm\/?page_id=7483"},"modified":"2019-06-24T05:54:19","modified_gmt":"2019-06-24T03:54:19","slug":"institut-superieur-de-technologie-medicale-de-nkolondom-istm","status":"publish","type":"page","link":"https:\/\/www.minesup.gov.cm\/index.php\/centre\/institut-superieur-de-technologie-medicale-de-nkolondom-istm\/","title":{"rendered":"Institut Sup\u00e9rieur de Technologie M\u00e9dicale de Nkolondom (ISTM)"},"content":{"rendered":"<p style=\"text-align: center;\"><strong>INFORMATIONS D\u2019IDENTIFICATION<\/strong><\/p>\n<p style=\"text-align: justify;\"><strong>Nom de l\u2019institution\u00a0<\/strong>: Institut Sup\u00e9rieur de Technologie M\u00e9dicale de Nkolondom (ISTM)<br \/>\n<strong>Nom du promoteur<\/strong>\u00a0: NINGOULOUBEL Jean-Marie Thomas<br \/>\n<strong>R\u00e9gion\u00a0<\/strong>: Centre<br \/>\n<strong>D\u00e9partement\u00a0<\/strong>: Mfoundi<br \/>\n<strong>Arrondissement\u00a0<\/strong>: Yaound\u00e9<br \/>\n<strong>Site de localisation\u00a0<\/strong>: Nkolondom<br \/>\n<strong>Adresse postale<\/strong>\u00a0:<br \/>\n<strong>B.P<\/strong>. : 188<br \/>\n<strong>T\u00e9l\u00e9phone\u00a0<\/strong>: 675\u00a0549 589<br \/>\n<strong>Email<\/strong>\u00a0:<br \/>\n<strong>Site web<\/strong>\u00a0:<br \/>\n<strong>Adresse dans les r\u00e9seaux sociaux\u00a0<\/strong>:<\/p>\n<p style=\"text-align: center;\"><strong>INFORMATIONS SUR LE STATUT D\u2019ACCR\u00c9DITATION<\/strong><\/p>\n<p style=\"text-align: justify;\"><strong>Arr\u00eat\u00e9s portant cr\u00e9ation <\/strong>: N\u00b005\/0087\/MINESUP du 07 septembre 2005<br \/>\n<strong>Autorisation d\u2019ouverture<\/strong>\u00a0: N\u00b007\/0130\/MINESUP du 21 septembre 2007<\/p>\n<p style=\"text-align: center;\"><strong>FILI\u00c8RES, SP\u00c9CIALIT\u00c9S ET DIPL\u00d4MES AUTORIS\u00c9ES<\/strong><\/p>\n<p style=\"text-align: justify;\"><strong>Dipl\u00f4me\u00a0: DSEP <\/strong><br \/>\n<strong><u>Fili\u00e8re<\/u><\/strong><strong>\u00a0: Professions M\u00e9dicales, M\u00e9dico-Sanitaires et Pharmaceutiques<\/strong><br \/>\n<strong><u>Sp\u00e9cialit\u00e9s<\/u><\/strong>\u00a0: Etudes M\u00e9dicales\u00a0&#8211; Techniques de Laboratoire M\u00e9dical\u00a0&#8211; Kin\u00e9sith\u00e9rapie &#8211; Techniques de Sant\u00e9 Publique &#8211; Techniques Pharmaceutiques &#8211; Soins Infirmiers.<\/p>\n","protected":false},"excerpt":{"rendered":"<p>&#46;&#46;&#46;<\/p>\n","protected":false},"author":2,"featured_media":0,"parent":1728,"menu_order":0,"comment_status":"closed","ping_status":"closed","template":"","meta":[],"_links":{"self":[{"href":"https:\/\/www.minesup.gov.cm\/index.php\/wp-json\/wp\/v2\/pages\/7483"}],"collection":[{"href":"https:\/\/www.minesup.gov.cm\/index.php\/wp-json\/wp\/v2\/pages"}],"about":[{"href":"https:\/\/www.minesup.gov.cm\/index.php\/wp-json\/wp\/v2\/types\/page"}],"author":[{"embeddable":true,"href":"https:\/\/www.minesup.gov.cm\/index.php\/wp-json\/wp\/v2\/users\/2"}],"replies":[{"embeddable":true,"href":"https:\/\/www.minesup.gov.cm\/index.php\/wp-json\/wp\/v2\/comments?post=7483"}],"version-history":[{"count":0,"href":"https:\/\/www.minesup.gov.cm\/index.php\/wp-json\/wp\/v2\/pages\/7483\/revisions"}],"up":[{"embeddable":true,"href":"https:\/\/www.minesup.gov.cm\/index.php\/wp-json\/wp\/v2\/pages\/1728"}],"wp:attachment":[{"href":"https:\/\/www.minesup.gov.cm\/index.php\/wp-json\/wp\/v2\/media?parent=7483"}],"curies":[{"name":"wp","href":"https:\/\/api.w.org\/{rel}","templated":true}]}}