{"id":7485,"date":"2019-06-19T14:11:33","date_gmt":"2019-06-19T12:11:33","guid":{"rendered":"https:\/\/minesup.gov.cm\/?page_id=7485"},"modified":"2019-06-24T06:00:43","modified_gmt":"2019-06-24T04:00:43","slug":"institut-superieur-des-affaires-isa","status":"publish","type":"page","link":"https:\/\/www.minesup.gov.cm\/index.php\/centre\/institut-superieur-des-affaires-isa\/","title":{"rendered":"Institut Sup\u00e9rieur des Affaires (ISA)"},"content":{"rendered":"<p style=\"text-align: center;\"><strong>INFORMATIONS D\u2019IDENTIFICATION<\/strong><\/p>\n<p style=\"text-align: justify;\"><strong>Nom de l\u2019institution\u00a0<\/strong>: Institut Sup\u00e9rieur des Affaires (ISA)<br \/>\n<strong>Nom du promoteur<\/strong>\u00a0: MFOU\u2019OU Jean Claude<br \/>\n<strong>R\u00e9gion\u00a0<\/strong>: Centre<br \/>\n<strong>D\u00e9partement\u00a0<\/strong>: Mfoundi<br \/>\n<strong>Arrondissement\u00a0<\/strong>: Yaound\u00e9<br \/>\n<strong>Site de localisation\u00a0<\/strong>:<br \/>\n<strong>Adresse postale<\/strong>\u00a0:<br \/>\n<strong>B.P<\/strong>.\u00a0: 14670<br \/>\n<strong>T\u00e9l\u00e9phone\u00a0<\/strong>: 697\u00a0143 287<br \/>\n<strong>Email<\/strong>\u00a0:<br \/>\n<strong>Site web<\/strong>\u00a0:<br \/>\n<strong>Adresse dans les r\u00e9seaux sociaux\u00a0<\/strong>:<\/p>\n<p style=\"text-align: center;\"><strong>INFORMATIONS SUR LE STATUT D\u2019ACCR\u00c9DITATION<\/strong><\/p>\n<p style=\"text-align: justify;\"><strong>Arr\u00eat\u00e9s portant cr\u00e9ation <\/strong>: N\u00b0 08\/0271\/MINESUP du 03 octobre 2008<br \/>\n<strong>Autorisation d\u2019ouverture<\/strong>\u00a0: N\u00b0 12\/0390\/MINESUP du 17 ao\u00fbt 2012<\/p>\n<p style=\"text-align: center;\"><strong>FILI\u00c8RES, SP\u00c9CIALIT\u00c9S ET DIPL\u00d4MES AUTORIS\u00c9ES<\/strong><\/p>\n<p style=\"text-align: justify;\"><strong>Dipl\u00f4me\u00a0: BTS <\/strong><br \/>\n<strong><u>Fili\u00e8re 1<\/u><\/strong><strong> :\u00a0\u00a0 Commerciale et de Gestion<\/strong><br \/>\n<strong><u>Sp\u00e9cialit\u00e9s<\/u><\/strong><strong>\u00a0<\/strong>: Action Commerciale &#8211; Assurances &#8211; Informatique de Gestion &#8211; Banque &#8211; Comptabilit\u00e9 et Gestion des Entreprises &#8211; Secr\u00e9tariat et Bureautique (<em><u>Options<\/u><\/em><strong>\u00a0<\/strong>: Secr\u00e9tariat de Direction\u00a0; Secr\u00e9tariat Bureautique Bilingue) &#8211; Commerce International<br \/>\n<strong><u>Fili\u00e8re 2<\/u><\/strong><strong> :<\/strong> <strong>Communication<\/strong><br \/>\n<strong><u>Sp\u00e9cialit\u00e9<\/u><\/strong>\u00a0: Information-Communication (<em><u>Option<\/u><\/em><strong>\u00a0:<\/strong> Communication d\u2019Entreprise).<br \/>\n<strong>Dipl\u00f4me\u00a0: DSEP<\/strong><br \/>\n<strong><u>Fili\u00e8re 1<\/u><\/strong><strong>\u00a0: Marketing Commerce Vente<\/strong><br \/>\n<strong><u>Fili\u00e8re 2<\/u><\/strong><strong>\u00a0: Finance et Comptabilit\u00e9<\/strong><br \/>\n<strong><u>Fili\u00e8re 3<\/u><\/strong><strong>\u00a0: Banque<\/strong><br \/>\n<strong><u>Fili\u00e8re 4<\/u><\/strong><strong>\u00a0: Informatique<\/strong><br \/>\n<strong><u>Sp\u00e9cialit\u00e9s<\/u><\/strong>\u00a0: G\u00e9nie Informatique &#8211; Informatique de Gestion &#8211; Maintenance Informatique<br \/>\n<strong><u>Fili\u00e8re 5<\/u><\/strong><strong>\u00a0: Gestion des Entreprise et des Administrations<\/strong><br \/>\n<strong><u>Sp\u00e9cialit\u00e9<\/u><\/strong>\u00a0: Ressources Humaines &#8211; Petites et Moyennes Organisations<br \/>\n<strong><u>Fili\u00e8re 6<\/u><\/strong><strong>\u00a0: Expertise Comptable<\/strong><br \/>\n<strong><u>Fili\u00e8re 7<\/u><\/strong><strong>\u00a0: Droit<\/strong><br \/>\n<strong><u>Sp\u00e9cialit\u00e9s<\/u><\/strong><strong>\u00a0<\/strong>: Carri\u00e8re judiciaire &#8211; Droit des affaires.<br \/>\n<strong>\u00a0<\/strong><\/p>\n","protected":false},"excerpt":{"rendered":"<p>&#46;&#46;&#46;<\/p>\n","protected":false},"author":2,"featured_media":0,"parent":1728,"menu_order":0,"comment_status":"closed","ping_status":"closed","template":"","meta":[],"_links":{"self":[{"href":"https:\/\/www.minesup.gov.cm\/index.php\/wp-json\/wp\/v2\/pages\/7485"}],"collection":[{"href":"https:\/\/www.minesup.gov.cm\/index.php\/wp-json\/wp\/v2\/pages"}],"about":[{"href":"https:\/\/www.minesup.gov.cm\/index.php\/wp-json\/wp\/v2\/types\/page"}],"author":[{"embeddable":true,"href":"https:\/\/www.minesup.gov.cm\/index.php\/wp-json\/wp\/v2\/users\/2"}],"replies":[{"embeddable":true,"href":"https:\/\/www.minesup.gov.cm\/index.php\/wp-json\/wp\/v2\/comments?post=7485"}],"version-history":[{"count":0,"href":"https:\/\/www.minesup.gov.cm\/index.php\/wp-json\/wp\/v2\/pages\/7485\/revisions"}],"up":[{"embeddable":true,"href":"https:\/\/www.minesup.gov.cm\/index.php\/wp-json\/wp\/v2\/pages\/1728"}],"wp:attachment":[{"href":"https:\/\/www.minesup.gov.cm\/index.php\/wp-json\/wp\/v2\/media?parent=7485"}],"curies":[{"name":"wp","href":"https:\/\/api.w.org\/{rel}","templated":true}]}}