{"id":7487,"date":"2019-06-19T14:12:27","date_gmt":"2019-06-19T12:12:27","guid":{"rendered":"https:\/\/minesup.gov.cm\/?page_id=7487"},"modified":"2019-06-24T06:04:08","modified_gmt":"2019-06-24T04:04:08","slug":"institut-superieur-des-metiers-notre-dame","status":"publish","type":"page","link":"https:\/\/www.minesup.gov.cm\/index.php\/centre\/institut-superieur-des-metiers-notre-dame\/","title":{"rendered":"Institut Sup\u00e9rieur des m\u00e9tiers Notre Dame"},"content":{"rendered":"<p style=\"text-align: center;\"><strong>INFORMATIONS D\u2019IDENTIFICATION<\/strong><\/p>\n<p style=\"text-align: justify;\"><strong>Nom de l\u2019institution\u00a0<\/strong>: Institut Sup\u00e9rieur des m\u00e9tiers Notre Dame<br \/>\n<strong>Nom du promoteur<\/strong>\u00a0: Famille des B\u00e9atitudes repr\u00e9sent\u00e9e par M. BIDZOGO Emmanuel Michel<br \/>\n<strong>R\u00e9gion\u00a0<\/strong>: Centre<br \/>\n<strong>D\u00e9partement\u00a0<\/strong>: Mefou-Afamba<br \/>\n<strong>Arrondissement\u00a0<\/strong>: Yaound\u00e9<br \/>\n<strong>Site de localisation\u00a0<\/strong>: Nkolafamba<br \/>\n<strong>Adresse postale<\/strong>\u00a0:<br \/>\n<strong>B.P<\/strong>.\u00a0: 5142 Douala<br \/>\n<strong>T\u00e9l\u00e9phone\u00a0<\/strong>: 33 42 28 77 \/ 699\u00a0933 061<br \/>\n<strong>Email<\/strong>\u00a0:<br \/>\n<strong>Site web<\/strong>\u00a0:<br \/>\n<strong>Adresse dans les r\u00e9seaux sociaux\u00a0<\/strong>:<\/p>\n<p style=\"text-align: center;\"><strong>INFORMATIONS SUR LE STATUT D\u2019ACCR\u00c9DITATION<\/strong><\/p>\n<p style=\"text-align: justify;\"><strong>Arr\u00eat\u00e9s portant cr\u00e9ation <\/strong>: N\u00b0 08\/0271\/MINESUP du 03 octobre 2008<br \/>\n<strong>Autorisation d\u2019ouverture<\/strong>\u00a0: N\u00b0 12\/0390\/MINESUP du 17 ao\u00fbt 2012<\/p>\n<p style=\"text-align: center;\"><strong>FILI\u00c8RES, SP\u00c9CIALIT\u00c9S ET DIPL\u00d4MES AUTORIS\u00c9ES<\/strong><\/p>\n<p style=\"text-align: justify;\"><strong>Dipl\u00f4me\u00a0: BTS<\/strong><br \/>\n<strong><u>Fili\u00e8re 1<\/u><\/strong><strong>\u00a0:<\/strong><strong> Commerciale et de Gestion<\/strong><br \/>\n<strong><u>Sp\u00e9cialit\u00e9s<\/u><\/strong>\u00a0: Comptabilit\u00e9 et Gestion des Entreprises\u00a0&#8211; Banque\u00a0&#8211; Informatique de Gestion\u00a0&#8211;\u00a0 Action Commerciale &#8211; Secr\u00e9tariat et Bureautique (<em><u>Options<\/u><\/em><strong>\u00a0<\/strong>: Secr\u00e9tariat de Direction\u00a0; Secr\u00e9tariat et Bureautique Bilingue) &#8211; Banque.<br \/>\n<strong><u>Fili\u00e8re 2<\/u><\/strong><strong>\u00a0: Communication<\/strong><br \/>\n<strong><u>Sp\u00e9cialit\u00e9<\/u><\/strong><strong>\u00a0:<\/strong> Information-Communication (<em><u>Option<\/u><\/em><strong>\u00a0<\/strong>: Communication d\u2019Entreprise).<br \/>\n<strong><u>Fili\u00e8re 3<\/u><\/strong><strong>\u00a0:<\/strong><strong> Industrielle et Technologique.<\/strong><br \/>\n<strong><u>Sp\u00e9cialit\u00e9s<\/u><\/strong>\u00a0: Maintenance des Syst\u00e8mes Informatiques- G\u00e9nie Electrique (<em><u>Options<\/u><\/em><strong>\u00a0:<\/strong> Electronique\u00a0; Electrotechnique) &#8211; G\u00e9nie Civil (<em><u>Options<\/u><\/em><strong>\u00a0<\/strong>: Travaux Publics\u00a0; B\u00e2timent) &#8211; Industrie d\u2019Habillement &#8211; Informatique Industrielle.<br \/>\n<strong><u>Fili\u00e8re 4<\/u><\/strong><strong>\u00a0:<\/strong><strong> Touristique et Sociale<\/strong><br \/>\n<strong><u>Sp\u00e9cialit\u00e9s<\/u><\/strong><strong>\u00a0<\/strong>: Economie Sociale et Familiale &#8211; H\u00f4tellerie et Restauration.<\/p>\n","protected":false},"excerpt":{"rendered":"<p>&#46;&#46;&#46;<\/p>\n","protected":false},"author":2,"featured_media":0,"parent":1728,"menu_order":0,"comment_status":"closed","ping_status":"closed","template":"","meta":[],"_links":{"self":[{"href":"https:\/\/www.minesup.gov.cm\/index.php\/wp-json\/wp\/v2\/pages\/7487"}],"collection":[{"href":"https:\/\/www.minesup.gov.cm\/index.php\/wp-json\/wp\/v2\/pages"}],"about":[{"href":"https:\/\/www.minesup.gov.cm\/index.php\/wp-json\/wp\/v2\/types\/page"}],"author":[{"embeddable":true,"href":"https:\/\/www.minesup.gov.cm\/index.php\/wp-json\/wp\/v2\/users\/2"}],"replies":[{"embeddable":true,"href":"https:\/\/www.minesup.gov.cm\/index.php\/wp-json\/wp\/v2\/comments?post=7487"}],"version-history":[{"count":0,"href":"https:\/\/www.minesup.gov.cm\/index.php\/wp-json\/wp\/v2\/pages\/7487\/revisions"}],"up":[{"embeddable":true,"href":"https:\/\/www.minesup.gov.cm\/index.php\/wp-json\/wp\/v2\/pages\/1728"}],"wp:attachment":[{"href":"https:\/\/www.minesup.gov.cm\/index.php\/wp-json\/wp\/v2\/media?parent=7487"}],"curies":[{"name":"wp","href":"https:\/\/api.w.org\/{rel}","templated":true}]}}