{"id":7489,"date":"2019-06-19T14:13:29","date_gmt":"2019-06-19T12:13:29","guid":{"rendered":"https:\/\/minesup.gov.cm\/?page_id=7489"},"modified":"2019-06-24T06:06:43","modified_gmt":"2019-06-24T04:06:43","slug":"institut-superieur-des-sciences-agronomiques-de-lenvironnement-et-de-lentrepreneuriat-rural-issaeer","status":"publish","type":"page","link":"https:\/\/www.minesup.gov.cm\/index.php\/centre\/institut-superieur-des-sciences-agronomiques-de-lenvironnement-et-de-lentrepreneuriat-rural-issaeer\/","title":{"rendered":"Institut Sup\u00e9rieur des Sciences Agronomiques, de l\u2019Environnement et de l\u2019Entrepreneuriat Rural (ISSAEER)"},"content":{"rendered":"<p style=\"text-align: center;\"><strong>INFORMATIONS D\u2019IDENTIFICATION<\/strong><\/p>\n<p style=\"text-align: justify;\"><strong>Nom de l\u2019institution\u00a0<\/strong>: Institut Sup\u00e9rieur des Sciences Agronomiques, de l\u2019Environnement et de l\u2019Entrepreneuriat Rural (ISSAEER)<br \/>\n<strong>Nom du promoteur<\/strong>\u00a0:<em> Dioc\u00e8se<\/em> d\u2019Obala repr\u00e9sent\u00e9 par Mgr BAYEMI MATJEI Sosth\u00e8ne L\u00e9opold<br \/>\n<strong>R\u00e9gion\u00a0<\/strong>: Centre<br \/>\n<strong>D\u00e9partement\u00a0<\/strong>: L\u00e9ki\u00e9<br \/>\n<strong>Arrondissement\u00a0<\/strong>: Yaound\u00e9<br \/>\n<strong>Site de localisation\u00a0<\/strong>: Obala<br \/>\n<strong>Adresse postale<\/strong>\u00a0:<br \/>\n<strong>B.P<\/strong>. : 24<br \/>\n<strong>T\u00e9l\u00e9phone\u00a0<\/strong>: 22 18 43 62\/ 676\u00a0534 124<br \/>\n<strong>Email<\/strong>\u00a0:<br \/>\n<strong>Site web<\/strong>\u00a0:<br \/>\n<strong>Adresse dans les r\u00e9seaux sociaux\u00a0<\/strong>:<\/p>\n<p style=\"text-align: center;\"><strong>INFORMATIONS SUR LE STATUT D\u2019ACCR\u00c9DITATION<\/strong><\/p>\n<p style=\"text-align: justify;\"><strong>Arr\u00eat\u00e9s portant cr\u00e9ation <\/strong>: N\u00b015\/08051\/L\/MINESUP\/SG\/DDES\/ESUP\/SDA\/AO du\u00a0 10 septembre 2015<br \/>\n<strong>Autorisation d\u2019ouverture<\/strong>\u00a0: N\u00b015\/08051\/L\/MINESUP\/SG\/DDES\/ESUP\/SDA\/AO du\u00a0 10 septembre 2015<\/p>\n<p style=\"text-align: center;\"><strong>FILI\u00c8RES, SP\u00c9CIALIT\u00c9S ET DIPL\u00d4MES AUTORIS\u00c9ES<\/strong><\/p>\n<p style=\"text-align: justify;\"><strong>Dipl\u00f4me\u00a0: BTS <\/strong><br \/>\n<strong><u>Fili\u00e8re<\/u><\/strong><strong>\u00a0:<\/strong><strong> Agriculture<\/strong><br \/>\n<strong><u>Sp\u00e9cialit\u00e9s<\/u><\/strong><strong>\u00a0<\/strong>: Conseiller Agropastoral &#8211; Entrepreneuriat Agropastoral.<\/p>\n","protected":false},"excerpt":{"rendered":"<p>&#46;&#46;&#46;<\/p>\n","protected":false},"author":2,"featured_media":0,"parent":1728,"menu_order":0,"comment_status":"closed","ping_status":"closed","template":"","meta":[],"_links":{"self":[{"href":"https:\/\/www.minesup.gov.cm\/index.php\/wp-json\/wp\/v2\/pages\/7489"}],"collection":[{"href":"https:\/\/www.minesup.gov.cm\/index.php\/wp-json\/wp\/v2\/pages"}],"about":[{"href":"https:\/\/www.minesup.gov.cm\/index.php\/wp-json\/wp\/v2\/types\/page"}],"author":[{"embeddable":true,"href":"https:\/\/www.minesup.gov.cm\/index.php\/wp-json\/wp\/v2\/users\/2"}],"replies":[{"embeddable":true,"href":"https:\/\/www.minesup.gov.cm\/index.php\/wp-json\/wp\/v2\/comments?post=7489"}],"version-history":[{"count":0,"href":"https:\/\/www.minesup.gov.cm\/index.php\/wp-json\/wp\/v2\/pages\/7489\/revisions"}],"up":[{"embeddable":true,"href":"https:\/\/www.minesup.gov.cm\/index.php\/wp-json\/wp\/v2\/pages\/1728"}],"wp:attachment":[{"href":"https:\/\/www.minesup.gov.cm\/index.php\/wp-json\/wp\/v2\/media?parent=7489"}],"curies":[{"name":"wp","href":"https:\/\/api.w.org\/{rel}","templated":true}]}}