{"id":7491,"date":"2019-06-19T14:14:39","date_gmt":"2019-06-19T12:14:39","guid":{"rendered":"https:\/\/minesup.gov.cm\/?page_id=7491"},"modified":"2019-06-24T06:12:21","modified_gmt":"2019-06-24T04:12:21","slug":"institut-superieur-des-sciences-biologiques-et-appliquees-issba","status":"publish","type":"page","link":"https:\/\/www.minesup.gov.cm\/index.php\/centre\/institut-superieur-des-sciences-biologiques-et-appliquees-issba\/","title":{"rendered":"Institut Sup\u00e9rieur des Sciences Biologiques et Appliqu\u00e9es (ISSBA)"},"content":{"rendered":"<p style=\"text-align: center;\"><strong>INFORMATIONS D\u2019IDENTIFICATION<\/strong><\/p>\n<p style=\"text-align: justify;\"><strong>Nom de l\u2019institution\u00a0<\/strong>: Institut Sup\u00e9rieur des Sciences Biologiques et Appliqu\u00e9es (ISSBA)<br \/>\n<strong>Nom du promoteur<\/strong>\u00a0: NJEUMO Catherine \u00e9pse DONGMO GANTCHUI<br \/>\n<strong>R\u00e9gion\u00a0<\/strong>: Centre<br \/>\n<strong>D\u00e9partement\u00a0<\/strong>: Mfoundi<br \/>\n<strong>Arrondissement\u00a0<\/strong>: Yaound\u00e9<br \/>\n<strong>Site de localisation\u00a0<\/strong>: Rue Foe<br \/>\n<strong>Adresse postale<\/strong>\u00a0:<br \/>\n<strong>B.P<\/strong>.\u00a0: 5608<br \/>\n<strong>T\u00e9l\u00e9phone\u00a0<\/strong>: 22 21 05 32 \/ 697\u00a0303\u00a0065 \/ 677\u00a0510 071<br \/>\n<strong>Email<\/strong>\u00a0:<br \/>\n<strong>Site web<\/strong>\u00a0:<br \/>\n<strong>Adresse dans les r\u00e9seaux sociaux\u00a0<\/strong>:<\/p>\n<p style=\"text-align: center;\"><strong>INFORMATIONS SUR LE STATUT D\u2019ACCR\u00c9DITATION<\/strong><\/p>\n<p style=\"text-align: justify;\"><strong>Arr\u00eat\u00e9s portant cr\u00e9ation <\/strong>: N\u00b011\/0502\/MINESUP\/SG\/DDES du 05 octobre 2011<br \/>\n<strong>Autorisation d\u2019ouverture<\/strong>\u00a0: N\u00b0 12\/0364\/MINESUP du 17 ao\u00fbt 2012<\/p>\n<p style=\"text-align: center;\"><strong>FILI\u00c8RES, SP\u00c9CIALIT\u00c9S ET DIPL\u00d4MES AUTORIS\u00c9ES<\/strong><\/p>\n<p style=\"text-align: justify;\"><strong>Dipl\u00f4me\u00a0: BTS<\/strong><br \/>\n<strong><u>Fili\u00e8re 1<\/u><\/strong><strong>\u00a0:<\/strong><strong> G\u00e9nie biologique et Environnement<\/strong><br \/>\n<strong><u>Sp\u00e9cialit\u00e9s<\/u><\/strong><strong>\u00a0<\/strong>: Di\u00e9t\u00e9tique\u00a0&#8211; Industrie Alimentaire\u00a0&#8211; Analyse Biologique et Biochimique.<br \/>\n<strong><u>Fili\u00e8re 2<\/u><\/strong><strong>\u00a0:<\/strong><strong> Commerciale et de Gestion<\/strong><br \/>\n<strong><u>Sp\u00e9cialit\u00e9s<\/u><\/strong><strong>\u00a0<\/strong>: Informatique de Gestion &#8211; Comptabilit\u00e9 et Gestion des Entreprises &#8211; Action Commerciale &#8211; Banque &#8211; Commercial International &#8211; Gestion Logistique et Transport.<br \/>\n<strong>Dipl\u00f4me\u00a0: DSEP<\/strong><br \/>\n<strong><u>Fili\u00e8re 1<\/u><\/strong><strong> : Professions\u00a0 M\u00e9dico-sanitaires<\/strong><br \/>\n<strong><u>Sp\u00e9cialit\u00e9s<\/u><\/strong> : Soins Infirmiers\u00a0&#8211; Techniques de Laboratoire M\u00e9dicale\u00a0&#8211; Kin\u00e9sith\u00e9rapie.<br \/>\n<strong><u>Fili\u00e8re 2<\/u><\/strong><strong>\u00a0: Maintenance du Mat\u00e9riel Biom\u00e9dical et M\u00e9dico-sanitaire<\/strong><br \/>\n<strong><u>Fili\u00e8re 3<\/u><\/strong><strong>\u00a0: Marketing Commerce Vente<\/strong><br \/>\n<strong><u>Fili\u00e8re 4<\/u><\/strong><strong>\u00a0: Banque<\/strong><br \/>\n<strong><u>Fili\u00e8re 5<\/u><\/strong><strong>\u00a0: G\u00e9nie Electrique et T\u00e9l\u00e9communications<\/strong><br \/>\n<strong><u>Fili\u00e8re 6<\/u><\/strong><strong>\u00a0: Gestion des Entreprise et des Administrations<\/strong><br \/>\n<u>Sp\u00e9cialit\u00e9<\/u>\u00a0: Ressources Humaines &#8211; Petites et Moyennes Organisations<\/p>\n","protected":false},"excerpt":{"rendered":"<p>&#46;&#46;&#46;<\/p>\n","protected":false},"author":2,"featured_media":0,"parent":1728,"menu_order":0,"comment_status":"closed","ping_status":"closed","template":"","meta":[],"_links":{"self":[{"href":"https:\/\/www.minesup.gov.cm\/index.php\/wp-json\/wp\/v2\/pages\/7491"}],"collection":[{"href":"https:\/\/www.minesup.gov.cm\/index.php\/wp-json\/wp\/v2\/pages"}],"about":[{"href":"https:\/\/www.minesup.gov.cm\/index.php\/wp-json\/wp\/v2\/types\/page"}],"author":[{"embeddable":true,"href":"https:\/\/www.minesup.gov.cm\/index.php\/wp-json\/wp\/v2\/users\/2"}],"replies":[{"embeddable":true,"href":"https:\/\/www.minesup.gov.cm\/index.php\/wp-json\/wp\/v2\/comments?post=7491"}],"version-history":[{"count":0,"href":"https:\/\/www.minesup.gov.cm\/index.php\/wp-json\/wp\/v2\/pages\/7491\/revisions"}],"up":[{"embeddable":true,"href":"https:\/\/www.minesup.gov.cm\/index.php\/wp-json\/wp\/v2\/pages\/1728"}],"wp:attachment":[{"href":"https:\/\/www.minesup.gov.cm\/index.php\/wp-json\/wp\/v2\/media?parent=7491"}],"curies":[{"name":"wp","href":"https:\/\/api.w.org\/{rel}","templated":true}]}}