{"id":7495,"date":"2019-06-19T14:16:51","date_gmt":"2019-06-19T12:16:51","guid":{"rendered":"https:\/\/minesup.gov.cm\/?page_id=7495"},"modified":"2019-06-24T06:25:31","modified_gmt":"2019-06-24T04:25:31","slug":"institut-superieur-des-sciences-et-des-technologies-sainte-maria","status":"publish","type":"page","link":"https:\/\/www.minesup.gov.cm\/index.php\/centre\/institut-superieur-des-sciences-et-des-technologies-sainte-maria\/","title":{"rendered":"Institut Sup\u00e9rieur des Sciences et des Technologies Sainte Maria"},"content":{"rendered":"<p style=\"text-align: center;\"><strong>INFORMATIONS D\u2019IDENTIFICATION<\/strong><\/p>\n<p style=\"text-align: justify;\"><strong>Nom de l\u2019institution\u00a0<\/strong>: Institut Sup\u00e9rieur des Sciences et des Technologies Sainte Maria<br \/>\n<strong>Nom du promoteur<\/strong>\u00a0: OWONA BIYIDI Jean Hyacinthe<br \/>\n<strong>R\u00e9gion\u00a0<\/strong>: Centre<br \/>\n<strong>D\u00e9partement\u00a0<\/strong>: Nyong et So\u2019o<br \/>\n<strong>Arrondissement\u00a0<\/strong>: Mbalmayo<br \/>\n<strong>Site de localisation\u00a0<\/strong>: Oyack<br \/>\n<strong>Adresse postale<\/strong>\u00a0:<br \/>\n<strong>B.P<\/strong>. : 124 Mbalmayo<br \/>\n<strong>T\u00e9l\u00e9phone\u00a0<\/strong>: 679\u00a0206\u00a0763 \/ 697\u00a0969\u00a0750 \/ 675\u00a0079\u00a0895 \/ 696\u00a0209 960<br \/>\n<strong>Email<\/strong>\u00a0:<br \/>\n<strong>Site web<\/strong>\u00a0:<br \/>\n<strong>Adresse dans les r\u00e9seaux sociaux\u00a0<\/strong>:<\/p>\n<p style=\"text-align: center;\"><strong>INFORMATIONS SUR LE STATUT D\u2019ACCR\u00c9DITATION<\/strong><\/p>\n<p style=\"text-align: justify;\"><strong>Arr\u00eat\u00e9s portant cr\u00e9ation <\/strong>: N\u00b012\/0644\/MINESUP du\u00a0 23 novembre 2012<br \/>\n<strong>Autorisation d\u2019ouverture<\/strong>\u00a0: N\u00b013\/0581\/MINESUP du 02 d\u00e9cembre 2013<\/p>\n<p style=\"text-align: center;\"><strong>FILI\u00c8RES, SP\u00c9CIALIT\u00c9S ET DIPL\u00d4MES AUTORIS\u00c9ES<\/strong><\/p>\n<p><strong>Dipl\u00f4me\u00a0: BTS<\/strong><br \/>\n<strong><u>Fili\u00e8re 1<\/u><\/strong><strong> : Commerciale et de Gestion<\/strong><br \/>\n<strong><u>Sp\u00e9cialit\u00e9s<\/u><\/strong> : Action Commerciale &#8211; Assurance &#8211; Commerce International &#8211; Informatique de Gestion &#8211; Secr\u00e9tariat et Bureautique (<em><u>Options<\/u><\/em>\u00a0: Secr\u00e9tariat de Direction, Secr\u00e9tariat Bureautique Bilingue) &#8211; Banque &#8211; Gestion Logistique et Transport &#8211; Comptabilit\u00e9 et Gestion des Entreprises.<br \/>\n<strong><u>Fili\u00e8re 2<\/u><\/strong><strong> : Communication<\/strong><br \/>\n<strong><u>Sp\u00e9cialit\u00e9<\/u><\/strong> : Information &#8211; Communication (<em><u>Options<\/u><\/em>\u00a0: Communication d\u2019Entreprise, Journalisme).<br \/>\n<strong><u>Fili\u00e8re 3<\/u><\/strong><strong> : Touristique et Sociale<\/strong><br \/>\n<u>Sp\u00e9cialit\u00e9s<\/u> : Economie Sociale et Familiale &#8211; H\u00f4tellerie et Restauration (<em><u>Options<\/u><\/em>\u00a0: H\u00f4tellerie, Restauration) &#8211; Tourisme et Loisirs.<br \/>\n<strong>Dipl\u00f4me\u00a0: DSEP<\/strong><br \/>\n<strong><u>Fili\u00e8re 1<\/u><\/strong><strong> : Marketing, Commerce Vente<\/strong><br \/>\n<strong><u>Fili\u00e8re 2<\/u><\/strong><strong> : Finance et Comptabilit\u00e9<\/strong><br \/>\n<strong><u>Fili\u00e8re 3<\/u><\/strong><strong> : Banque<\/strong><br \/>\n<strong><u>Fili\u00e8re 4<\/u><\/strong><strong> : G\u00e9nie Electrique et T\u00e9l\u00e9communications<\/strong><br \/>\n<strong><u>Sp\u00e9cialit\u00e9s<\/u><\/strong> : Automatisme et Informatique Industrielle\u00a0 (<em><u>Option<\/u><\/em><strong>\u00a0<\/strong>: Informatique Industrielle) &#8211; Electrique et Electrotechnique (<em><u>Options<\/u><\/em>\u00a0: Electronique, Electrotechnique &#8211; T\u00e9l\u00e9communications et R\u00e9seaux)<br \/>\n<strong><u>Fili\u00e8re 5<\/u><\/strong><strong>\u00a0: Professions M\u00e9dico-Sanitaires<\/strong><br \/>\n<strong><u>Sp\u00e9cialit\u00e9s<\/u><\/strong>\u00a0: Soins Infirmiers &#8211; Techniques de Laboratoire M\u00e9dical &#8211; Kin\u00e9sith\u00e9rapie &#8211; Dental Therapy &#8211; Etudes M\u00e9dicales &#8211; Etudes Pharmaceutiques &#8211; Odontostomatologie.<br \/>\n<strong>\u00a0<\/strong><\/p>\n","protected":false},"excerpt":{"rendered":"<p>&#46;&#46;&#46;<\/p>\n","protected":false},"author":2,"featured_media":0,"parent":1728,"menu_order":0,"comment_status":"closed","ping_status":"closed","template":"","meta":[],"_links":{"self":[{"href":"https:\/\/www.minesup.gov.cm\/index.php\/wp-json\/wp\/v2\/pages\/7495"}],"collection":[{"href":"https:\/\/www.minesup.gov.cm\/index.php\/wp-json\/wp\/v2\/pages"}],"about":[{"href":"https:\/\/www.minesup.gov.cm\/index.php\/wp-json\/wp\/v2\/types\/page"}],"author":[{"embeddable":true,"href":"https:\/\/www.minesup.gov.cm\/index.php\/wp-json\/wp\/v2\/users\/2"}],"replies":[{"embeddable":true,"href":"https:\/\/www.minesup.gov.cm\/index.php\/wp-json\/wp\/v2\/comments?post=7495"}],"version-history":[{"count":0,"href":"https:\/\/www.minesup.gov.cm\/index.php\/wp-json\/wp\/v2\/pages\/7495\/revisions"}],"up":[{"embeddable":true,"href":"https:\/\/www.minesup.gov.cm\/index.php\/wp-json\/wp\/v2\/pages\/1728"}],"wp:attachment":[{"href":"https:\/\/www.minesup.gov.cm\/index.php\/wp-json\/wp\/v2\/media?parent=7495"}],"curies":[{"name":"wp","href":"https:\/\/api.w.org\/{rel}","templated":true}]}}