{"id":7497,"date":"2019-06-19T14:17:52","date_gmt":"2019-06-19T12:17:52","guid":{"rendered":"https:\/\/minesup.gov.cm\/?page_id=7497"},"modified":"2019-06-24T06:37:49","modified_gmt":"2019-06-24T04:37:49","slug":"institut-superieur-des-techniques-agricoles-dombessa","status":"publish","type":"page","link":"https:\/\/www.minesup.gov.cm\/index.php\/centre\/institut-superieur-des-techniques-agricoles-dombessa\/","title":{"rendered":"Institut Sup\u00e9rieur des Techniques Agricoles d\u2019Ombessa"},"content":{"rendered":"<p style=\"text-align: center;\"><strong>INFORMATIONS D\u2019IDENTIFICATION<\/strong><\/p>\n<p style=\"text-align: justify;\"><strong>Nom de l\u2019institution\u00a0<\/strong>: Institut Sup\u00e9rieur des Techniques Agricoles d\u2019Ombessa<br \/>\n<strong>Nom du promoteur<\/strong>\u00a0: ANONG ADIBIME Pascal<br \/>\n<strong>R\u00e9gion\u00a0<\/strong>: Centre<br \/>\n<strong>D\u00e9partement\u00a0<\/strong>: Nyong et Inoubou<br \/>\n<strong>Arrondissement\u00a0<\/strong>: Ombessa<br \/>\n<strong>Site de localisation\u00a0<\/strong>: Guintsing<br \/>\n<strong>Adresse postale<\/strong>\u00a0:<br \/>\n<strong>B.P<\/strong>.\u00a0: 24 Ombessa<br \/>\n<strong>T\u00e9l\u00e9phone\u00a0<\/strong>: 695\u00a0582 202<br \/>\n<strong>Email<\/strong>\u00a0:<br \/>\n<strong>Site web<\/strong>\u00a0:<br \/>\n<strong>Adresse dans les r\u00e9seaux sociaux\u00a0<\/strong>:<\/p>\n<p style=\"text-align: center;\"><strong>INFORMATIONS SUR LE STATUT D\u2019ACCR\u00c9DITATION<\/strong><\/p>\n<p style=\"text-align: justify;\"><strong>Arr\u00eat\u00e9s portant cr\u00e9ation <\/strong>: N\u00b011\/0512\/MINESUP du\u00a0 05 octobre 2011<br \/>\n<strong>Autorisation d\u2019ouverture<\/strong>\u00a0: N\u00b013\/0592\/MINESUP du 02 d\u00e9cembre 2013<\/p>\n<p style=\"text-align: center;\"><strong>FILI\u00c8RES, SP\u00c9CIALIT\u00c9S ET DIPL\u00d4MES AUTORIS\u00c9ES<\/strong><\/p>\n<p style=\"text-align: justify;\"><strong>Dipl\u00f4me\u00a0: BTS<\/strong><br \/>\n<strong><u>Fili\u00e8re 1<\/u><\/strong><strong> : Production Agricole<\/strong><br \/>\n<strong><u>Sp\u00e9cialit\u00e9s<\/u><\/strong> : Production Animale &#8211; Production V\u00e9g\u00e9tale &#8211; Technico-commerciale Agricole &#8211; Agriculture &#8211; Gestion et Ma\u00eetrise de l\u2019Eau &#8211; Informatique de Gestion \u2013 Conseiller Agro-pastoral.<br \/>\n<strong><u>Fili\u00e8re 2<\/u><\/strong><strong> : Agriculture<\/strong><br \/>\n<strong><u>Sp\u00e9cialit\u00e9s<\/u><\/strong> : Conseiller Agropastoral &#8211; Entreprenariat Agropastoral.<br \/>\n<strong><u>Fili\u00e8re 3<\/u><\/strong><strong> : Industrielle et Technologique<\/strong><br \/>\n<u>Sp\u00e9cialit\u00e9<\/u> : G\u00e9om\u00e8tre-Topographe.<\/p>\n","protected":false},"excerpt":{"rendered":"<p>&#46;&#46;&#46;<\/p>\n","protected":false},"author":2,"featured_media":0,"parent":1728,"menu_order":0,"comment_status":"closed","ping_status":"closed","template":"","meta":[],"_links":{"self":[{"href":"https:\/\/www.minesup.gov.cm\/index.php\/wp-json\/wp\/v2\/pages\/7497"}],"collection":[{"href":"https:\/\/www.minesup.gov.cm\/index.php\/wp-json\/wp\/v2\/pages"}],"about":[{"href":"https:\/\/www.minesup.gov.cm\/index.php\/wp-json\/wp\/v2\/types\/page"}],"author":[{"embeddable":true,"href":"https:\/\/www.minesup.gov.cm\/index.php\/wp-json\/wp\/v2\/users\/2"}],"replies":[{"embeddable":true,"href":"https:\/\/www.minesup.gov.cm\/index.php\/wp-json\/wp\/v2\/comments?post=7497"}],"version-history":[{"count":0,"href":"https:\/\/www.minesup.gov.cm\/index.php\/wp-json\/wp\/v2\/pages\/7497\/revisions"}],"up":[{"embeddable":true,"href":"https:\/\/www.minesup.gov.cm\/index.php\/wp-json\/wp\/v2\/pages\/1728"}],"wp:attachment":[{"href":"https:\/\/www.minesup.gov.cm\/index.php\/wp-json\/wp\/v2\/media?parent=7497"}],"curies":[{"name":"wp","href":"https:\/\/api.w.org\/{rel}","templated":true}]}}