{"id":7499,"date":"2019-06-19T14:19:11","date_gmt":"2019-06-19T12:19:11","guid":{"rendered":"https:\/\/minesup.gov.cm\/?page_id=7499"},"modified":"2019-06-24T06:40:22","modified_gmt":"2019-06-24T04:40:22","slug":"institut-superieur-des-technologies-et-de-linnovation","status":"publish","type":"page","link":"https:\/\/www.minesup.gov.cm\/index.php\/centre\/institut-superieur-des-technologies-et-de-linnovation\/","title":{"rendered":"Institut Sup\u00e9rieur des Technologies et de l\u2019Innovation"},"content":{"rendered":"<p style=\"text-align: center;\"><strong>INFORMATIONS D\u2019IDENTIFICATION<\/strong><\/p>\n<p style=\"text-align: justify;\"><strong>Nom de l\u2019institution\u00a0<\/strong>: Institut Sup\u00e9rieur des Technologies et de l\u2019Innovation<br \/>\n<strong>Nom du promoteur<\/strong>\u00a0: Jules ATANGANA<br \/>\n<strong>R\u00e9gion\u00a0<\/strong>: Centre<br \/>\n<strong>D\u00e9partement\u00a0<\/strong>: Mfoundi<br \/>\n<strong>Arrondissement\u00a0<\/strong>: Yaound\u00e9<br \/>\n<strong>Site de localisation\u00a0<\/strong>:<br \/>\n<strong>Adresse postale<\/strong>\u00a0:<br \/>\n<strong>B.P<\/strong>.\u00a0: 14064 Yaound\u00e9<br \/>\n<strong>T\u00e9l\u00e9phone\u00a0<\/strong>: 699\u00a0955\u00a0037 \/ 699\u00a0908 654<br \/>\n<strong>Email<\/strong>\u00a0:<br \/>\n<strong>Site web<\/strong>\u00a0:<br \/>\n<strong>Adresse dans les r\u00e9seaux sociaux\u00a0<\/strong>:<\/p>\n<p style=\"text-align: center;\"><strong>INFORMATIONS SUR LE STATUT D\u2019ACCR\u00c9DITATION<\/strong><\/p>\n<p style=\"text-align: left;\"><strong>Arr\u00eat\u00e9s portant cr\u00e9ation <\/strong>: N\u00b011\/0533\/MINESUP\/SG\/DDES du 05\u00a0octobre 2011<br \/>\n<strong>Autorisation d\u2019ouverture<\/strong>\u00a0: N\u00b012\/0397\/MINESUP du 17 ao\u00fbt 2012<\/p>\n<p style=\"text-align: center;\"><strong>FILI\u00c8RES, SP\u00c9CIALIT\u00c9S ET DIPL\u00d4MES AUTORIS\u00c9ES<\/strong><\/p>\n<p style=\"text-align: left;\"><strong>Dipl\u00f4me\u00a0: BTS<\/strong><br \/>\n<strong><u>Fili\u00e8re<\/u><\/strong><strong> : Industrielle et Technologique<\/strong><br \/>\n<strong><u>Sp\u00e9cialit\u00e9s<\/u><\/strong><strong>\u00a0<\/strong>: G\u00e9nie Civil &#8211; G\u00e9nie M\u00e9canique &#8211; M\u00e9tiers du Bois &#8211; Technologie de l\u2019Information et de la Communication &#8211; Agro-alimentaire.<\/p>\n","protected":false},"excerpt":{"rendered":"<p>&#46;&#46;&#46;<\/p>\n","protected":false},"author":2,"featured_media":0,"parent":1728,"menu_order":0,"comment_status":"closed","ping_status":"closed","template":"","meta":[],"_links":{"self":[{"href":"https:\/\/www.minesup.gov.cm\/index.php\/wp-json\/wp\/v2\/pages\/7499"}],"collection":[{"href":"https:\/\/www.minesup.gov.cm\/index.php\/wp-json\/wp\/v2\/pages"}],"about":[{"href":"https:\/\/www.minesup.gov.cm\/index.php\/wp-json\/wp\/v2\/types\/page"}],"author":[{"embeddable":true,"href":"https:\/\/www.minesup.gov.cm\/index.php\/wp-json\/wp\/v2\/users\/2"}],"replies":[{"embeddable":true,"href":"https:\/\/www.minesup.gov.cm\/index.php\/wp-json\/wp\/v2\/comments?post=7499"}],"version-history":[{"count":0,"href":"https:\/\/www.minesup.gov.cm\/index.php\/wp-json\/wp\/v2\/pages\/7499\/revisions"}],"up":[{"embeddable":true,"href":"https:\/\/www.minesup.gov.cm\/index.php\/wp-json\/wp\/v2\/pages\/1728"}],"wp:attachment":[{"href":"https:\/\/www.minesup.gov.cm\/index.php\/wp-json\/wp\/v2\/media?parent=7499"}],"curies":[{"name":"wp","href":"https:\/\/api.w.org\/{rel}","templated":true}]}}