{"id":7505,"date":"2019-06-19T14:24:19","date_gmt":"2019-06-19T12:24:19","guid":{"rendered":"https:\/\/minesup.gov.cm\/?page_id=7505"},"modified":"2019-06-23T17:30:26","modified_gmt":"2019-06-23T15:30:26","slug":"institut-superieur-kalata-iska","status":"publish","type":"page","link":"https:\/\/www.minesup.gov.cm\/index.php\/centre\/institut-superieur-kalata-iska\/","title":{"rendered":"Institut Sup\u00e9rieur Kalata (ISKA)"},"content":{"rendered":"<p style=\"text-align: center;\"><strong>INFORMATIONS D\u2019IDENTIFICATION<\/strong><\/p>\n<p style=\"text-align: justify;\"><strong>Nom de l\u2019institution\u00a0<\/strong>: Institut Sup\u00e9rieur Kalata (ISKA)<br \/>\n<strong>Nom du promoteur<\/strong>\u00a0: KOUMOU Patrice Arthur<br \/>\n<strong>R\u00e9gion\u00a0<\/strong>: Centre<br \/>\n<strong>D\u00e9partement\u00a0<\/strong>: Mfoundi<br \/>\n<strong>Arrondissement\u00a0<\/strong>: Yaound\u00e9<br \/>\n<strong>Site de localisation <\/strong>: Avenue Kennedy<br \/>\n<strong>Adresse postale<\/strong>\u00a0:<br \/>\n<strong>B.P<\/strong>.\u00a0: &#8211;<br \/>\n<strong>T\u00e9l\u00e9phone\u00a0<\/strong>: 699 154\u00a0157 \/ 654 286 912<br \/>\n<strong>Email<\/strong>\u00a0:<br \/>\n<strong>Site web<\/strong>\u00a0:<br \/>\n<strong>Adresse dans les r\u00e9seaux sociaux\u00a0<\/strong>:<\/p>\n<p style=\"text-align: center;\"><strong>INFORMATIONS SUR LE STATUT D\u2019ACCR\u00c9DITATION<\/strong><\/p>\n<p style=\"text-align: justify;\"><strong>Arr\u00eat\u00e9s portant cr\u00e9ation <\/strong>: N\u00b018-09873\/L\/MINESUP\/SG\/DDES\/SDA\/OPC du 22 novembre 2018<br \/>\n<strong>Autorisation d\u2019ouverture<\/strong>\u00a0: N\u00b018-09873\/L\/MINESUP\/SG\/DDES\/SDA\/OPC du 22 novembre 2018<\/p>\n<p style=\"text-align: center;\"><strong>FILI\u00c8RES, SP\u00c9CIALIT\u00c9S ET DIPL\u00d4MES AUTORIS\u00c9ES<\/strong><\/p>\n<p style=\"text-align: justify;\"><strong>Dipl\u00f4me\u00a0: <\/strong><strong>HND<\/strong><\/p>\n<p style=\"text-align: justify;\"><strong><u>Fili\u00e8re 1<\/u><\/strong><strong>\u00a0: Business, Finance and Management<\/strong><\/p>\n<p style=\"text-align: justify;\"><strong><u>Sp\u00e9cialit\u00e9s<\/u><\/strong><strong>\u00a0: <\/strong>Accountancy &#8211; Banking and Finance &#8211; Insurance &#8211; Management &#8211; Marketing &#8211; Human Resource Management &#8211; Transport and Logistic Management.<\/p>\n<p style=\"text-align: justify;\"><strong><u>Fili\u00e8re 2<\/u><\/strong><strong>\u00a0: Engineering and Technology<\/strong><\/p>\n<p style=\"text-align: justify;\"><strong><u>Sp\u00e9cialit\u00e9s<\/u>\u00a0: <\/strong>Computer Engineering (<u>Option<\/u> : Software Engineering and Computing).<\/p>\n","protected":false},"excerpt":{"rendered":"<p>&#46;&#46;&#46;<\/p>\n","protected":false},"author":2,"featured_media":0,"parent":1728,"menu_order":0,"comment_status":"closed","ping_status":"closed","template":"","meta":[],"_links":{"self":[{"href":"https:\/\/www.minesup.gov.cm\/index.php\/wp-json\/wp\/v2\/pages\/7505"}],"collection":[{"href":"https:\/\/www.minesup.gov.cm\/index.php\/wp-json\/wp\/v2\/pages"}],"about":[{"href":"https:\/\/www.minesup.gov.cm\/index.php\/wp-json\/wp\/v2\/types\/page"}],"author":[{"embeddable":true,"href":"https:\/\/www.minesup.gov.cm\/index.php\/wp-json\/wp\/v2\/users\/2"}],"replies":[{"embeddable":true,"href":"https:\/\/www.minesup.gov.cm\/index.php\/wp-json\/wp\/v2\/comments?post=7505"}],"version-history":[{"count":0,"href":"https:\/\/www.minesup.gov.cm\/index.php\/wp-json\/wp\/v2\/pages\/7505\/revisions"}],"up":[{"embeddable":true,"href":"https:\/\/www.minesup.gov.cm\/index.php\/wp-json\/wp\/v2\/pages\/1728"}],"wp:attachment":[{"href":"https:\/\/www.minesup.gov.cm\/index.php\/wp-json\/wp\/v2\/media?parent=7505"}],"curies":[{"name":"wp","href":"https:\/\/api.w.org\/{rel}","templated":true}]}}