{"id":7513,"date":"2019-06-19T14:29:10","date_gmt":"2019-06-19T12:29:10","guid":{"rendered":"https:\/\/minesup.gov.cm\/?page_id=7513"},"modified":"2019-06-24T09:40:35","modified_gmt":"2019-06-24T07:40:35","slug":"institut-superieur-polytechnique","status":"publish","type":"page","link":"https:\/\/www.minesup.gov.cm\/index.php\/centre\/institut-superieur-polytechnique\/","title":{"rendered":"Institut Sup\u00e9rieur Polytechnique"},"content":{"rendered":"<p style=\"text-align: center;\"><strong>INFORMATIONS D\u2019IDENTIFICATION<\/strong><\/p>\n<p style=\"text-align: justify;\"><strong>Nom de l\u2019institution\u00a0<\/strong>: Institut Sup\u00e9rieur Polytechnique<br \/>\n<strong>Nom du promoteur<\/strong>\u00a0: EDJO Furmain<br \/>\n<strong>R\u00e9gion\u00a0<\/strong>: Centre<br \/>\n<strong>D\u00e9partement\u00a0<\/strong>: Mfoundi<br \/>\n<strong>Arrondissement\u00a0<\/strong>: Yaound\u00e9 IV<br \/>\n<strong>Site de localisation\u00a0<\/strong>: Descente Kondengui<br \/>\n<strong>Adresse postale<\/strong>\u00a0:<br \/>\n<strong>B.P<\/strong>. : 14570 Yaound\u00e9<br \/>\n<strong>T\u00e9l\u00e9phone<\/strong>: 697\u00a0504 588<br \/>\n<strong>Email<\/strong>\u00a0:<br \/>\n<strong>Site web<\/strong>\u00a0:<br \/>\n<strong>Adresse dans les r\u00e9seaux sociaux\u00a0<\/strong>:<\/p>\n<p style=\"text-align: center;\"><strong>INFORMATIONS SUR LE STATUT D\u2019ACCR\u00c9DITATION<\/strong><\/p>\n<p style=\"text-align: justify;\"><strong>Arr\u00eat\u00e9s portant cr\u00e9ation <\/strong>: N\u00b011\/0505\/MINESUP\/SG\/DDES du 05octobre 2011<br \/>\n<strong>Autorisation d\u2019ouverture<\/strong>: N\u00b012\/0359\/MINESUP du 17 ao\u00fbt 2012<\/p>\n<p style=\"text-align: center;\"><strong>FILI\u00c8RES, SP\u00c9CIALIT\u00c9S ET DIPL\u00d4MES AUTORIS\u00c9ES<\/strong><\/p>\n<p style=\"text-align: justify;\"><strong>Dipl\u00f4me\u00a0: BTS<\/strong><br \/>\n<strong><u>Fili\u00e8re 1<\/u><\/strong><strong>\u00a0:<\/strong><strong> Commerciale et de Gestion<\/strong><br \/>\n<strong><u>Sp\u00e9cialit\u00e9s<\/u><\/strong><strong>\u00a0<\/strong>: Comptabilit\u00e9 et Gestion des Entreprises\u00a0&#8211; Banque\u00a0&#8211;\u00a0 Action Commerciale &#8211; Secr\u00e9tariat et Bureautique (<em><u>Options<\/u><\/em>\u00a0: Secr\u00e9tariat de Direction\u00a0; Secr\u00e9tariat et Bureautique Bilingue) &#8211; Commerce International &#8211; Informatique de Gestion &#8211; Gestion Logistique et Transport.<br \/>\n<strong><u>Fili\u00e8re 2<\/u><\/strong><strong>\u00a0:<\/strong><strong> Communication<\/strong><br \/>\n<strong><u>Sp\u00e9cialit\u00e9<\/u><\/strong><strong>\u00a0<\/strong>: Information-Communication (<em><u>Options<\/u><\/em><strong>\u00a0<\/strong>: Communication d\u2019Entreprise<strong>\u00a0<\/strong>; Journalisme).<br \/>\n<strong><u>Fili\u00e8re 3<\/u><\/strong><strong>\u00a0:<\/strong><strong> Industrielle et Technologique<\/strong><br \/>\n<strong><u>Sp\u00e9cialit\u00e9s<\/u><\/strong><strong>\u00a0<\/strong>: Maintenance des Syst\u00e8mes Informatiques &#8211; G\u00e9nie Electrique (<em><u>Options<\/u><\/em><strong>\u00a0:<\/strong> Electronique\u00a0; Electrotechnique\u00a0; Froid et Climatisation) &#8211; G\u00e9nie M\u00e9canique (<em><u>Option<\/u><\/em><strong>\u00a0<\/strong>: Maintenance et Apr\u00e8s-Vente Automobile) &#8211; Informatique Industrielle &#8211; G\u00e9nie Civil (<em><u>Options<\/u><\/em>\u00a0: B\u00e2timent\u00a0; Travaux Publics)<br \/>\n<strong><u>Fili\u00e8re 4<\/u><\/strong><strong>\u00a0: Touristique et sociale<\/strong><br \/>\n<strong><u>Sp\u00e9cialit\u00e9s<\/u><\/strong>\u00a0: Economie Sociale et Familiale -Tourisme et Loisirs &#8211; H\u00f4tellerie et Restauration.<br \/>\n<strong>Dipl\u00f4me\u00a0: DSEP<\/strong><br \/>\n<strong><u>Fili\u00e8re 1<\/u><\/strong><strong>\u00a0: Comptabilit\u00e9 et Finance<\/strong><br \/>\n<strong><u>Fili\u00e8re 2<\/u><\/strong><strong>\u00a0: Gestion des Entreprises et des Organisations<\/strong><br \/>\n<strong><u>Sp\u00e9cialit\u00e9<\/u><\/strong>\u00a0: Gestion des Ressources Humaines<br \/>\n<strong><u>Fili\u00e8re 3<\/u><\/strong><strong>\u00a0: G\u00e9nie Electrique et T\u00e9l\u00e9communications<\/strong><br \/>\n<strong><u>Sp\u00e9cialit\u00e9<\/u><\/strong>\u00a0: &#8211; T\u00e9l\u00e9communications et R\u00e9seaux<\/p>\n<p style=\"text-align: justify;\"><strong>\u00a0<\/strong><\/p>\n","protected":false},"excerpt":{"rendered":"<p>&#46;&#46;&#46;<\/p>\n","protected":false},"author":2,"featured_media":0,"parent":1728,"menu_order":0,"comment_status":"closed","ping_status":"closed","template":"","meta":[],"_links":{"self":[{"href":"https:\/\/www.minesup.gov.cm\/index.php\/wp-json\/wp\/v2\/pages\/7513"}],"collection":[{"href":"https:\/\/www.minesup.gov.cm\/index.php\/wp-json\/wp\/v2\/pages"}],"about":[{"href":"https:\/\/www.minesup.gov.cm\/index.php\/wp-json\/wp\/v2\/types\/page"}],"author":[{"embeddable":true,"href":"https:\/\/www.minesup.gov.cm\/index.php\/wp-json\/wp\/v2\/users\/2"}],"replies":[{"embeddable":true,"href":"https:\/\/www.minesup.gov.cm\/index.php\/wp-json\/wp\/v2\/comments?post=7513"}],"version-history":[{"count":0,"href":"https:\/\/www.minesup.gov.cm\/index.php\/wp-json\/wp\/v2\/pages\/7513\/revisions"}],"up":[{"embeddable":true,"href":"https:\/\/www.minesup.gov.cm\/index.php\/wp-json\/wp\/v2\/pages\/1728"}],"wp:attachment":[{"href":"https:\/\/www.minesup.gov.cm\/index.php\/wp-json\/wp\/v2\/media?parent=7513"}],"curies":[{"name":"wp","href":"https:\/\/api.w.org\/{rel}","templated":true}]}}